{"id":831,"date":"2017-01-14T18:43:52","date_gmt":"2017-01-14T18:43:52","guid":{"rendered":"http:\/\/pansion-ivan.com\/?page_id=831"},"modified":"2021-05-11T14:21:53","modified_gmt":"2021-05-11T14:21:53","slug":"terms-and-conditions","status":"publish","type":"page","link":"https:\/\/pansion-ivan.com\/hr\/terms-and-conditions\/","title":{"rendered":"Uvjeti kori\u0161tenja"},"content":{"rendered":"<p>[vc_row full_width=&#8221;stretch_row_content_no_spaces&#8221; css=&#8221;.vc_custom_1620742600860{background-image: url(http:\/\/pansion-ivan.com\/wp-content\/uploads\/2017\/01\/TERMS-Cover.jpg?id=1001) !important;background-position: center !important;background-repeat: no-repeat !important;background-size: cover !important;}&#8221;][vc_column][vc_empty_space height=&#8221;200px&#8221;][vc_column_text css_animation=&#8221;fadeInLeft&#8221;]<\/p>\n<h1 style=\"text-align: center;\"><span style=\"color: #ffffff;\">Uvjeti kori\u0161tenja<\/span><\/h1>\n<p>[\/vc_column_text][vc_empty_space height=&#8221;200px&#8221;][\/vc_column][\/vc_row][vc_row][vc_column][vc_empty_space][\/vc_column][\/vc_row][vc_row][vc_column width=&#8221;1\/4&#8243;][\/vc_column][vc_column width=&#8221;1\/2&#8243;][vc_column_text]<\/p>\n<h2 style=\"text-align: center;\">Uvjeti kori\u0161tenja<\/h2>\n<p>[\/vc_column_text][\/vc_column][vc_column width=&#8221;1\/4&#8243;][\/vc_column][\/vc_row][vc_row][vc_column width=&#8221;1\/6&#8243;][\/vc_column][vc_column width=&#8221;2\/3&#8243;][vc_column_text]<\/p>\n<h3 style=\"text-align: center;\">01 Dolazak i odlazak<\/h3>\n<p>[\/vc_column_text][vc_column_text]<\/p>\n<p style=\"text-align: center;\">1)\u00a0Vrijeme dolaska na dan dolaska kre\u0107e od 12:00 sati.<\/p>\n<p style=\"text-align: center;\">(2) Vrijeme odlaska na dan odlaska je najkasnije u 10:00 sati.<\/p>\n<p>[\/vc_column_text][\/vc_column][vc_column width=&#8221;1\/6&#8243;][\/vc_column][\/vc_row][vc_row][vc_column width=&#8221;1\/6&#8243;][\/vc_column][vc_column width=&#8221;2\/3&#8243;][vc_separator color=&#8221;violet&#8221; style=&#8221;shadow&#8221; border_width=&#8221;2&#8243;][\/vc_column][vc_column width=&#8221;1\/6&#8243;][\/vc_column][\/vc_row][vc_row][vc_column width=&#8221;1\/6&#8243;][\/vc_column][vc_column width=&#8221;2\/3&#8243;][vc_column_text]<\/p>\n<h3 style=\"text-align: center;\">02 Maksimalan broj osoba<\/h3>\n<p>[\/vc_column_text][vc_column_text]<\/p>\n<p style=\"text-align: center;\">(1) Maksimalan broj gostiju za na\u0161e sobe i studio apartmane ograni\u010den je na 2-3 osobe. Maksimalan broj gostiju na\u0161e ku\u0107e za odmor je ograni\u010den na 5 osoba.<\/p>\n<p>[\/vc_column_text][\/vc_column][vc_column width=&#8221;1\/6&#8243;][\/vc_column][\/vc_row][vc_row][vc_column width=&#8221;1\/6&#8243;][\/vc_column][vc_column width=&#8221;2\/3&#8243;][vc_separator color=&#8221;violet&#8221; style=&#8221;shadow&#8221; border_width=&#8221;2&#8243;][\/vc_column][vc_column width=&#8221;1\/6&#8243;][\/vc_column][\/vc_row][vc_row][vc_column width=&#8221;1\/6&#8243;][\/vc_column][vc_column width=&#8221;2\/3&#8243;][vc_column_text]<\/p>\n<h3 style=\"text-align: center;\">03\u00a0Cijene najma i na\u010dini pla\u0107anja<\/h3>\n<p>[\/vc_column_text][vc_column_text]<\/p>\n<p style=\"text-align: center;\">(1) Dobit \u0107ete potvrdu o rezervaciji nakon \u0161to prijava bude odobrena i obra\u0111en po\u010detni ili puni iznos pla\u0107anja. Polog se pla\u0107a u visini od 20% od ukupne cijene najma (vrijedi samo za sobe) te \u0107e biti napla\u0107en prilikom rezervacije smje\u0161taja. U slu\u010daju na\u0161eg otkazivanja Va\u0161e rezervacije, Va\u0161 upla\u0107eni novac \u0107e Vam biti u potpunosti vra\u0107en.<br \/>\n(2) Nakon \u0161to je rezervacija primljena i prihva\u0107ena s na\u0161e strane, gost je odgovoran za isplatu ostatka iznosa najamnine na dan dolaska. U slu\u010daju nepla\u0107anja u predvi\u0111enom roku, imamo pravo raskinuti ugovor odmah i bez prethodne najave te iznajmiti smje\u0161taj nekome drugome.<br \/>\n(3) Cijene najma uklju\u010duju boravi\u0161nu pristojbu, zavr\u0161no \u010di\u0161\u0107enje, ru\u010dnike, posteljinu, klima ure\u0111aj te tro\u0161kove usluga. Dodatne usluge se pla\u0107aju na licu mjesta.<br \/>\n(4) Pla\u0107anje se prihva\u0107aju u citiranom valuti (\u20ac), osim ako je druga valuta izri\u010dito ugovorena unaprijed. Primamo uplate putem bankovnog transfera ili gotovinom. Ne podr\u017eavamo pla\u0107anje kreditnom karticom.<br \/>\n(5) Cijene mogu biti podlo\u017ene promjenama prilikom dogovora.<\/p>\n<p>[\/vc_column_text][\/vc_column][vc_column width=&#8221;1\/6&#8243;][\/vc_column][\/vc_row][vc_row][vc_column width=&#8221;1\/6&#8243;][\/vc_column][vc_column width=&#8221;2\/3&#8243;][vc_separator color=&#8221;violet&#8221; style=&#8221;shadow&#8221; border_width=&#8221;2&#8243;][\/vc_column][vc_column width=&#8221;1\/6&#8243;][\/vc_column][\/vc_row][vc_row][vc_column width=&#8221;1\/6&#8243;][\/vc_column][vc_column width=&#8221;2\/3&#8243;][vc_column_text]<\/p>\n<h3 style=\"text-align: center;\">04 Otkazivanje i prijevremeni raskid rezervacije<\/h3>\n<p>[\/vc_column_text][vc_column_text]<\/p>\n<p style=\"text-align: center;\">(1) Ako gost raskine ugovor prije nego \u0161to zapo\u010dne rezervirani najam na\u0161eg smje\u0161taja te ne da valjani razlog za tu akciju, odgovoran je za pla\u0107anje sljede\u0107ih postotoaka cijene za pokrivanje nastalih tro\u0161kova (npr. \u010di\u0161\u0107enje), sve dok se ne ostvari novi najam smje\u0161tajne jedinice:<\/p>\n<p>[\/vc_column_text][vc_row_inner][vc_column_inner width=&#8221;1\/6&#8243;][\/vc_column_inner][vc_column_inner width=&#8221;2\/3&#8243;][vc_column_text]<\/p>\n<p><center>\n<table id=\"tablepress-6\" class=\"tablepress tablepress-id-6\">\n<thead>\n<tr class=\"row-1 odd\">\n\t<th class=\"column-1\"><center>OTKAZIVANJE REZERVACIJE<\/center><\/th><th class=\"column-2\">&nbsp;<\/th>\n<\/tr>\n<\/thead>\n<tbody class=\"row-hover\">\n<tr class=\"row-2 even\">\n\t<td class=\"column-1\"><center>30 do 15 dana prije dolaska<\/center><\/td><td class=\"column-2\"><center>50 % cijene najma<\/center><\/td>\n<\/tr>\n<tr class=\"row-3 odd\">\n\t<td class=\"column-1\"><center>15 do 7 dana prije dolaska<\/center><\/td><td class=\"column-2\"><center>75 % cijene najma<\/center><\/td>\n<\/tr>\n<tr class=\"row-4 even\">\n\t<td class=\"column-1\"><center>dana i manje prije dolaska<\/center><\/td><td class=\"column-2\"><center>80 % cijene najma<\/center><\/td>\n<\/tr>\n<\/tbody>\n<\/table>\n<!-- #tablepress-6 from cache --><\/center>[\/vc_column_text][\/vc_column_inner][vc_column_inner width=&#8221;1\/6&#8243;][\/vc_column_inner][\/vc_row_inner][vc_row_inner][vc_column_inner][vc_column_text]<\/p>\n<p style=\"text-align: center;\">Nakon toga, mo\u017eemo prepustiti najam sobe\/apartmana novoj stranci.<br \/>\n(2) Gost mo\u017ee dokazati manju \u0161tetu u bilo kojem trenutku.<br \/>\n(3) Ako je gost otka\u017ee svoju rezervaciju rano, oni su i dalje odgovorni platiti punu cijenu najma.<br \/>\n(4) Otkazivanja se prihva\u0107aju samo u pisanom obliku. Datum primjene je od dana kada je dokument stigao kod nas.<br \/>\n(5) Putno osiguranje je vrlo preporu\u010dljivo.<\/p>\n<p>[\/vc_column_text][\/vc_column_inner][\/vc_row_inner][\/vc_column][vc_column width=&#8221;1\/6&#8243;][\/vc_column][\/vc_row][vc_row][vc_column width=&#8221;1\/6&#8243;][\/vc_column][vc_column width=&#8221;2\/3&#8243;][vc_separator color=&#8221;violet&#8221; style=&#8221;shadow&#8221; border_width=&#8221;2&#8243;][\/vc_column][vc_column width=&#8221;1\/6&#8243;][\/vc_column][\/vc_row][vc_row][vc_column width=&#8221;1\/6&#8243;][\/vc_column][vc_column width=&#8221;2\/3&#8243;][vc_column_text]<\/p>\n<h3 style=\"text-align: center;\">05 Jamstvo i odgovornosti gosta<\/h3>\n<p>[\/vc_column_text][vc_column_text]<\/p>\n<p style=\"text-align: center;\">(1) Unajmljeni posjed (uklj. namje\u0161taj i druge sadr\u017eaje) moraju biti tretirani s pa\u017enjom. Gost je odgovoran za postupke drugih ljudi unutar ku\u0107e. Gost je odgovoran za sve o\u0161te\u0107ene robe, \u0161tete na imovini ili bilo \u0161to drugo u vezi s imovinom, da li zbog sebe ili svojih prate\u0107ih gostiju.<br \/>\n(2) Pogre\u0161ke koje se na\u0111u prije ili tijekom perioda najma se trebaju odmah prijaviti nama.<br \/>\n(3) \u017divotinje su dopu\u0161tene samo ako je to dogovoreno unaprijed.<br \/>\n(4) Pu\u0161enje je dozvoljeno samo vani (zabranjeno unutar smje\u0161tajne jedinice).<br \/>\n(5) Ku\u0107ni red: gost se obvezuje da \u0107e se pridr\u017eavati ku\u0107nog reda koji se nalazi u svakoj smje\u0161tajnoj jedinici.<\/p>\n<p>[\/vc_column_text][\/vc_column][vc_column width=&#8221;1\/6&#8243;][\/vc_column][\/vc_row][vc_row][vc_column width=&#8221;1\/6&#8243;][\/vc_column][vc_column width=&#8221;2\/3&#8243;][vc_separator color=&#8221;violet&#8221; style=&#8221;shadow&#8221; border_width=&#8221;2&#8243;][\/vc_column][vc_column width=&#8221;1\/6&#8243;][\/vc_column][\/vc_row][vc_row][vc_column width=&#8221;1\/6&#8243;][\/vc_column][vc_column width=&#8221;2\/3&#8243;][vc_column_text]Ako su neki od zakonskih uvjeta ovih odredbi neupotrebljivi ili neprakti\u010dni, ili ukoliko postanu takvi u budu\u0107nosti, spomenuti ne\u0107e biti provedeni.<\/p>\n<p style=\"text-align: left;\">Pansion Ivan, Starigrad-Paklenica 2014<\/p>\n<p>[\/vc_column_text][\/vc_column][vc_column width=&#8221;1\/6&#8243;][\/vc_column][\/vc_row][vc_row][vc_column width=&#8221;1\/6&#8243;][\/vc_column][vc_column width=&#8221;2\/3&#8243;][vc_separator color=&#8221;violet&#8221; style=&#8221;shadow&#8221; border_width=&#8221;2&#8243;][\/vc_column][vc_column width=&#8221;1\/6&#8243;][\/vc_column][\/vc_row][vc_row][vc_column][vc_column_text]<\/p>\n<p style=\"text-align: center;\"><strong><span style=\"color: #993366;\">Molimo kontaktirajte nas ako imate bilo kakvih pitanja ili zahtjeve. Veselimo se Va\u0161em javljanju!<\/span><\/strong><\/p>\n<p>[\/vc_column_text][\/vc_column][\/vc_row][vc_row full_width=&#8221;stretch_row_content&#8221;][vc_column width=&#8221;1\/4&#8243;][\/vc_column][vc_column width=&#8221;1\/2&#8243; css=&#8221;.vc_custom_1484421822010{background-color: #e4ead5 !important;}&#8221;]<div role=\"form\" class=\"wpcf7\" id=\"wpcf7-f493-o1\" lang=\"en-US\" dir=\"ltr\">\n<div class=\"screen-reader-response\"><p role=\"status\" aria-live=\"polite\" aria-atomic=\"true\"><\/p> <ul><\/ul><\/div>\n<form action=\"\/hr\/wp-json\/wp\/v2\/pages\/831#wpcf7-f493-o1\" method=\"post\" class=\"wpcf7-form init\" novalidate=\"novalidate\" data-status=\"init\">\n<div style=\"display: none;\">\n<input type=\"hidden\" name=\"_wpcf7\" value=\"493\" \/>\n<input type=\"hidden\" name=\"_wpcf7_version\" value=\"5.4.1\" \/>\n<input type=\"hidden\" name=\"_wpcf7_locale\" value=\"en_US\" \/>\n<input type=\"hidden\" name=\"_wpcf7_unit_tag\" value=\"wpcf7-f493-o1\" \/>\n<input type=\"hidden\" name=\"_wpcf7_container_post\" value=\"0\" \/>\n<input type=\"hidden\" name=\"_wpcf7_posted_data_hash\" value=\"\" \/>\n<input type=\"hidden\" name=\"_wpcf7_recaptcha_response\" value=\"\" \/>\n<\/div>\n<p><center>\n<p>Va\u0161e ime (obavezno)<br \/>\n    <span class=\"wpcf7-form-control-wrap your-name\"><input type=\"text\" name=\"your-name\" value=\"\" size=\"40\" class=\"wpcf7-form-control wpcf7-text wpcf7-validates-as-required\" aria-required=\"true\" aria-invalid=\"false\" \/><\/span> <\/p>\n<p>Va\u0161 email (obavezno)<br \/>\n    <span class=\"wpcf7-form-control-wrap your-email\"><input type=\"email\" name=\"your-email\" value=\"\" size=\"40\" class=\"wpcf7-form-control wpcf7-text wpcf7-email wpcf7-validates-as-required wpcf7-validates-as-email\" aria-required=\"true\" aria-invalid=\"false\" \/><\/span> <\/p>\n<p>Predmet<br \/>\n    <span class=\"wpcf7-form-control-wrap your-subject\"><input type=\"text\" name=\"your-subject\" value=\"\" size=\"40\" class=\"wpcf7-form-control wpcf7-text\" aria-invalid=\"false\" \/><\/span> <\/p>\n<p>Va\u0161a poruka<br \/>\n    <span class=\"wpcf7-form-control-wrap your-message\"><textarea name=\"your-message\" cols=\"40\" rows=\"10\" class=\"wpcf7-form-control wpcf7-textarea\" aria-invalid=\"false\"><\/textarea><\/span> <\/p>\n\n<p><input type=\"submit\" value=\"Po\u0161alji\" class=\"wpcf7-form-control wpcf7-submit\" \/><\/p>\n<p><\/center><\/p>\n<div class=\"wpcf7-response-output\" aria-hidden=\"true\"><\/div><\/form><\/div>[\/vc_column][vc_column width=&#8221;1\/4&#8243;][\/vc_column][\/vc_row][vc_row][vc_column width=&#8221;1\/6&#8243;][\/vc_column][vc_column width=&#8221;2\/3&#8243;][vc_separator color=&#8221;violet&#8221; style=&#8221;shadow&#8221; border_width=&#8221;2&#8243;][\/vc_column][vc_column width=&#8221;1\/6&#8243;][\/vc_column][\/vc_row][vc_row][vc_column width=&#8221;1\/3&#8243;][\/vc_column][vc_column width=&#8221;1\/3&#8243;][vc_column_text]<\/p>\n<h3 style=\"text-align: center;\">Pogledajte na\u0161 smje\u0161taj:<\/h3>\n<p>[\/vc_column_text][vc_btn title=&#8221;SOBE&#8221; style=&#8221;gradient&#8221; gradient_color_1=&#8221;green&#8221; gradient_color_2=&#8221;vista-blue&#8221; align=&#8221;center&#8221; button_block=&#8221;true&#8221; link=&#8221;url:https%3A%2F%2Fpansion-ivan.com%2Fhr%2Frooms%2F&#8221;][vc_btn title=&#8221;STUDIO APARTMANI&#8221; style=&#8221;gradient&#8221; gradient_color_1=&#8221;green&#8221; gradient_color_2=&#8221;vista-blue&#8221; align=&#8221;center&#8221; button_block=&#8221;true&#8221; link=&#8221;url:https%3A%2F%2Fpansion-ivan.com%2Fhr%2Fstudio-apartments%2F&#8221;][vc_btn title=&#8221;KU\u0106A ZA ODMOR&#8221; style=&#8221;gradient&#8221; gradient_color_1=&#8221;green&#8221; gradient_color_2=&#8221;vista-blue&#8221; align=&#8221;center&#8221; button_block=&#8221;true&#8221; link=&#8221;url:https%3A%2F%2Fpansion-ivan.com%2Fhr%2Fholiday-home%2F&#8221;][\/vc_column][vc_column width=&#8221;1\/3&#8243;][\/vc_column][\/vc_row][vc_row][vc_column width=&#8221;1\/6&#8243;][\/vc_column][vc_column width=&#8221;2\/3&#8243;][vc_separator color=&#8221;violet&#8221; style=&#8221;shadow&#8221; border_width=&#8221;2&#8243;][\/vc_column][vc_column width=&#8221;1\/6&#8243;][\/vc_column][\/vc_row]<\/p>\n","protected":false},"excerpt":{"rendered":"<p>[vc_row full_width=&#8221;stretch_row_content_no_spaces&#8221; css=&#8221;.vc_custom_1620742600860{background-image: url(http:\/\/pansion-ivan.com\/wp-content\/uploads\/2017\/01\/TERMS-Cover.jpg?id=1001) !important;background-position: center !important;background-repeat: no-repeat !important;background-size: cover !important;}&#8221;][vc_column][vc_empty_space height=&#8221;200px&#8221;][vc_column_text css_animation=&#8221;fadeInLeft&#8221;] Uvjeti kori\u0161tenja [\/vc_column_text][vc_empty_space height=&#8221;200px&#8221;][\/vc_column][\/vc_row][vc_row][vc_column][vc_empty_space][\/vc_column][\/vc_row][vc_row][vc_column width=&#8221;1\/4&#8243;][\/vc_column][vc_column width=&#8221;1\/2&#8243;][vc_column_text] Uvjeti kori\u0161tenja [\/vc_column_text][\/vc_column][vc_column width=&#8221;1\/4&#8243;][\/vc_column][\/vc_row][vc_row][vc_column width=&#8221;1\/6&#8243;][\/vc_column][vc_column width=&#8221;2\/3&#8243;][vc_column_text] 01 Dolazak i odlazak [\/vc_column_text][vc_column_text] 1)\u00a0Vrijeme dolaska na dan dolaska kre\u0107e od 12:00 sati. (2) Vrijeme odlaska na dan odlaska je najkasnije u 10:00 sati. [\/vc_column_text][\/vc_column][vc_column width=&#8221;1\/6&#8243;][\/vc_column][\/vc_row][vc_row][vc_column width=&#8221;1\/6&#8243;][\/vc_column][vc_column width=&#8221;2\/3&#8243;][vc_separator color=&#8221;violet&#8221; [&hellip;]<\/p>\n","protected":false},"author":1,"featured_media":0,"parent":0,"menu_order":0,"comment_status":"closed","ping_status":"closed","template":"","meta":{"_monsterinsights_skip_tracking":false,"_monsterinsights_sitenote_active":false,"_monsterinsights_sitenote_note":"","_monsterinsights_sitenote_category":0},"yoast_head":"<!-- This site is optimized with the Yoast SEO plugin v16.6.1 - https:\/\/yoast.com\/wordpress\/plugins\/seo\/ -->\n<title>Uvjeti kori\u0161tenja - Pansion Ivan<\/title>\n<meta name=\"robots\" content=\"index, follow, max-snippet:-1, max-image-preview:large, max-video-preview:-1\" \/>\n<link rel=\"canonical\" href=\"https:\/\/pansion-ivan.com\/terms-and-conditions\/\" \/>\n<meta property=\"og:locale\" content=\"hr_HR\" \/>\n<meta property=\"og:type\" content=\"article\" \/>\n<meta property=\"og:title\" content=\"Uvjeti kori\u0161tenja - Pansion Ivan\" \/>\n<meta property=\"og:description\" content=\"[vc_row full_width=&#8221;stretch_row_content_no_spaces&#8221; css=&#8221;.vc_custom_1620742600860{background-image: url(http:\/\/pansion-ivan.com\/wp-content\/uploads\/2017\/01\/TERMS-Cover.jpg?id=1001) !important;background-position: center !important;background-repeat: no-repeat !important;background-size: cover !important;}&#8221;][vc_column][vc_empty_space height=&#8221;200px&#8221;][vc_column_text css_animation=&#8221;fadeInLeft&#8221;] Uvjeti kori\u0161tenja [\/vc_column_text][vc_empty_space height=&#8221;200px&#8221;][\/vc_column][\/vc_row][vc_row][vc_column][vc_empty_space][\/vc_column][\/vc_row][vc_row][vc_column width=&#8221;1\/4&#8243;][\/vc_column][vc_column width=&#8221;1\/2&#8243;][vc_column_text] Uvjeti kori\u0161tenja [\/vc_column_text][\/vc_column][vc_column width=&#8221;1\/4&#8243;][\/vc_column][\/vc_row][vc_row][vc_column width=&#8221;1\/6&#8243;][\/vc_column][vc_column width=&#8221;2\/3&#8243;][vc_column_text] 01 Dolazak i odlazak [\/vc_column_text][vc_column_text] 1)\u00a0Vrijeme dolaska na dan dolaska kre\u0107e od 12:00 sati. (2) Vrijeme odlaska na dan odlaska je najkasnije u 10:00 sati. [\/vc_column_text][\/vc_column][vc_column width=&#8221;1\/6&#8243;][\/vc_column][\/vc_row][vc_row][vc_column width=&#8221;1\/6&#8243;][\/vc_column][vc_column width=&#8221;2\/3&#8243;][vc_separator color=&#8221;violet&#8221; [&hellip;]\" \/>\n<meta property=\"og:url\" content=\"https:\/\/pansion-ivan.com\/terms-and-conditions\/\" \/>\n<meta property=\"og:site_name\" content=\"Pansion Ivan\" \/>\n<meta property=\"article:modified_time\" content=\"2021-05-11T14:21:53+00:00\" \/>\n<meta name=\"twitter:card\" content=\"summary_large_image\" \/>\n<meta name=\"twitter:label1\" content=\"Procijenjeno vrijeme \u010ditanja\" \/>\n\t<meta name=\"twitter:data1\" content=\"6 minuta\" \/>\n<script type=\"application\/ld+json\" class=\"yoast-schema-graph\">{\"@context\":\"https:\/\/schema.org\",\"@graph\":[{\"@type\":\"WebSite\",\"@id\":\"https:\/\/pansion-ivan.com\/#website\",\"url\":\"https:\/\/pansion-ivan.com\/\",\"name\":\"Pansion Ivan\",\"description\":\"Starigrad Paklenica\",\"potentialAction\":[{\"@type\":\"SearchAction\",\"target\":{\"@type\":\"EntryPoint\",\"urlTemplate\":\"https:\/\/pansion-ivan.com\/?s={search_term_string}\"},\"query-input\":\"required name=search_term_string\"}],\"inLanguage\":\"hr\"},{\"@type\":\"WebPage\",\"@id\":\"https:\/\/pansion-ivan.com\/terms-and-conditions\/#webpage\",\"url\":\"https:\/\/pansion-ivan.com\/terms-and-conditions\/\",\"name\":\"Uvjeti kori\\u0161tenja - Pansion Ivan\",\"isPartOf\":{\"@id\":\"https:\/\/pansion-ivan.com\/#website\"},\"datePublished\":\"2017-01-14T18:43:52+00:00\",\"dateModified\":\"2021-05-11T14:21:53+00:00\",\"breadcrumb\":{\"@id\":\"https:\/\/pansion-ivan.com\/terms-and-conditions\/#breadcrumb\"},\"inLanguage\":\"hr\",\"potentialAction\":[{\"@type\":\"ReadAction\",\"target\":[\"https:\/\/pansion-ivan.com\/terms-and-conditions\/\"]}]},{\"@type\":\"BreadcrumbList\",\"@id\":\"https:\/\/pansion-ivan.com\/terms-and-conditions\/#breadcrumb\",\"itemListElement\":[{\"@type\":\"ListItem\",\"position\":1,\"name\":\"Home\",\"item\":\"https:\/\/pansion-ivan.com\/\"},{\"@type\":\"ListItem\",\"position\":2,\"name\":\"Terms and Conditions\"}]}]}<\/script>\n<!-- \/ Yoast SEO plugin. -->","_links":{"self":[{"href":"https:\/\/pansion-ivan.com\/hr\/wp-json\/wp\/v2\/pages\/831"}],"collection":[{"href":"https:\/\/pansion-ivan.com\/hr\/wp-json\/wp\/v2\/pages"}],"about":[{"href":"https:\/\/pansion-ivan.com\/hr\/wp-json\/wp\/v2\/types\/page"}],"author":[{"embeddable":true,"href":"https:\/\/pansion-ivan.com\/hr\/wp-json\/wp\/v2\/users\/1"}],"replies":[{"embeddable":true,"href":"https:\/\/pansion-ivan.com\/hr\/wp-json\/wp\/v2\/comments?post=831"}],"version-history":[{"count":27,"href":"https:\/\/pansion-ivan.com\/hr\/wp-json\/wp\/v2\/pages\/831\/revisions"}],"predecessor-version":[{"id":1533,"href":"https:\/\/pansion-ivan.com\/hr\/wp-json\/wp\/v2\/pages\/831\/revisions\/1533"}],"wp:attachment":[{"href":"https:\/\/pansion-ivan.com\/hr\/wp-json\/wp\/v2\/media?parent=831"}],"curies":[{"name":"wp","href":"https:\/\/api.w.org\/{rel}","templated":true}]}}