{"id":826,"date":"2017-01-14T17:32:46","date_gmt":"2017-01-14T17:32:46","guid":{"rendered":"http:\/\/pansion-ivan.com\/?page_id=826"},"modified":"2021-05-11T13:54:22","modified_gmt":"2021-05-11T13:54:22","slug":"holiday-home","status":"publish","type":"page","link":"https:\/\/pansion-ivan.com\/hr\/holiday-home\/","title":{"rendered":"Ku\u0107a za odmor"},"content":{"rendered":"<p>[vc_row full_width=&#8221;stretch_row_content_no_spaces&#8221; css=&#8221;.vc_custom_1620741073879{background-image: url(http:\/\/pansion-ivan.com\/wp-content\/uploads\/2017\/01\/Holiday-Home-Cover.jpg?id=983) !important;background-position: center !important;background-repeat: no-repeat !important;background-size: cover !important;}&#8221;][vc_column][vc_empty_space height=&#8221;200px&#8221;][vc_column_text css_animation=&#8221;fadeInLeft&#8221;]<\/p>\n<h1 style=\"text-align: center;\"><span style=\"color: #ffffff;\">Ku\u0107a za odmor<\/span><\/h1>\n<p>[\/vc_column_text][vc_empty_space height=&#8221;200px&#8221;][\/vc_column][\/vc_row][vc_row][vc_column][vc_empty_space][\/vc_column][\/vc_row][vc_row full_width=&#8221;stretch_row_content&#8221;][vc_column width=&#8221;1\/6&#8243;][\/vc_column][vc_column width=&#8221;2\/3&#8243;][vc_column_text]<\/p>\n<h3 style=\"text-align: center;\"><strong>KU\u0106A ZA ODMOR<\/strong><\/h3>\n<p>[\/vc_column_text][vc_column_text]<\/p>\n<div class=\"dropcapsimple\" style=\"text-align: center;\">Na\u0161a <strong>ku\u0107a za odmor<\/strong> nudi smje\u0161taj za najvi\u0161e <strong>5 osoba.<\/strong><\/div>\n<p>[\/vc_column_text][vc_gallery type=&#8221;image_grid&#8221; images=&#8221;989,988,1248,1240,990,1238,987,1239,1243,1246,1242,1244,1241,1247,1245,991,986,946,939,938,937,936,935,934,933,932&#8243;][\/vc_column][vc_column width=&#8221;1\/6&#8243;][\/vc_column][\/vc_row][vc_row][vc_column width=&#8221;1\/6&#8243;][vc_icon icon_fontawesome=&#8221;fa fa-info-circle&#8221; color=&#8221;purple&#8221; align=&#8221;center&#8221;][\/vc_column][vc_column width=&#8221;2\/3&#8243;][vc_column_text]<\/p>\n<h5 style=\"text-align: center;\"><span style=\"color: #800080;\">Mo\u017eete odabrati prehranu u vlastitom aran\u017emanu ili rezervirati polupansion. Odaberite svoje obroke i zadr\u017eite potpunu fleksibilnost nad va\u0161im obrocima. Mo\u017eda \u0107ete tako uz svoj regularni doru\u010dak jo\u0161 naru\u010diti i \u0161unku i jaja, omlet ili kuhana jaja. Za ve\u010deru, slu\u017eimo tri slijeda jela koja se sastoji od aperitiva, juhe kao predjela, mesnih i ribljih jela s mediteranskim prilogom, svje\u017ee salate i deserta. Mi tretiramo na\u0161e goste svje\u017eom mediteranskpm kuhinjom i doma\u0107im dalmatinskim specijalitetima. Ku\u0161ajte doma\u0107e uzgojeno vo\u0107e i povr\u0107e iz na\u0161eg vrta, odabrane mesne proizvode iz na\u0161eg kraja i svje\u017eu, netom ulovljenu, ribu.<\/span><\/h5>\n<p>[\/vc_column_text][\/vc_column][vc_column width=&#8221;1\/6&#8243;][\/vc_column][\/vc_row][vc_row][vc_column width=&#8221;1\/6&#8243;][\/vc_column][vc_column width=&#8221;2\/3&#8243;][vc_separator color=&#8221;violet&#8221; style=&#8221;shadow&#8221; border_width=&#8221;2&#8243;][\/vc_column][vc_column width=&#8221;1\/6&#8243;][\/vc_column][\/vc_row][vc_row][vc_column width=&#8221;1\/6&#8243;][\/vc_column][vc_column width=&#8221;2\/3&#8243;][vc_column_text]<\/p>\n<h3 style=\"text-align: center;\">SADR\u017dAJ<\/h3>\n<p>[\/vc_column_text][\/vc_column][vc_column width=&#8221;1\/6&#8243;][\/vc_column][\/vc_row][vc_row][vc_column width=&#8221;1\/6&#8243;][\/vc_column][vc_column width=&#8221;1\/3&#8243;][vc_column_text]<\/p>\n<p style=\"text-align: center;\">Terasa<\/p>\n<p style=\"text-align: center;\">Blizina pla\u017ee\u00a0(50 m)<\/p>\n<p style=\"text-align: center;\">Parking<\/p>\n<p style=\"text-align: center;\">\u0160ljun\u010dana pla\u017ea<\/p>\n<p style=\"text-align: center;\">Blagovaonica sa SAT TV-om i terasom<\/p>\n<p style=\"text-align: center;\">Wi-Fi<\/p>\n<p style=\"text-align: center;\">Klima ure\u0111aj<\/p>\n<p style=\"text-align: center;\">Kuhinja<\/p>\n<p style=\"text-align: center;\">Kuhalo za vodu<\/p>\n<p>[\/vc_column_text][\/vc_column][vc_column width=&#8221;1\/3&#8243;][vc_column_text]<\/p>\n<p style=\"text-align: center;\">Hladnjak<\/p>\n<p style=\"text-align: center;\">Mikrovalna<\/p>\n<p style=\"text-align: center;\">TV<\/p>\n<p style=\"text-align: center;\">Polupansion na zahtjev<\/p>\n<p style=\"text-align: center;\">Boravi\u0161na pristojba<\/p>\n<p style=\"text-align: center;\">Ru\u010dnici<\/p>\n<p style=\"text-align: center;\">Posteljine<\/p>\n<p style=\"text-align: center;\">Ro\u0161tilj<\/p>\n<p>[\/vc_column_text][\/vc_column][vc_column width=&#8221;1\/6&#8243;][\/vc_column][\/vc_row][vc_row][vc_column width=&#8221;1\/6&#8243;][\/vc_column][vc_column width=&#8221;2\/3&#8243;][vc_column_text]Trgovine, bankomati, benzinska stanica, po\u0161ta, ljekarna, restorani i kafi\u0107i su unutar pje\u0161a\u010dke udaljenosti.[\/vc_column_text][\/vc_column][vc_column width=&#8221;1\/6&#8243;][\/vc_column][\/vc_row][vc_row][vc_column width=&#8221;1\/6&#8243;][\/vc_column][vc_column width=&#8221;2\/3&#8243;][vc_separator color=&#8221;violet&#8221; style=&#8221;shadow&#8221; border_width=&#8221;2&#8243;][\/vc_column][vc_column width=&#8221;1\/6&#8243;][\/vc_column][\/vc_row][vc_row][vc_column width=&#8221;1\/6&#8243;][\/vc_column][vc_column width=&#8221;2\/3&#8243;][vc_column_text]<\/p>\n<h3 style=\"text-align: center;\">CATERING<\/h3>\n<p>[\/vc_column_text][\/vc_column][vc_column width=&#8221;1\/6&#8243;][\/vc_column][\/vc_row][vc_row][vc_column width=&#8221;1\/6&#8243;][\/vc_column][vc_column width=&#8221;2\/3&#8243;][vc_column_text]<\/p>\n<p style=\"text-align: center;\">Mo\u017eete odabrati prehranu u vlastitom aran\u017emanu ili rezervirati polupansion. Odaberite svoje obroke i zadr\u017eite potpunu fleksibilnost nad va\u0161im obrocima. Mo\u017eda \u0107ete tako uz svoj regularni doru\u010dak jo\u0161 naru\u010diti i \u0161unku i jaja, omlet ili kuhana jaja. Za ve\u010deru, slu\u017eimo tri slijeda jela koja se sastoji od aperitiva, juhe kao predjela, mesnih i ribljih jela s mediteranskim prilogom, svje\u017ee salate i deserta. Mi tretiramo na\u0161e goste svje\u017eom mediteranskpm kuhinjom i doma\u0107im dalmatinskim specijalitetima. Ku\u0161ajte doma\u0107e uzgojeno vo\u0107e i povr\u0107e iz na\u0161eg vrta, odabrane mesne proizvode iz na\u0161eg kraja i svje\u017eu, netom ulovljenu, ribu.<\/p>\n<p>[\/vc_column_text][\/vc_column][vc_column width=&#8221;1\/6&#8243;][\/vc_column][\/vc_row][vc_row][vc_column width=&#8221;1\/6&#8243;][\/vc_column][vc_column width=&#8221;2\/3&#8243;][vc_separator color=&#8221;violet&#8221; style=&#8221;shadow&#8221; border_width=&#8221;2&#8243;][\/vc_column][vc_column width=&#8221;1\/6&#8243;][\/vc_column][\/vc_row][vc_row][vc_column width=&#8221;1\/6&#8243;][vc_icon icon_fontawesome=&#8221;fa fa-info-circle&#8221; color=&#8221;violet&#8221; align=&#8221;center&#8221;][\/vc_column][vc_column width=&#8221;2\/3&#8243;][vc_column_text]<\/p>\n<div class=\"vc_row wpb_row vc_row-fluid\">\n<div class=\"wpb_column vc_column_container vc_col-sm-8\">\n<div class=\"wpb_wrapper\">\n<div class=\"wpb_text_column wpb_content_element \">\n<div class=\"wpb_wrapper\">\n<p><span style=\"color: #800080;\"><strong><em>Mo\u017eete rezervirati polupansion ili unaprijed ili u bilo koje vrijeme nakon va\u0161eg dolaska. Odaberite krevet i doru\u010dak ili doru\u010dak i ve\u010deru.<\/em><\/strong><\/span><\/p>\n<\/div>\n<\/div>\n<\/div>\n<\/div>\n<\/div>\n<p>[\/vc_column_text][\/vc_column][vc_column width=&#8221;1\/6&#8243;][\/vc_column][\/vc_row][vc_row][vc_column width=&#8221;1\/6&#8243;][\/vc_column][vc_column width=&#8221;2\/3&#8243;][vc_column_text]Cijene vrijede po danu i osobi\/djetetu. Potreban je nepovratni polog u iznosu od 20% (samo sobe) za potvrdu rezervacije. Uplate putem bankovnog transfera ili gotovinom. Bez pla\u0107anja kreditnom karticom. Pla\u0107anje se prihva\u0107aju u citiranoj valuti (\u20ac), osim ako neka druga nije unaprijed dogovorena. Dodatne usluge se pla\u0107aju na licu mjesta. \u017divotinje su dopu\u0161tene samo ako je to dogovoreno unaprijed. Cijene mogu biti podlo\u017ene promjenama. \u21d2 <a href=\"http:\/\/pansion-ivan.com\/hr\/terms-and-conditions\/\" target=\"_blank\" rel=\"noopener\">UVJETI KORI\u0160TENJA<\/a>[\/vc_column_text][\/vc_column][vc_column width=&#8221;1\/6&#8243;][\/vc_column][\/vc_row][vc_row][vc_column width=&#8221;1\/6&#8243;][\/vc_column][vc_column width=&#8221;2\/3&#8243;][vc_separator color=&#8221;violet&#8221; style=&#8221;shadow&#8221; border_width=&#8221;2&#8243;][\/vc_column][vc_column width=&#8221;1\/6&#8243;][\/vc_column][\/vc_row][vc_row][vc_column][vc_column_text]<\/p>\n<p style=\"text-align: center;\"><span style=\"color: #800080;\"><strong>Molimo kontaktirajte nas za rezervacije i ako imate bilo kakvih pitanja ili zahtjeva. Veselimo se Va\u0161em javljanju!<\/strong><\/span><\/p>\n<p>[\/vc_column_text][\/vc_column][\/vc_row][vc_row full_width=&#8221;stretch_row_content&#8221;][vc_column width=&#8221;1\/4&#8243;][\/vc_column][vc_column width=&#8221;1\/2&#8243; css=&#8221;.vc_custom_1484412031401{background-color: #e4ead5 !important;}&#8221;]<div role=\"form\" class=\"wpcf7\" id=\"wpcf7-f493-o1\" lang=\"en-US\" dir=\"ltr\">\n<div class=\"screen-reader-response\"><p role=\"status\" aria-live=\"polite\" aria-atomic=\"true\"><\/p> <ul><\/ul><\/div>\n<form action=\"\/hr\/wp-json\/wp\/v2\/pages\/826#wpcf7-f493-o1\" method=\"post\" class=\"wpcf7-form init\" novalidate=\"novalidate\" data-status=\"init\">\n<div style=\"display: none;\">\n<input type=\"hidden\" name=\"_wpcf7\" value=\"493\" \/>\n<input type=\"hidden\" name=\"_wpcf7_version\" value=\"5.4.1\" \/>\n<input type=\"hidden\" name=\"_wpcf7_locale\" value=\"en_US\" \/>\n<input type=\"hidden\" name=\"_wpcf7_unit_tag\" value=\"wpcf7-f493-o1\" \/>\n<input type=\"hidden\" name=\"_wpcf7_container_post\" value=\"0\" \/>\n<input type=\"hidden\" name=\"_wpcf7_posted_data_hash\" value=\"\" \/>\n<input type=\"hidden\" name=\"_wpcf7_recaptcha_response\" value=\"\" \/>\n<\/div>\n<p><center>\n<p>Va\u0161e ime (obavezno)<br \/>\n    <span class=\"wpcf7-form-control-wrap your-name\"><input type=\"text\" name=\"your-name\" value=\"\" size=\"40\" class=\"wpcf7-form-control wpcf7-text wpcf7-validates-as-required\" aria-required=\"true\" aria-invalid=\"false\" \/><\/span> <\/p>\n<p>Va\u0161 email (obavezno)<br \/>\n    <span class=\"wpcf7-form-control-wrap your-email\"><input type=\"email\" name=\"your-email\" value=\"\" size=\"40\" class=\"wpcf7-form-control wpcf7-text wpcf7-email wpcf7-validates-as-required wpcf7-validates-as-email\" aria-required=\"true\" aria-invalid=\"false\" \/><\/span> <\/p>\n<p>Predmet<br \/>\n    <span class=\"wpcf7-form-control-wrap your-subject\"><input type=\"text\" name=\"your-subject\" value=\"\" size=\"40\" class=\"wpcf7-form-control wpcf7-text\" aria-invalid=\"false\" \/><\/span> <\/p>\n<p>Va\u0161a poruka<br \/>\n    <span class=\"wpcf7-form-control-wrap your-message\"><textarea name=\"your-message\" cols=\"40\" rows=\"10\" class=\"wpcf7-form-control wpcf7-textarea\" aria-invalid=\"false\"><\/textarea><\/span> <\/p>\n\n<p><input type=\"submit\" value=\"Po\u0161alji\" class=\"wpcf7-form-control wpcf7-submit\" \/><\/p>\n<p><\/center><\/p>\n<div class=\"wpcf7-response-output\" aria-hidden=\"true\"><\/div><\/form><\/div>[\/vc_column][vc_column width=&#8221;1\/4&#8243;][\/vc_column][\/vc_row][vc_row][vc_column width=&#8221;1\/6&#8243;][\/vc_column][vc_column width=&#8221;2\/3&#8243;][vc_separator color=&#8221;violet&#8221; style=&#8221;shadow&#8221; border_width=&#8221;2&#8243;][\/vc_column][vc_column width=&#8221;1\/6&#8243;][\/vc_column][\/vc_row][vc_row][vc_column width=&#8221;1\/3&#8243;][\/vc_column][vc_column width=&#8221;1\/3&#8243;][vc_column_text]<\/p>\n<h3 style=\"text-align: center;\"><strong>POGLEDAJTE JO\u0160:<\/strong><\/h3>\n<p>[\/vc_column_text][vc_btn title=&#8221;SOBE&#8221; style=&#8221;gradient&#8221; gradient_color_1=&#8221;green&#8221; gradient_color_2=&#8221;vista-blue&#8221; align=&#8221;center&#8221; button_block=&#8221;true&#8221; link=&#8221;url:https%3A%2F%2Fpansion-ivan.com%2Fhr%2Frooms%2F|title:Sobe&#8221;][vc_btn title=&#8221;STUDIO APARTMANI&#8221; style=&#8221;gradient&#8221; gradient_color_1=&#8221;green&#8221; gradient_color_2=&#8221;vista-blue&#8221; align=&#8221;center&#8221; button_block=&#8221;true&#8221; link=&#8221;url:https%3A%2F%2Fpansion-ivan.com%2Fhr%2Fstudio-apartments%2F|title:Studio%20Apartmani&#8221;][\/vc_column][vc_column width=&#8221;1\/3&#8243;][\/vc_column][\/vc_row][vc_row][vc_column width=&#8221;1\/6&#8243;][\/vc_column][vc_column width=&#8221;2\/3&#8243;][vc_separator color=&#8221;violet&#8221; style=&#8221;shadow&#8221; border_width=&#8221;2&#8243;][\/vc_column][vc_column width=&#8221;1\/6&#8243;][\/vc_column][\/vc_row]<\/p>\n","protected":false},"excerpt":{"rendered":"<p>[vc_row full_width=&#8221;stretch_row_content_no_spaces&#8221; css=&#8221;.vc_custom_1620741073879{background-image: url(http:\/\/pansion-ivan.com\/wp-content\/uploads\/2017\/01\/Holiday-Home-Cover.jpg?id=983) !important;background-position: center !important;background-repeat: no-repeat !important;background-size: cover !important;}&#8221;][vc_column][vc_empty_space height=&#8221;200px&#8221;][vc_column_text css_animation=&#8221;fadeInLeft&#8221;] Ku\u0107a za odmor [\/vc_column_text][vc_empty_space height=&#8221;200px&#8221;][\/vc_column][\/vc_row][vc_row][vc_column][vc_empty_space][\/vc_column][\/vc_row][vc_row full_width=&#8221;stretch_row_content&#8221;][vc_column width=&#8221;1\/6&#8243;][\/vc_column][vc_column width=&#8221;2\/3&#8243;][vc_column_text] KU\u0106A ZA ODMOR [\/vc_column_text][vc_column_text] Na\u0161a ku\u0107a za odmor nudi smje\u0161taj za najvi\u0161e 5 osoba. [\/vc_column_text][vc_gallery type=&#8221;image_grid&#8221; images=&#8221;989,988,1248,1240,990,1238,987,1239,1243,1246,1242,1244,1241,1247,1245,991,986,946,939,938,937,936,935,934,933,932&#8243;][\/vc_column][vc_column width=&#8221;1\/6&#8243;][\/vc_column][\/vc_row][vc_row][vc_column width=&#8221;1\/6&#8243;][vc_icon icon_fontawesome=&#8221;fa fa-info-circle&#8221; color=&#8221;purple&#8221; align=&#8221;center&#8221;][\/vc_column][vc_column width=&#8221;2\/3&#8243;][vc_column_text] Mo\u017eete odabrati prehranu u vlastitom aran\u017emanu ili rezervirati polupansion. Odaberite [&hellip;]<\/p>\n","protected":false},"author":1,"featured_media":0,"parent":0,"menu_order":0,"comment_status":"closed","ping_status":"closed","template":"","meta":{"_monsterinsights_skip_tracking":false,"_monsterinsights_sitenote_active":false,"_monsterinsights_sitenote_note":"","_monsterinsights_sitenote_category":0},"yoast_head":"<!-- This site is optimized with the Yoast SEO plugin v16.6.1 - https:\/\/yoast.com\/wordpress\/plugins\/seo\/ -->\n<title>Ku\u0107a za odmor - Pansion Ivan<\/title>\n<meta name=\"robots\" content=\"index, follow, max-snippet:-1, max-image-preview:large, max-video-preview:-1\" \/>\n<link rel=\"canonical\" href=\"https:\/\/pansion-ivan.com\/holiday-home\/\" \/>\n<meta property=\"og:locale\" content=\"hr_HR\" \/>\n<meta property=\"og:type\" content=\"article\" \/>\n<meta property=\"og:title\" content=\"Ku\u0107a za odmor - Pansion Ivan\" \/>\n<meta property=\"og:description\" content=\"[vc_row full_width=&#8221;stretch_row_content_no_spaces&#8221; css=&#8221;.vc_custom_1620741073879{background-image: url(http:\/\/pansion-ivan.com\/wp-content\/uploads\/2017\/01\/Holiday-Home-Cover.jpg?id=983) !important;background-position: center !important;background-repeat: no-repeat !important;background-size: cover !important;}&#8221;][vc_column][vc_empty_space height=&#8221;200px&#8221;][vc_column_text css_animation=&#8221;fadeInLeft&#8221;] Ku\u0107a za odmor [\/vc_column_text][vc_empty_space height=&#8221;200px&#8221;][\/vc_column][\/vc_row][vc_row][vc_column][vc_empty_space][\/vc_column][\/vc_row][vc_row full_width=&#8221;stretch_row_content&#8221;][vc_column width=&#8221;1\/6&#8243;][\/vc_column][vc_column width=&#8221;2\/3&#8243;][vc_column_text] KU\u0106A ZA ODMOR [\/vc_column_text][vc_column_text] Na\u0161a ku\u0107a za odmor nudi smje\u0161taj za najvi\u0161e 5 osoba. [\/vc_column_text][vc_gallery type=&#8221;image_grid&#8221; images=&#8221;989,988,1248,1240,990,1238,987,1239,1243,1246,1242,1244,1241,1247,1245,991,986,946,939,938,937,936,935,934,933,932&#8243;][\/vc_column][vc_column width=&#8221;1\/6&#8243;][\/vc_column][\/vc_row][vc_row][vc_column width=&#8221;1\/6&#8243;][vc_icon icon_fontawesome=&#8221;fa fa-info-circle&#8221; color=&#8221;purple&#8221; align=&#8221;center&#8221;][\/vc_column][vc_column width=&#8221;2\/3&#8243;][vc_column_text] Mo\u017eete odabrati prehranu u vlastitom aran\u017emanu ili rezervirati polupansion. Odaberite [&hellip;]\" \/>\n<meta property=\"og:url\" content=\"https:\/\/pansion-ivan.com\/holiday-home\/\" \/>\n<meta property=\"og:site_name\" content=\"Pansion Ivan\" \/>\n<meta property=\"article:modified_time\" content=\"2021-05-11T13:54:22+00:00\" \/>\n<meta name=\"twitter:card\" content=\"summary_large_image\" \/>\n<meta name=\"twitter:label1\" content=\"Procijenjeno vrijeme \u010ditanja\" \/>\n\t<meta name=\"twitter:data1\" content=\"5 minuta\" \/>\n<script type=\"application\/ld+json\" class=\"yoast-schema-graph\">{\"@context\":\"https:\/\/schema.org\",\"@graph\":[{\"@type\":\"WebSite\",\"@id\":\"https:\/\/pansion-ivan.com\/#website\",\"url\":\"https:\/\/pansion-ivan.com\/\",\"name\":\"Pansion Ivan\",\"description\":\"Starigrad Paklenica\",\"potentialAction\":[{\"@type\":\"SearchAction\",\"target\":{\"@type\":\"EntryPoint\",\"urlTemplate\":\"https:\/\/pansion-ivan.com\/?s={search_term_string}\"},\"query-input\":\"required name=search_term_string\"}],\"inLanguage\":\"hr\"},{\"@type\":\"WebPage\",\"@id\":\"https:\/\/pansion-ivan.com\/holiday-home\/#webpage\",\"url\":\"https:\/\/pansion-ivan.com\/holiday-home\/\",\"name\":\"Ku\\u0107a za odmor - Pansion Ivan\",\"isPartOf\":{\"@id\":\"https:\/\/pansion-ivan.com\/#website\"},\"datePublished\":\"2017-01-14T17:32:46+00:00\",\"dateModified\":\"2021-05-11T13:54:22+00:00\",\"breadcrumb\":{\"@id\":\"https:\/\/pansion-ivan.com\/holiday-home\/#breadcrumb\"},\"inLanguage\":\"hr\",\"potentialAction\":[{\"@type\":\"ReadAction\",\"target\":[\"https:\/\/pansion-ivan.com\/holiday-home\/\"]}]},{\"@type\":\"BreadcrumbList\",\"@id\":\"https:\/\/pansion-ivan.com\/holiday-home\/#breadcrumb\",\"itemListElement\":[{\"@type\":\"ListItem\",\"position\":1,\"name\":\"Home\",\"item\":\"https:\/\/pansion-ivan.com\/\"},{\"@type\":\"ListItem\",\"position\":2,\"name\":\"Holiday Home\"}]}]}<\/script>\n<!-- \/ Yoast SEO plugin. -->","_links":{"self":[{"href":"https:\/\/pansion-ivan.com\/hr\/wp-json\/wp\/v2\/pages\/826"}],"collection":[{"href":"https:\/\/pansion-ivan.com\/hr\/wp-json\/wp\/v2\/pages"}],"about":[{"href":"https:\/\/pansion-ivan.com\/hr\/wp-json\/wp\/v2\/types\/page"}],"author":[{"embeddable":true,"href":"https:\/\/pansion-ivan.com\/hr\/wp-json\/wp\/v2\/users\/1"}],"replies":[{"embeddable":true,"href":"https:\/\/pansion-ivan.com\/hr\/wp-json\/wp\/v2\/comments?post=826"}],"version-history":[{"count":21,"href":"https:\/\/pansion-ivan.com\/hr\/wp-json\/wp\/v2\/pages\/826\/revisions"}],"predecessor-version":[{"id":1528,"href":"https:\/\/pansion-ivan.com\/hr\/wp-json\/wp\/v2\/pages\/826\/revisions\/1528"}],"wp:attachment":[{"href":"https:\/\/pansion-ivan.com\/hr\/wp-json\/wp\/v2\/media?parent=826"}],"curies":[{"name":"wp","href":"https:\/\/api.w.org\/{rel}","templated":true}]}}