{"id":651,"date":"2017-01-13T02:08:46","date_gmt":"2017-01-13T02:08:46","guid":{"rendered":"http:\/\/pansion-ivan.com\/?page_id=651"},"modified":"2021-05-11T13:26:43","modified_gmt":"2021-05-11T13:26:43","slug":"accommodation","status":"publish","type":"page","link":"https:\/\/pansion-ivan.com\/hr\/accommodation\/","title":{"rendered":"Smje\u0161taj"},"content":{"rendered":"<p>[vc_row full_width=&#8221;stretch_row_content_no_spaces&#8221; css=&#8221;.vc_custom_1620735248320{background-image: url(http:\/\/pansion-ivan.com\/wp-content\/uploads\/2017\/01\/01-Cover.jpg?id=889) !important;background-position: center !important;background-repeat: no-repeat !important;background-size: cover !important;}&#8221;][vc_column][vc_empty_space height=&#8221;200px&#8221;][vc_column_text css_animation=&#8221;fadeInLeft&#8221;]<\/p>\n<h1 style=\"text-align: center;\"><span style=\"color: #ffffff;\">Smje\u0161taj<\/span><\/h1>\n<p>[\/vc_column_text][vc_empty_space height=&#8221;200px&#8221;][\/vc_column][\/vc_row][vc_row][vc_column][vc_empty_space][\/vc_column][\/vc_row][vc_row][vc_column width=&#8221;1\/6&#8243;][\/vc_column][vc_column width=&#8221;1\/3&#8243;][vc_column_text]<\/p>\n<h3 style=\"text-align: center;\"><strong>Pansion Ivan<\/strong><\/h3>\n<p>[\/vc_column_text][vc_single_image image=&#8221;905&#8243; img_size=&#8221;large&#8221; alignment=&#8221;center&#8221; style=&#8221;vc_box_rounded&#8221;][vc_column_text]<\/p>\n<div class=\"dropcapsimple\" style=\"text-align: center;\">Pansion Ivan svojim gostima nudi smje\u0161taj u razli\u010ditim veli\u010dinama, kao \u0161to je 6 soba s jednim zajedni\u010dkom kuhinjom na gornjem katu, 2 studio apartmana (svaki sa kuhinjom) u prizemlju te jednu veliku zajedni\u010dku blagovaonu sa terasom i SAT TV-m. Parking je odmah iza ku\u0107e. Imamo i prostranu krovnu terasu s lijepim pogledom na more. Ro\u0161tilj je za zajedni\u010dko kori\u0161tenje.<\/div>\n<p>[\/vc_column_text][\/vc_column][vc_column width=&#8221;1\/3&#8243;][vc_column_text]<\/p>\n<h3 style=\"text-align: center;\"><strong>Ku\u0107a za odmor<\/strong><\/h3>\n<p>[\/vc_column_text][vc_single_image image=&#8221;892&#8243; img_size=&#8221;large&#8221; alignment=&#8221;center&#8221; style=&#8221;vc_box_rounded&#8221;][vc_column_text]<\/p>\n<div class=\"dropcapsimple\" style=\"text-align: center;\">Na\u0161a ku\u0107a za odmor se nalazi na zasebnoj lokaciji u neposrednoj blizini Pansiona Ivan (preko puta ceste). U ku\u0107ici se mo\u017ee smjestiti do 5 osoba. Osebujan tlocrt ku\u0107e je idealan za ve\u0107e turisti\u010dke grupe. Tako\u0111er, blagovaonica i terasa se mogu unajmiti za razne sve\u010danosti za vrijeme predsezone. Trgovine, bankomati, benzinska stanica, po\u0161ta, ljekarna, restorani i kafi\u0107i su dostupni u krugu 5-10 min pje\u0161a\u010denja.<\/div>\n<p>[\/vc_column_text][\/vc_column][vc_column width=&#8221;1\/6&#8243;][\/vc_column][\/vc_row][vc_row][vc_column width=&#8221;1\/6&#8243;][\/vc_column][vc_column width=&#8221;2\/3&#8243;][vc_separator color=&#8221;violet&#8221; style=&#8221;shadow&#8221; border_width=&#8221;2&#8243;][\/vc_column][vc_column width=&#8221;1\/6&#8243;][\/vc_column][\/vc_row][vc_row][vc_column width=&#8221;1\/6&#8243;][vc_icon icon_fontawesome=&#8221;fa fa-info-circle&#8221; color=&#8221;purple&#8221; align=&#8221;center&#8221;][\/vc_column][vc_column width=&#8221;2\/3&#8243;][vc_column_text]<\/p>\n<h5 style=\"text-align: center;\"><span style=\"color: #993366;\"><em>Mo\u017eete odabrati prehranu u vlastitom aran\u017emanu ili rezervirati polupansion. Mi tretiramo na\u0161e goste svje\u017eom mediteranskpm kuhinjom i doma\u0107im dalmatinskim specijalitetima. Ku\u0161ajte doma\u0107e uzgojeno vo\u0107e i povr\u0107e iz na\u0161eg vrta, odabrane mesne proizvode iz na\u0161eg kraja i svje\u017eu, netom ulovljenu, ribu.<\/em><\/span><\/h5>\n<p>[\/vc_column_text][\/vc_column][vc_column width=&#8221;1\/6&#8243;][\/vc_column][\/vc_row][vc_row][vc_column width=&#8221;1\/6&#8243;][\/vc_column][vc_column width=&#8221;2\/3&#8243;][vc_separator color=&#8221;violet&#8221; style=&#8221;shadow&#8221; border_width=&#8221;2&#8243;][\/vc_column][vc_column width=&#8221;1\/6&#8243;][\/vc_column][\/vc_row][vc_row][vc_column width=&#8221;1\/6&#8243;][\/vc_column][vc_column width=&#8221;1\/3&#8243;][vc_column_text]<\/p>\n<h3 style=\"text-align: center;\">6 SOBA<\/h3>\n<p>[\/vc_column_text][vc_column_text]<\/p>\n<h4 style=\"text-align: center;\">Balkon sa pogledom na more<\/h4>\n<h4 style=\"text-align: center;\">Bliniza pla\u017ee\u00a0(50 m)<\/h4>\n<h4 style=\"text-align: center;\">Wi-Fi<\/h4>\n<h4 style=\"text-align: center;\"><em>Maksimalni kapacitet: 2-3\u00a0osobe<\/em><\/h4>\n<p>[\/vc_column_text][vc_btn title=&#8221;VI\u0160E O SOBAMA&#8221; style=&#8221;gradient&#8221; gradient_color_1=&#8221;green&#8221; gradient_color_2=&#8221;vista-blue&#8221; align=&#8221;center&#8221; link=&#8221;url:https%3A%2F%2Fpansion-ivan.com%2Fhr%2Frooms%2F&#8221;][\/vc_column][vc_column width=&#8221;1\/3&#8243;][vc_single_image image=&#8221;1282&#8243; img_size=&#8221;large&#8221; alignment=&#8221;center&#8221;][\/vc_column][vc_column width=&#8221;1\/6&#8243;][\/vc_column][\/vc_row][vc_row][vc_column width=&#8221;1\/6&#8243;][\/vc_column][vc_column width=&#8221;2\/3&#8243;][vc_separator color=&#8221;violet&#8221; style=&#8221;shadow&#8221; border_width=&#8221;2&#8243;][\/vc_column][vc_column width=&#8221;1\/6&#8243;][\/vc_column][\/vc_row][vc_row][vc_column width=&#8221;1\/6&#8243;][\/vc_column][vc_column width=&#8221;1\/3&#8243;][vc_column_text]<\/p>\n<h3 style=\"text-align: center;\">2 STUDIO APARTMANA<\/h3>\n<h5 style=\"text-align: center;\">Bakon sa pogledom na more<\/h5>\n<h5 style=\"text-align: center;\">Blizina pla\u017ee\u00a0(50 m)<\/h5>\n<h5 style=\"text-align: center;\">Wi-Fi<\/h5>\n<h5 style=\"text-align: center;\"><em>Maksimalni kapacitet: 3\u00a0osobe<\/em><\/h5>\n<p>[\/vc_column_text][vc_btn title=&#8221;VI\u0160E O APARTMANIMA&#8221; style=&#8221;gradient&#8221; gradient_color_1=&#8221;green&#8221; gradient_color_2=&#8221;vista-blue&#8221; align=&#8221;center&#8221; link=&#8221;url:https%3A%2F%2Fpansion-ivan.com%2Fhr%2Fstudio-apartments%2F&#8221;][\/vc_column][vc_column width=&#8221;1\/3&#8243;][vc_single_image image=&#8221;1266&#8243; img_size=&#8221;large&#8221; alignment=&#8221;center&#8221;][\/vc_column][vc_column width=&#8221;1\/6&#8243;][\/vc_column][\/vc_row][vc_row][vc_column width=&#8221;1\/6&#8243;][\/vc_column][vc_column width=&#8221;2\/3&#8243;][vc_separator color=&#8221;violet&#8221; style=&#8221;shadow&#8221; border_width=&#8221;2&#8243;][\/vc_column][vc_column width=&#8221;1\/6&#8243;][\/vc_column][\/vc_row][vc_row][vc_column width=&#8221;1\/6&#8243;][\/vc_column][vc_column width=&#8221;1\/3&#8243;][vc_column_text]<\/p>\n<h3 style=\"text-align: center;\">1 KU\u0106A ZA ODMOR<\/h3>\n<h4 style=\"text-align: center;\">Balkon sa pogledom na more<\/h4>\n<h4 style=\"text-align: center;\">Blizina pla\u017ee\u00a0(70 m)<\/h4>\n<h4 style=\"text-align: center;\">Wi-Fi<\/h4>\n<h4 style=\"text-align: center;\"><em>Maksimalni kapacitet: 5\u00a0osoba<\/em><\/h4>\n<p>[\/vc_column_text][vc_btn title=&#8221;VI\u0160E O KU\u0106I ZA ODMOR&#8221; style=&#8221;gradient&#8221; gradient_color_1=&#8221;green&#8221; gradient_color_2=&#8221;vista-blue&#8221; align=&#8221;center&#8221; link=&#8221;url:https%3A%2F%2Fpansion-ivan.com%2Fhr%2Fholiday-home%2F&#8221;][\/vc_column][vc_column width=&#8221;1\/3&#8243;][vc_single_image image=&#8221;892&#8243; img_size=&#8221;large&#8221; alignment=&#8221;center&#8221;][\/vc_column][vc_column width=&#8221;1\/6&#8243;][\/vc_column][\/vc_row][vc_row][vc_column width=&#8221;1\/6&#8243;][\/vc_column][vc_column width=&#8221;2\/3&#8243;][vc_separator color=&#8221;violet&#8221; style=&#8221;shadow&#8221; border_width=&#8221;2&#8243;][\/vc_column][vc_column width=&#8221;1\/6&#8243;][\/vc_column][\/vc_row][vc_row][vc_column][vc_column_text]<\/p>\n<h4 style=\"text-align: center;\"><strong><span style=\"color: #993366;\">Molimo kontaktirajte nas ako imate bilo kakvih pitanja ili zahtjeve. Veselimo se Va\u0161em javljanju!<\/span><\/strong><\/h4>\n<p>[\/vc_column_text][\/vc_column][\/vc_row][vc_row][vc_column width=&#8221;1\/6&#8243;][\/vc_column][vc_column width=&#8221;2\/3&#8243;][vc_separator color=&#8221;violet&#8221; style=&#8221;shadow&#8221; border_width=&#8221;2&#8243;][\/vc_column][vc_column width=&#8221;1\/6&#8243;][\/vc_column][\/vc_row]<\/p>\n","protected":false},"excerpt":{"rendered":"<p>[vc_row full_width=&#8221;stretch_row_content_no_spaces&#8221; css=&#8221;.vc_custom_1620735248320{background-image: url(http:\/\/pansion-ivan.com\/wp-content\/uploads\/2017\/01\/01-Cover.jpg?id=889) !important;background-position: center !important;background-repeat: no-repeat !important;background-size: cover !important;}&#8221;][vc_column][vc_empty_space height=&#8221;200px&#8221;][vc_column_text css_animation=&#8221;fadeInLeft&#8221;] Smje\u0161taj [\/vc_column_text][vc_empty_space height=&#8221;200px&#8221;][\/vc_column][\/vc_row][vc_row][vc_column][vc_empty_space][\/vc_column][\/vc_row][vc_row][vc_column width=&#8221;1\/6&#8243;][\/vc_column][vc_column width=&#8221;1\/3&#8243;][vc_column_text] Pansion Ivan [\/vc_column_text][vc_single_image image=&#8221;905&#8243; img_size=&#8221;large&#8221; alignment=&#8221;center&#8221; style=&#8221;vc_box_rounded&#8221;][vc_column_text] Pansion Ivan svojim gostima nudi smje\u0161taj u razli\u010ditim veli\u010dinama, kao \u0161to je 6 soba s jednim zajedni\u010dkom kuhinjom na gornjem katu, 2 studio apartmana (svaki sa kuhinjom) u prizemlju te [&hellip;]<\/p>\n","protected":false},"author":1,"featured_media":0,"parent":0,"menu_order":0,"comment_status":"closed","ping_status":"closed","template":"","meta":{"_monsterinsights_skip_tracking":false,"_monsterinsights_sitenote_active":false,"_monsterinsights_sitenote_note":"","_monsterinsights_sitenote_category":0},"yoast_head":"<!-- This site is optimized with the Yoast SEO plugin v16.6.1 - https:\/\/yoast.com\/wordpress\/plugins\/seo\/ -->\n<title>Smje\u0161taj - Pansion Ivan<\/title>\n<meta name=\"robots\" content=\"index, follow, max-snippet:-1, max-image-preview:large, max-video-preview:-1\" \/>\n<link rel=\"canonical\" href=\"https:\/\/pansion-ivan.com\/accommodation\/\" \/>\n<meta property=\"og:locale\" content=\"hr_HR\" \/>\n<meta property=\"og:type\" content=\"article\" \/>\n<meta property=\"og:title\" content=\"Smje\u0161taj - Pansion Ivan\" \/>\n<meta property=\"og:description\" content=\"[vc_row full_width=&#8221;stretch_row_content_no_spaces&#8221; css=&#8221;.vc_custom_1620735248320{background-image: url(http:\/\/pansion-ivan.com\/wp-content\/uploads\/2017\/01\/01-Cover.jpg?id=889) !important;background-position: center !important;background-repeat: no-repeat !important;background-size: cover !important;}&#8221;][vc_column][vc_empty_space height=&#8221;200px&#8221;][vc_column_text css_animation=&#8221;fadeInLeft&#8221;] Smje\u0161taj [\/vc_column_text][vc_empty_space height=&#8221;200px&#8221;][\/vc_column][\/vc_row][vc_row][vc_column][vc_empty_space][\/vc_column][\/vc_row][vc_row][vc_column width=&#8221;1\/6&#8243;][\/vc_column][vc_column width=&#8221;1\/3&#8243;][vc_column_text] Pansion Ivan [\/vc_column_text][vc_single_image image=&#8221;905&#8243; img_size=&#8221;large&#8221; alignment=&#8221;center&#8221; style=&#8221;vc_box_rounded&#8221;][vc_column_text] Pansion Ivan svojim gostima nudi smje\u0161taj u razli\u010ditim veli\u010dinama, kao \u0161to je 6 soba s jednim zajedni\u010dkom kuhinjom na gornjem katu, 2 studio apartmana (svaki sa kuhinjom) u prizemlju te [&hellip;]\" \/>\n<meta property=\"og:url\" content=\"https:\/\/pansion-ivan.com\/accommodation\/\" \/>\n<meta property=\"og:site_name\" content=\"Pansion Ivan\" \/>\n<meta property=\"article:modified_time\" content=\"2021-05-11T13:26:43+00:00\" \/>\n<meta name=\"twitter:card\" content=\"summary_large_image\" \/>\n<meta name=\"twitter:label1\" content=\"Procijenjeno vrijeme \u010ditanja\" \/>\n\t<meta name=\"twitter:data1\" content=\"4 minute\" \/>\n<script type=\"application\/ld+json\" class=\"yoast-schema-graph\">{\"@context\":\"https:\/\/schema.org\",\"@graph\":[{\"@type\":\"WebSite\",\"@id\":\"https:\/\/pansion-ivan.com\/#website\",\"url\":\"https:\/\/pansion-ivan.com\/\",\"name\":\"Pansion Ivan\",\"description\":\"Starigrad Paklenica\",\"potentialAction\":[{\"@type\":\"SearchAction\",\"target\":{\"@type\":\"EntryPoint\",\"urlTemplate\":\"https:\/\/pansion-ivan.com\/?s={search_term_string}\"},\"query-input\":\"required name=search_term_string\"}],\"inLanguage\":\"hr\"},{\"@type\":\"WebPage\",\"@id\":\"https:\/\/pansion-ivan.com\/accommodation\/#webpage\",\"url\":\"https:\/\/pansion-ivan.com\/accommodation\/\",\"name\":\"Smje\\u0161taj - Pansion Ivan\",\"isPartOf\":{\"@id\":\"https:\/\/pansion-ivan.com\/#website\"},\"datePublished\":\"2017-01-13T02:08:46+00:00\",\"dateModified\":\"2021-05-11T13:26:43+00:00\",\"breadcrumb\":{\"@id\":\"https:\/\/pansion-ivan.com\/accommodation\/#breadcrumb\"},\"inLanguage\":\"hr\",\"potentialAction\":[{\"@type\":\"ReadAction\",\"target\":[\"https:\/\/pansion-ivan.com\/accommodation\/\"]}]},{\"@type\":\"BreadcrumbList\",\"@id\":\"https:\/\/pansion-ivan.com\/accommodation\/#breadcrumb\",\"itemListElement\":[{\"@type\":\"ListItem\",\"position\":1,\"name\":\"Home\",\"item\":\"https:\/\/pansion-ivan.com\/\"},{\"@type\":\"ListItem\",\"position\":2,\"name\":\"Accommodation\"}]}]}<\/script>\n<!-- \/ Yoast SEO plugin. -->","_links":{"self":[{"href":"https:\/\/pansion-ivan.com\/hr\/wp-json\/wp\/v2\/pages\/651"}],"collection":[{"href":"https:\/\/pansion-ivan.com\/hr\/wp-json\/wp\/v2\/pages"}],"about":[{"href":"https:\/\/pansion-ivan.com\/hr\/wp-json\/wp\/v2\/types\/page"}],"author":[{"embeddable":true,"href":"https:\/\/pansion-ivan.com\/hr\/wp-json\/wp\/v2\/users\/1"}],"replies":[{"embeddable":true,"href":"https:\/\/pansion-ivan.com\/hr\/wp-json\/wp\/v2\/comments?post=651"}],"version-history":[{"count":122,"href":"https:\/\/pansion-ivan.com\/hr\/wp-json\/wp\/v2\/pages\/651\/revisions"}],"predecessor-version":[{"id":1518,"href":"https:\/\/pansion-ivan.com\/hr\/wp-json\/wp\/v2\/pages\/651\/revisions\/1518"}],"wp:attachment":[{"href":"https:\/\/pansion-ivan.com\/hr\/wp-json\/wp\/v2\/media?parent=651"}],"curies":[{"name":"wp","href":"https:\/\/api.w.org\/{rel}","templated":true}]}}