{"id":406,"date":"2016-10-24T05:48:38","date_gmt":"2016-10-24T05:48:38","guid":{"rendered":"http:\/\/thenordik.com\/demo\/themeforest\/wordpress\/xml_demo\/?page_id=8"},"modified":"2021-06-14T13:41:59","modified_gmt":"2021-06-14T13:41:59","slug":"contact","status":"publish","type":"page","link":"https:\/\/pansion-ivan.com\/hr\/contact\/","title":{"rendered":"Kontakt"},"content":{"rendered":"<p>[vc_row full_width=&#8221;stretch_row_content_no_spaces&#8221; css=&#8221;.vc_custom_1620735770839{background-position: center !important;background-repeat: no-repeat !important;background-size: cover !important;}&#8221;][vc_column] <h1 style=\"color:#545454; padding:px; text-align:center; font-size:px; line-height:px; letter-spacing: px; font-weight:lighter;\" class=\"    \">Kontakt<\/h1> [\/vc_column][\/vc_row][vc_row][vc_column][vc_gmaps link=&#8221;#E-8_JTNDaWZyYW1lJTIwc3JjJTNEJTIyaHR0cHMlM0ElMkYlMkZ3d3cuZ29vZ2xlLmNvbSUyRm1hcHMlMkZlbWJlZCUzRnBiJTNEJTIxMW0xNCUyMTFtOCUyMTFtMyUyMTFkMTc3OTcyLjAwODI1NTU3ODElMjEyZDE1Ljk4MTkxOTAwMDAwMDAwMSUyMTNkNDUuODE1MDEwNzk5OTk5OTk2JTIxM20yJTIxMWkxMDI0JTIxMmk3NjglMjE0ZjEzLjElMjEzbTMlMjExbTIlMjExczB4MCUyNTNBMHhhNGM0OWFiYWQ1YTRjNTglMjEyc1BhbnNpb24lMkJJdmFuJTIxNWUwJTIxM20yJTIxMXNociUyMTJzaHIlMjE0djE0ODQyMzI0MTA1NjclMjIlMjB3aWR0aCUzRCUyMjYwMCUyMiUyMGhlaWdodCUzRCUyMjQ1MCUyMiUyMGZyYW1lYm9yZGVyJTNEJTIyMCUyMiUyMHN0eWxlJTNEJTIyYm9yZGVyJTNBMCUyMiUyMGFsbG93ZnVsbHNjcmVlbiUzRSUzQyUyRmlmcmFtZSUzRQ==&#8221;][vc_column_text]<\/p>\n<p style=\"text-align: center;\"><strong>GPS:\u00a0<\/strong>\u0160irina\u00a044\u00b0 17\u2032 13\u2033 N (44.287170) Du\u017eina 15\u00b0 26\u2032 52\u2033 E (15.447850)<\/p>\n<p>[\/vc_column_text][vc_separator border_width=&#8221;2&#8243;][\/vc_column][\/vc_row][vc_row full_width=&#8221;stretch_row_content&#8221;][vc_column width=&#8221;1\/6&#8243;][\/vc_column][vc_column width=&#8221;1\/3&#8243;][vc_column_text]<\/p>\n<h4><strong>Rezervacije<\/strong><\/h4>\n<p>[\/vc_column_text][vc_column_text]<\/p>\n<h4>Ukoliko imate bilo kakvih pitanja ili zahtjeve, ne ustru\u010davajte se kontaktirati nas. Molimo dodajte svoje ime, broj gostiju, datum dolaska i odlaska. Veselimo se Va\u0161em javljanju!<\/h4>\n<p>[\/vc_column_text][vc_separator border_width=&#8221;2&#8243;][vc_column_text]<\/p>\n<h4><strong>Pansion Ivan<\/strong><\/h4>\n<p>[\/vc_column_text][vc_column_text]<\/p>\n<h4><strong>Vlasnik:<\/strong> Ivan Milovac<\/h4>\n<h4><strong>Adsresa:<\/strong> Ul. Jose Dokoze 18<br \/>\n23244 Starigrad Paklenica, Croatia<\/h4>\n<h4><strong>Mobitel:<\/strong> +385 \u2013 (0) 91 \u2013 890 61 43<\/h4>\n<h4><strong>E-mail:<\/strong> ivan.milovac1@zd.t-com.hr<\/h4>\n<p>[\/vc_column_text][\/vc_column][vc_column css_animation=&#8221;none&#8221; width=&#8221;1\/3&#8243; css=&#8221;.vc_custom_1620736793381{background-color: #ccd6c7 !important;}&#8221;]<div role=\"form\" class=\"wpcf7\" id=\"wpcf7-f493-o1\" lang=\"en-US\" dir=\"ltr\">\n<div class=\"screen-reader-response\"><p role=\"status\" aria-live=\"polite\" aria-atomic=\"true\"><\/p> <ul><\/ul><\/div>\n<form action=\"\/hr\/wp-json\/wp\/v2\/pages\/406#wpcf7-f493-o1\" method=\"post\" class=\"wpcf7-form init\" novalidate=\"novalidate\" data-status=\"init\">\n<div style=\"display: none;\">\n<input type=\"hidden\" name=\"_wpcf7\" value=\"493\" \/>\n<input type=\"hidden\" name=\"_wpcf7_version\" value=\"5.4.1\" \/>\n<input type=\"hidden\" name=\"_wpcf7_locale\" value=\"en_US\" \/>\n<input type=\"hidden\" name=\"_wpcf7_unit_tag\" value=\"wpcf7-f493-o1\" \/>\n<input type=\"hidden\" name=\"_wpcf7_container_post\" value=\"0\" \/>\n<input type=\"hidden\" name=\"_wpcf7_posted_data_hash\" value=\"\" \/>\n<input type=\"hidden\" name=\"_wpcf7_recaptcha_response\" value=\"\" \/>\n<\/div>\n<p><center>\n<p>Va\u0161e ime (obavezno)<br \/>\n    <span class=\"wpcf7-form-control-wrap your-name\"><input type=\"text\" name=\"your-name\" value=\"\" size=\"40\" class=\"wpcf7-form-control wpcf7-text wpcf7-validates-as-required\" aria-required=\"true\" aria-invalid=\"false\" \/><\/span> <\/p>\n<p>Va\u0161 email (obavezno)<br \/>\n    <span class=\"wpcf7-form-control-wrap your-email\"><input type=\"email\" name=\"your-email\" value=\"\" size=\"40\" class=\"wpcf7-form-control wpcf7-text wpcf7-email wpcf7-validates-as-required wpcf7-validates-as-email\" aria-required=\"true\" aria-invalid=\"false\" \/><\/span> <\/p>\n<p>Predmet<br \/>\n    <span class=\"wpcf7-form-control-wrap your-subject\"><input type=\"text\" name=\"your-subject\" value=\"\" size=\"40\" class=\"wpcf7-form-control wpcf7-text\" aria-invalid=\"false\" \/><\/span> <\/p>\n<p>Va\u0161a poruka<br \/>\n    <span class=\"wpcf7-form-control-wrap your-message\"><textarea name=\"your-message\" cols=\"40\" rows=\"10\" class=\"wpcf7-form-control wpcf7-textarea\" aria-invalid=\"false\"><\/textarea><\/span> <\/p>\n\n<p><input type=\"submit\" value=\"Po\u0161alji\" class=\"wpcf7-form-control wpcf7-submit\" \/><\/p>\n<p><\/center><\/p>\n<div class=\"wpcf7-response-output\" aria-hidden=\"true\"><\/div><\/form><\/div>[\/vc_column][vc_column width=&#8221;1\/6&#8243;][\/vc_column][\/vc_row][vc_row][vc_column width=&#8221;1\/6&#8243;][\/vc_column][vc_column width=&#8221;2\/3&#8243;][vc_separator border_width=&#8221;2&#8243;][vc_column_text css_animation=&#8221;bounceInRight&#8221;]<\/p>\n<h3 style=\"text-align: center;\"><strong>Kako do nas?<\/strong><\/h3>\n<p>[\/vc_column_text][\/vc_column][vc_column width=&#8221;1\/6&#8243;][\/vc_column][\/vc_row][vc_row][vc_column width=&#8221;1\/6&#8243;][\/vc_column][vc_column width=&#8221;1\/3&#8243;][vc_column_text]<\/p>\n<h3 style=\"text-align: center;\"><strong>Automobilom<\/strong><\/h3>\n<p>[\/vc_column_text][vc_column_text]<\/p>\n<h4 style=\"text-align: left;\">Autocesta Zagreb &#8211; Split A1. Krenite na izlaz broj 15 &#8220;Starigrad-Obrovac-Maslenica&#8221; i nastavite dalje 10km\u00a0Jadranskom magistralom &#8211; dr\u017eavna cesta D-8 u smjeru Rijeke.<\/h4>\n<p>[\/vc_column_text][\/vc_column][vc_column width=&#8221;1\/3&#8243;][vc_column_text]<\/p>\n<h3 style=\"text-align: center;\"><strong>Zrakoplovom<\/strong><\/h3>\n<p>[\/vc_column_text][vc_column_text]<\/p>\n<h4 style=\"text-align: left;\">Zra\u010dna luka Zemunik (ZAD) dobro je povezana sa svim ve\u0107im gradovima u Hrvatskoj i Europi, te je 40 km udaljena od Starigrada-Paklenice. Nadalje, Paklenica se mo\u017ee do\u0107i preko Zra\u010dne luke Split (150 km) i Zagreb (290 km).<\/h4>\n<p>[\/vc_column_text][\/vc_column][vc_column width=&#8221;1\/6&#8243;][\/vc_column][\/vc_row][vc_row][vc_column width=&#8221;1\/6&#8243;][\/vc_column][vc_column width=&#8221;2\/3&#8243;][vc_separator border_width=&#8221;2&#8243;][\/vc_column][vc_column width=&#8221;1\/6&#8243;][\/vc_column][\/vc_row]<\/p>\n","protected":false},"excerpt":{"rendered":"<p>[vc_row full_width=&#8221;stretch_row_content_no_spaces&#8221; css=&#8221;.vc_custom_1620735770839{background-position: center !important;background-repeat: no-repeat !important;background-size: cover !important;}&#8221;][vc_column][\/vc_column][\/vc_row][vc_row][vc_column][vc_gmaps link=&#8221;#E-8_JTNDaWZyYW1lJTIwc3JjJTNEJTIyaHR0cHMlM0ElMkYlMkZ3d3cuZ29vZ2xlLmNvbSUyRm1hcHMlMkZlbWJlZCUzRnBiJTNEJTIxMW0xNCUyMTFtOCUyMTFtMyUyMTFkMTc3OTcyLjAwODI1NTU3ODElMjEyZDE1Ljk4MTkxOTAwMDAwMDAwMSUyMTNkNDUuODE1MDEwNzk5OTk5OTk2JTIxM20yJTIxMWkxMDI0JTIxMmk3NjglMjE0ZjEzLjElMjEzbTMlMjExbTIlMjExczB4MCUyNTNBMHhhNGM0OWFiYWQ1YTRjNTglMjEyc1BhbnNpb24lMkJJdmFuJTIxNWUwJTIxM20yJTIxMXNociUyMTJzaHIlMjE0djE0ODQyMzI0MTA1NjclMjIlMjB3aWR0aCUzRCUyMjYwMCUyMiUyMGhlaWdodCUzRCUyMjQ1MCUyMiUyMGZyYW1lYm9yZGVyJTNEJTIyMCUyMiUyMHN0eWxlJTNEJTIyYm9yZGVyJTNBMCUyMiUyMGFsbG93ZnVsbHNjcmVlbiUzRSUzQyUyRmlmcmFtZSUzRQ==&#8221;][vc_column_text] GPS:\u00a0\u0160irina\u00a044\u00b0 17\u2032 13\u2033 N (44.287170) Du\u017eina 15\u00b0 26\u2032 52\u2033 E (15.447850) [\/vc_column_text][vc_separator border_width=&#8221;2&#8243;][\/vc_column][\/vc_row][vc_row full_width=&#8221;stretch_row_content&#8221;][vc_column width=&#8221;1\/6&#8243;][\/vc_column][vc_column width=&#8221;1\/3&#8243;][vc_column_text] Rezervacije [\/vc_column_text][vc_column_text] Ukoliko imate bilo kakvih pitanja ili zahtjeve, ne ustru\u010davajte se kontaktirati nas. Molimo dodajte svoje ime, broj gostiju, datum dolaska i odlaska. Veselimo se Va\u0161em javljanju! [\/vc_column_text][vc_separator [&hellip;]<\/p>\n","protected":false},"author":1,"featured_media":0,"parent":0,"menu_order":0,"comment_status":"closed","ping_status":"closed","template":"","meta":{"_monsterinsights_skip_tracking":false,"_monsterinsights_sitenote_active":false,"_monsterinsights_sitenote_note":"","_monsterinsights_sitenote_category":0},"yoast_head":"<!-- This site is optimized with the Yoast SEO plugin v16.6.1 - https:\/\/yoast.com\/wordpress\/plugins\/seo\/ -->\n<title>Kontakt - Pansion Ivan<\/title>\n<meta name=\"robots\" content=\"index, follow, max-snippet:-1, max-image-preview:large, max-video-preview:-1\" \/>\n<link rel=\"canonical\" href=\"https:\/\/pansion-ivan.com\/contact\/\" \/>\n<meta property=\"og:locale\" content=\"hr_HR\" \/>\n<meta property=\"og:type\" content=\"article\" \/>\n<meta property=\"og:title\" content=\"Kontakt - Pansion Ivan\" \/>\n<meta property=\"og:description\" content=\"[vc_row full_width=&#8221;stretch_row_content_no_spaces&#8221; css=&#8221;.vc_custom_1620735770839{background-position: center !important;background-repeat: no-repeat !important;background-size: cover !important;}&#8221;][vc_column][\/vc_column][\/vc_row][vc_row][vc_column][vc_gmaps link=&#8221;#E-8_JTNDaWZyYW1lJTIwc3JjJTNEJTIyaHR0cHMlM0ElMkYlMkZ3d3cuZ29vZ2xlLmNvbSUyRm1hcHMlMkZlbWJlZCUzRnBiJTNEJTIxMW0xNCUyMTFtOCUyMTFtMyUyMTFkMTc3OTcyLjAwODI1NTU3ODElMjEyZDE1Ljk4MTkxOTAwMDAwMDAwMSUyMTNkNDUuODE1MDEwNzk5OTk5OTk2JTIxM20yJTIxMWkxMDI0JTIxMmk3NjglMjE0ZjEzLjElMjEzbTMlMjExbTIlMjExczB4MCUyNTNBMHhhNGM0OWFiYWQ1YTRjNTglMjEyc1BhbnNpb24lMkJJdmFuJTIxNWUwJTIxM20yJTIxMXNociUyMTJzaHIlMjE0djE0ODQyMzI0MTA1NjclMjIlMjB3aWR0aCUzRCUyMjYwMCUyMiUyMGhlaWdodCUzRCUyMjQ1MCUyMiUyMGZyYW1lYm9yZGVyJTNEJTIyMCUyMiUyMHN0eWxlJTNEJTIyYm9yZGVyJTNBMCUyMiUyMGFsbG93ZnVsbHNjcmVlbiUzRSUzQyUyRmlmcmFtZSUzRQ==&#8221;][vc_column_text] GPS:\u00a0\u0160irina\u00a044\u00b0 17\u2032 13\u2033 N (44.287170) Du\u017eina 15\u00b0 26\u2032 52\u2033 E (15.447850) [\/vc_column_text][vc_separator border_width=&#8221;2&#8243;][\/vc_column][\/vc_row][vc_row full_width=&#8221;stretch_row_content&#8221;][vc_column width=&#8221;1\/6&#8243;][\/vc_column][vc_column width=&#8221;1\/3&#8243;][vc_column_text] Rezervacije [\/vc_column_text][vc_column_text] Ukoliko imate bilo kakvih pitanja ili zahtjeve, ne ustru\u010davajte se kontaktirati nas. Molimo dodajte svoje ime, broj gostiju, datum dolaska i odlaska. Veselimo se Va\u0161em javljanju! [\/vc_column_text][vc_separator [&hellip;]\" \/>\n<meta property=\"og:url\" content=\"https:\/\/pansion-ivan.com\/contact\/\" \/>\n<meta property=\"og:site_name\" content=\"Pansion Ivan\" \/>\n<meta property=\"article:modified_time\" content=\"2021-06-14T13:41:59+00:00\" \/>\n<meta name=\"twitter:card\" content=\"summary_large_image\" \/>\n<meta name=\"twitter:label1\" content=\"Procijenjeno vrijeme \u010ditanja\" \/>\n\t<meta name=\"twitter:data1\" content=\"1 minuta\" \/>\n<script type=\"application\/ld+json\" class=\"yoast-schema-graph\">{\"@context\":\"https:\/\/schema.org\",\"@graph\":[{\"@type\":\"WebSite\",\"@id\":\"https:\/\/pansion-ivan.com\/#website\",\"url\":\"https:\/\/pansion-ivan.com\/\",\"name\":\"Pansion Ivan\",\"description\":\"Starigrad Paklenica\",\"potentialAction\":[{\"@type\":\"SearchAction\",\"target\":{\"@type\":\"EntryPoint\",\"urlTemplate\":\"https:\/\/pansion-ivan.com\/?s={search_term_string}\"},\"query-input\":\"required name=search_term_string\"}],\"inLanguage\":\"hr\"},{\"@type\":\"WebPage\",\"@id\":\"https:\/\/pansion-ivan.com\/contact\/#webpage\",\"url\":\"https:\/\/pansion-ivan.com\/contact\/\",\"name\":\"Kontakt - Pansion Ivan\",\"isPartOf\":{\"@id\":\"https:\/\/pansion-ivan.com\/#website\"},\"datePublished\":\"2016-10-24T05:48:38+00:00\",\"dateModified\":\"2021-06-14T13:41:59+00:00\",\"breadcrumb\":{\"@id\":\"https:\/\/pansion-ivan.com\/contact\/#breadcrumb\"},\"inLanguage\":\"hr\",\"potentialAction\":[{\"@type\":\"ReadAction\",\"target\":[\"https:\/\/pansion-ivan.com\/contact\/\"]}]},{\"@type\":\"BreadcrumbList\",\"@id\":\"https:\/\/pansion-ivan.com\/contact\/#breadcrumb\",\"itemListElement\":[{\"@type\":\"ListItem\",\"position\":1,\"name\":\"Home\",\"item\":\"https:\/\/pansion-ivan.com\/\"},{\"@type\":\"ListItem\",\"position\":2,\"name\":\"Contact\"}]}]}<\/script>\n<!-- \/ Yoast SEO plugin. -->","_links":{"self":[{"href":"https:\/\/pansion-ivan.com\/hr\/wp-json\/wp\/v2\/pages\/406"}],"collection":[{"href":"https:\/\/pansion-ivan.com\/hr\/wp-json\/wp\/v2\/pages"}],"about":[{"href":"https:\/\/pansion-ivan.com\/hr\/wp-json\/wp\/v2\/types\/page"}],"author":[{"embeddable":true,"href":"https:\/\/pansion-ivan.com\/hr\/wp-json\/wp\/v2\/users\/1"}],"replies":[{"embeddable":true,"href":"https:\/\/pansion-ivan.com\/hr\/wp-json\/wp\/v2\/comments?post=406"}],"version-history":[{"count":86,"href":"https:\/\/pansion-ivan.com\/hr\/wp-json\/wp\/v2\/pages\/406\/revisions"}],"predecessor-version":[{"id":1556,"href":"https:\/\/pansion-ivan.com\/hr\/wp-json\/wp\/v2\/pages\/406\/revisions\/1556"}],"wp:attachment":[{"href":"https:\/\/pansion-ivan.com\/hr\/wp-json\/wp\/v2\/media?parent=406"}],"curies":[{"name":"wp","href":"https:\/\/api.w.org\/{rel}","templated":true}]}}