{"id":4,"date":"2016-10-24T05:48:09","date_gmt":"2016-10-24T05:48:09","guid":{"rendered":"http:\/\/thenordik.com\/demo\/themeforest\/wordpress\/xml_demo\/?page_id=4"},"modified":"2021-05-11T20:01:41","modified_gmt":"2021-05-11T20:01:41","slug":"accommodation-starigrad-paklenica","status":"publish","type":"page","link":"https:\/\/pansion-ivan.com\/hr\/","title":{"rendered":"Home"},"content":{"rendered":"<p>[vc_row full_width=&#8221;stretch_row_content_no_spaces&#8221; content_placement=&#8221;top&#8221; opacity=&#8221;opacity-15&#8243; css=&#8221;.vc_custom_1620734010771{background-position: center !important;background-repeat: no-repeat !important;background-size: cover !important;}&#8221; bg_clr=&#8221;#0a0a0a&#8221;][vc_column][vc_column_text][\/vc_column_text][\/vc_column][\/vc_row][vc_row content_placement=&#8221;top&#8221; opacity=&#8221;opacity-15&#8243; css=&#8221;.vc_custom_1484261350397{background-position: center !important;background-repeat: no-repeat !important;background-size: cover !important;}&#8221; bg_clr=&#8221;#0a0a0a&#8221;][vc_column][vc_empty_space][\/vc_column][\/vc_row][vc_row content_placement=&#8221;top&#8221; opacity=&#8221;opacity-15&#8243; css=&#8221;.vc_custom_1484261350397{background-position: center !important;background-repeat: no-repeat !important;background-size: cover !important;}&#8221; bg_clr=&#8221;#0a0a0a&#8221;][vc_column][vc_column_text]<\/p>\n<h3 style=\"text-align: center;\">O nama<\/h3>\n<p>[\/vc_column_text][\/vc_column][\/vc_row][vc_row][vc_column width=&#8221;1\/6&#8243;][\/vc_column][vc_column width=&#8221;2\/6&#8243;][vc_column_text]<\/p>\n<div class=\"dropcapsimple\">Pansion Ivan nalazi se u mirnom dijelu starog dalmatinskog mjesta Starigrad Paklenice, samo nekoliko koraka udaljen od pla\u017ee i centra mjesta. Kao i ostale tradicionalne dalmatinske obitelji, bavimo se iznajmljivanjem soba i apartmana ve\u0107 generacijama. Na\u0161a ku\u0107a pru\u017ea idealne uvjete za opu\u0161taju\u0107i odmor, daleko od masovnog turizma za samce, kao i obitelji s djecom ili ve\u0107im grupama turista.<\/div>\n<p>[\/vc_column_text][\/vc_column][vc_column width=&#8221;2\/6&#8243;][vc_column_text]<\/p>\n<div class=\"dropcapsimple\">Prijatelji Hrvatske koji cijene originalnu i ugodnu atmosferu Dalmacije, s nama \u0107e se sigurno osje\u0107ati kao kod ku\u0107e. Nastojimo pomo\u0107i na\u0161im gostima u svim njihovim interesima i rado \u0107emo Vam predstaviti na\u0161u zemlju te njene obi\u010daje i ljude. Ako \u017eelite, Va\u0161 doma\u0107in Ivan, kao iskusan turisti\u010dki vodi\u010d, pratiti \u0107e Vas na Va\u0161em Izletu kroz prekrasnu i netaknutu prirodu Pakleni\u010dke regije, kao \u0161to je na primjer i sam Nacionalni park Paklenica.<\/div>\n<p>[\/vc_column_text][\/vc_column][vc_column width=&#8221;1\/6&#8243;][\/vc_column][\/vc_row][vc_row content_placement=&#8221;top&#8221; opacity=&#8221;opacity-15&#8243; css=&#8221;.vc_custom_1484261350397{background-position: center !important;background-repeat: no-repeat !important;background-size: cover !important;}&#8221; bg_clr=&#8221;#0a0a0a&#8221;][vc_column][vc_empty_space][\/vc_column][\/vc_row][vc_row][vc_column width=&#8221;1\/6&#8243;][\/vc_column][vc_column width=&#8221;2\/6&#8243;][vc_column_text]<\/p>\n<h3 style=\"text-align: center;\">Pogledajte na\u0161u ponudu smje\u0161taja:<\/h3>\n<p>[\/vc_column_text][\/vc_column][vc_column width=&#8221;2\/6&#8243;][vc_btn title=&#8221;SMJE\u0160TAJ&#8221; style=&#8221;gradient&#8221; gradient_color_1=&#8221;green&#8221; gradient_color_2=&#8221;vista-blue&#8221; size=&#8221;lg&#8221; align=&#8221;center&#8221; css_animation=&#8221;fadeIn&#8221; link=&#8221;url:https%3A%2F%2Fpansion-ivan.com%2Fhr%2Faccommodation%2F|title:Smje%C5%A1taj&#8221;][\/vc_column][vc_column width=&#8221;1\/6&#8243;][\/vc_column][\/vc_row][vc_row][vc_column width=&#8221;1\/6&#8243;][\/vc_column][vc_column width=&#8221;2\/3&#8243;][vc_separator color=&#8221;violet&#8221; style=&#8221;shadow&#8221; border_width=&#8221;2&#8243;][\/vc_column][vc_column width=&#8221;1\/6&#8243;][\/vc_column][\/vc_row][vc_row][vc_column width=&#8221;1\/4&#8243;][\/vc_column][vc_column width=&#8221;1\/2&#8243;][vc_column_text]<\/p>\n<h4 style=\"text-align: center;\"><span style=\"color: #800080;\">Ostavite svakodnevnicu iza sebe, mi \u017eelimo da se Vi osje\u0107ate kao doma!<\/span><\/h4>\n<p>[\/vc_column_text][\/vc_column][vc_column width=&#8221;1\/4&#8243;][\/vc_column][\/vc_row][vc_row content_placement=&#8221;top&#8221; opacity=&#8221;opacity-15&#8243; css=&#8221;.vc_custom_1484270610127{background-position: center !important;background-repeat: no-repeat !important;background-size: cover !important;}&#8221; bg_clr=&#8221;#0a0a0a&#8221;][vc_column width=&#8221;1\/6&#8243;][\/vc_column][vc_column width=&#8221;2\/3&#8243;][vc_separator color=&#8221;violet&#8221; style=&#8221;shadow&#8221; border_width=&#8221;2&#8243;][\/vc_column][vc_column width=&#8221;1\/6&#8243;][\/vc_column][\/vc_row][vc_row content_placement=&#8221;top&#8221; opacity=&#8221;opacity-15&#8243; css=&#8221;.vc_custom_1484270610127{background-position: center !important;background-repeat: no-repeat !important;background-size: cover !important;}&#8221; bg_clr=&#8221;#0a0a0a&#8221;][vc_column][vc_column_text]<\/p>\n<h3 style=\"text-align: center;\">Na\u0161a lokacija:<\/h3>\n<p>[\/vc_column_text][\/vc_column][\/vc_row][vc_row][vc_column width=&#8221;1\/6&#8243;][\/vc_column][vc_column width=&#8221;2\/3&#8243;][vc_gmaps link=&#8221;#E-8_JTNDaWZyYW1lJTIwc3JjJTNEJTIyaHR0cHMlM0ElMkYlMkZ3d3cuZ29vZ2xlLmNvbSUyRm1hcHMlMkZlbWJlZCUzRnBiJTNEJTIxMW0xOCUyMTFtMTIlMjExbTMlMjExZDI4NTUuNjY2NjIwMzk5ODc1NyUyMTJkMTUuNDM0NzIzNDUxMjExNTU5JTIxM2Q0NC4yOTYyNDQ1MTg1MjU2NzUlMjEybTMlMjExZjAlMjEyZjAlMjEzZjAlMjEzbTIlMjExaTEwMjQlMjEyaTc2OCUyMTRmMTMuMSUyMTNtMyUyMTFtMiUyMTFzMHg0NzYxOTI0ZWY1NmFjY2Q3JTI1M0EweGE0YzQ5YWJhZDVhNGM1OCUyMTJzUGFuc2lvbiUyQkl2YW4lMjE1ZTAlMjEzbTIlMjExc2hyJTIxMnNociUyMTR2MTQ4NDI2MTkxNzMzNCUyMiUyMHdpZHRoJTNEJTIyODAwJTIyJTIwaGVpZ2h0JTNEJTIyNjAwJTIyJTIwZnJhbWVib3JkZXIlM0QlMjIwJTIyJTIwc3R5bGUlM0QlMjJib3JkZXIlM0EwJTIyJTIwYWxsb3dmdWxsc2NyZWVuJTNFJTNDJTJGaWZyYW1lJTNF&#8221;][vc_column_text]<\/p>\n<h5 style=\"text-align: center;\"><strong>GPS:\u00a0<\/strong>\u0160irina\u00a044\u00b0 17\u2032 13\u2033 N (44.287170) Du\u017eina\u00a015\u00b0 26\u2032 52\u2033 E (15.447850)<\/h5>\n<p>[\/vc_column_text][\/vc_column][vc_column width=&#8221;1\/6&#8243;][\/vc_column][\/vc_row][vc_row][vc_column width=&#8221;1\/6&#8243;][\/vc_column][vc_column width=&#8221;2\/3&#8243;][vc_separator color=&#8221;violet&#8221; style=&#8221;shadow&#8221; border_width=&#8221;2&#8243;][\/vc_column][vc_column width=&#8221;1\/6&#8243;][\/vc_column][\/vc_row][vc_row][vc_column width=&#8221;1\/6&#8243;][\/vc_column][vc_column width=&#8221;2\/3&#8243;][vc_column_text]<\/p>\n<h3 style=\"text-align: center;\">Kako do nas:<\/h3>\n<p>[\/vc_column_text][\/vc_column][vc_column width=&#8221;1\/6&#8243;][\/vc_column][\/vc_row][vc_row][vc_column width=&#8221;1\/6&#8243;][\/vc_column][vc_column width=&#8221;1\/3&#8243;][vc_column_text]<\/p>\n<h3 style=\"text-align: center;\">Automobilom:<\/h3>\n<p>[\/vc_column_text][vc_column_text]<\/p>\n<h5 style=\"text-align: center;\">Autocestom Zagreb &#8211; Split A1. Krenite na izlaz br 15 &#8220;Starigrad-Obrovac-Maslenica&#8221; i dalje 10km na Jadranskom magistralom &#8211; dr\u017eavne ceste D8 u smjeru Rijeke.<\/h5>\n<p>[\/vc_column_text][\/vc_column][vc_column width=&#8221;1\/3&#8243;][vc_column_text]<\/p>\n<h3 style=\"text-align: center;\">Zrakoplovom:<\/h3>\n<p>[\/vc_column_text][vc_column_text]<\/p>\n<h5 style=\"text-align: center;\">Zra\u010dna luka Zemunik (ZAD) dobro je povezana sa svim ve\u0107im gradovima u Hrvatskoj i Europi, te je 40 km udaljena od Starigrada. Nadalje, Paklenica se mo\u017ee do\u0107i preko zra\u010dne luke Split (150 km) i Zagreb (290 km).<\/h5>\n<p>[\/vc_column_text][\/vc_column][vc_column width=&#8221;1\/6&#8243;][\/vc_column][\/vc_row][vc_row][vc_column width=&#8221;1\/6&#8243;][\/vc_column][vc_column width=&#8221;2\/3&#8243;][vc_separator color=&#8221;violet&#8221; style=&#8221;shadow&#8221; border_width=&#8221;2&#8243;][\/vc_column][vc_column width=&#8221;1\/6&#8243;][\/vc_column][\/vc_row][vc_row][vc_column][vc_column_text]<\/p>\n<h3 style=\"text-align: center;\">Kontaktirajte nas<\/h3>\n<p>[\/vc_column_text][\/vc_column][\/vc_row][vc_row full_width=&#8221;stretch_row_content&#8221;][vc_column width=&#8221;1\/4&#8243;][\/vc_column][vc_column width=&#8221;1\/2&#8243; css=&#8221;.vc_custom_1620762717939{background-color: #cbd6c5 !important;border-radius: 2px !important;}&#8221;]<div role=\"form\" class=\"wpcf7\" id=\"wpcf7-f493-o1\" lang=\"en-US\" dir=\"ltr\">\n<div class=\"screen-reader-response\"><p role=\"status\" aria-live=\"polite\" aria-atomic=\"true\"><\/p> <ul><\/ul><\/div>\n<form action=\"\/hr\/wp-json\/wp\/v2\/pages\/4#wpcf7-f493-o1\" method=\"post\" class=\"wpcf7-form init\" novalidate=\"novalidate\" data-status=\"init\">\n<div style=\"display: none;\">\n<input type=\"hidden\" name=\"_wpcf7\" value=\"493\" \/>\n<input type=\"hidden\" name=\"_wpcf7_version\" value=\"5.4.1\" \/>\n<input type=\"hidden\" name=\"_wpcf7_locale\" value=\"en_US\" \/>\n<input type=\"hidden\" name=\"_wpcf7_unit_tag\" value=\"wpcf7-f493-o1\" \/>\n<input type=\"hidden\" name=\"_wpcf7_container_post\" value=\"0\" \/>\n<input type=\"hidden\" name=\"_wpcf7_posted_data_hash\" value=\"\" \/>\n<input type=\"hidden\" name=\"_wpcf7_recaptcha_response\" value=\"\" \/>\n<\/div>\n<p><center>\n<p>Va\u0161e ime (obavezno)<br \/>\n    <span class=\"wpcf7-form-control-wrap your-name\"><input type=\"text\" name=\"your-name\" value=\"\" size=\"40\" class=\"wpcf7-form-control wpcf7-text wpcf7-validates-as-required\" aria-required=\"true\" aria-invalid=\"false\" \/><\/span> <\/p>\n<p>Va\u0161 email (obavezno)<br \/>\n    <span class=\"wpcf7-form-control-wrap your-email\"><input type=\"email\" name=\"your-email\" value=\"\" size=\"40\" class=\"wpcf7-form-control wpcf7-text wpcf7-email wpcf7-validates-as-required wpcf7-validates-as-email\" aria-required=\"true\" aria-invalid=\"false\" \/><\/span> <\/p>\n<p>Predmet<br \/>\n    <span class=\"wpcf7-form-control-wrap your-subject\"><input type=\"text\" name=\"your-subject\" value=\"\" size=\"40\" class=\"wpcf7-form-control wpcf7-text\" aria-invalid=\"false\" \/><\/span> <\/p>\n<p>Va\u0161a poruka<br \/>\n    <span class=\"wpcf7-form-control-wrap your-message\"><textarea name=\"your-message\" cols=\"40\" rows=\"10\" class=\"wpcf7-form-control wpcf7-textarea\" aria-invalid=\"false\"><\/textarea><\/span> <\/p>\n\n<p><input type=\"submit\" value=\"Po\u0161alji\" class=\"wpcf7-form-control wpcf7-submit\" \/><\/p>\n<p><\/center><\/p>\n<div class=\"wpcf7-response-output\" aria-hidden=\"true\"><\/div><\/form><\/div>[\/vc_column][vc_column width=&#8221;1\/4&#8243;][\/vc_column][\/vc_row][vc_row][vc_column][vc_empty_space height=&#8221;100px&#8221;][\/vc_column][\/vc_row]<\/p>\n","protected":false},"excerpt":{"rendered":"<p>[vc_row full_width=&#8221;stretch_row_content_no_spaces&#8221; content_placement=&#8221;top&#8221; opacity=&#8221;opacity-15&#8243; css=&#8221;.vc_custom_1620734010771{background-position: center !important;background-repeat: no-repeat !important;background-size: cover !important;}&#8221; bg_clr=&#8221;#0a0a0a&#8221;][vc_column][vc_column_text][\/vc_column_text][\/vc_column][\/vc_row][vc_row content_placement=&#8221;top&#8221; opacity=&#8221;opacity-15&#8243; css=&#8221;.vc_custom_1484261350397{background-position: center !important;background-repeat: no-repeat !important;background-size: cover !important;}&#8221; bg_clr=&#8221;#0a0a0a&#8221;][vc_column][vc_empty_space][\/vc_column][\/vc_row][vc_row content_placement=&#8221;top&#8221; opacity=&#8221;opacity-15&#8243; css=&#8221;.vc_custom_1484261350397{background-position: center !important;background-repeat: no-repeat !important;background-size: cover !important;}&#8221; bg_clr=&#8221;#0a0a0a&#8221;][vc_column][vc_column_text] O nama [\/vc_column_text][\/vc_column][\/vc_row][vc_row][vc_column width=&#8221;1\/6&#8243;][\/vc_column][vc_column width=&#8221;2\/6&#8243;][vc_column_text] Pansion Ivan nalazi se u mirnom dijelu starog dalmatinskog mjesta Starigrad Paklenice, samo nekoliko koraka udaljen od pla\u017ee [&hellip;]<\/p>\n","protected":false},"author":1,"featured_media":0,"parent":0,"menu_order":0,"comment_status":"closed","ping_status":"closed","template":"","meta":{"_monsterinsights_skip_tracking":false,"_monsterinsights_sitenote_active":false,"_monsterinsights_sitenote_note":"","_monsterinsights_sitenote_category":0},"yoast_head":"<!-- This site is optimized with the Yoast SEO plugin v16.6.1 - https:\/\/yoast.com\/wordpress\/plugins\/seo\/ -->\n<title>Home - Pansion Ivan - Starigrad Paklenica<\/title>\n<meta name=\"description\" content=\"(English) Pensione Ivan is located at the quiet part of the old dalmatian town Starigrad Paklenica, just a few footsteps away from the beach and town centre.As a traditional dalmatian family we have been renting rooms and apartments for generations.Our house offers ideal facilities for a relaxing vacation away from mass tourism for singles as well as families with children or larger tourist groups. Friends of Croatia who appreciate the original and welcoming atmosphere of Dalmatia will certainly feel at home with us. We strive to assist our guests in all their interests and will gladly introduce you to our country and its people. If desired, your host Ivan as an experienced tourist guide will accompany you on your trips through the wonderful and pristine nature of the Paklenica region, as for example the Paklenica National Park. Starigrad Paklenica is a picturesque dalmatian coastal town at the bottom of Croatia\u2019s largest mountain range \u2013 the Velebit, located about 40 km higher north of Zadar. The town emerged from the ancient town Argyruntum and was first mentioned during the Roman Age.Today Starigrad is the heart of the Paklenica Riviera, a coastal region, 20 km long, where the mountains meet the sea. Check out our accommodation offer.\" \/>\n<meta name=\"robots\" content=\"index, follow, max-snippet:-1, max-image-preview:large, max-video-preview:-1\" \/>\n<link rel=\"canonical\" href=\"https:\/\/pansion-ivan.com\/\" \/>\n<meta property=\"og:locale\" content=\"hr_HR\" \/>\n<meta property=\"og:type\" content=\"article\" \/>\n<meta property=\"og:title\" content=\"[:en]Home - Pansion Ivan - Starigrad Paklenica Home - Pansion Ivan - Starigrad Paklenica [:de]Home - Pansion Ivan - Starigrad Paklenica Home - Pansion Ivan - Starigrad Paklenica Home - Pansion Ivan - Starigrad Paklenica [:hr] Home - Pansion Ivan - Starigrad Paklenica [:]\" \/>\n<meta property=\"og:description\" content=\"{:en}Pensione Ivan is located at the quiet part of the old dalmatian town Starigrad Paklenica, just a few footsteps away from the beach and town centre.As a traditional dalmatian family we have been renting rooms and apartments for generations.Our house offers ideal facilities for a relaxing vacation away from mass tourism for singles as well as families with children or larger tourist groups. Friends of Croatia who appreciate the original and welcoming atmosphere of Dalmatia will certainly feel at home with us. We strive to assist our guests in all their interests and will gladly introduce you to our country and its people. If desired, your host Ivan as an experienced tourist guide will accompany you on your trips through the wonderful and pristine nature of the Paklenica region, as for example the Paklenica National Park. Starigrad Paklenica is a picturesque dalmatian coastal town at the bottom of Croatia\u2019s largest mountain range \u2013 the Velebit, located about 40 km higher north of Zadar. The town emerged from the ancient town Argyruntum and was first mentioned during the Roman Age.Today Starigrad is the heart of the Paklenica Riviera, a coastal region, 20 km long, where the mountains meet the sea. Check out our accommodation offer.{:de} Pensione Ivan is located at the quiet part of the old dalmatian town Starigrad Paklenica, just a few footsteps away from the beach and town centre.As a traditional dalmatian family we have been renting rooms and apartments for generations.Our house offers ideal facilities for a relaxing vacation away from mass tourism for singles as well as families with children or larger tourist groups. Friends of Croatia who appreciate the original and welcoming atmosphere of Dalmatia will certainly feel at home with us. We strive to assist our guests in all their interests and will gladly introduce you to our country and its people. If desired, your host Ivan as an experienced tourist guide will accompany you on your trips through the wonderful and pristine nature of the Paklenica region, as for example the Paklenica National Park. Starigrad Paklenica is a picturesque dalmatian coastal town at the bottom of Croatia\u2019s largest mountain range \u2013 the Velebit, located about 40 km higher north of Zadar. The town emerged from the ancient town Argyruntum and was first mentioned during the Roman Age.Today Starigrad is the heart of the Paklenica Riviera, a coastal region, 20 km long, where the mountains meet the sea. Check out our accommodation offer. {:}\" \/>\n<meta property=\"og:url\" content=\"https:\/\/pansion-ivan.com\/\" \/>\n<meta property=\"og:site_name\" content=\"Pansion Ivan\" \/>\n<meta property=\"article:modified_time\" content=\"2021-05-11T20:01:41+00:00\" \/>\n<meta name=\"twitter:card\" content=\"summary_large_image\" \/>\n<meta name=\"twitter:label1\" content=\"Procijenjeno vrijeme \u010ditanja\" \/>\n\t<meta name=\"twitter:data1\" content=\"2 minute\" \/>\n<script type=\"application\/ld+json\" class=\"yoast-schema-graph\">{\"@context\":\"https:\/\/schema.org\",\"@graph\":[{\"@type\":\"WebSite\",\"@id\":\"https:\/\/pansion-ivan.com\/#website\",\"url\":\"https:\/\/pansion-ivan.com\/\",\"name\":\"Pansion Ivan\",\"description\":\"Starigrad Paklenica\",\"potentialAction\":[{\"@type\":\"SearchAction\",\"target\":{\"@type\":\"EntryPoint\",\"urlTemplate\":\"https:\/\/pansion-ivan.com\/?s={search_term_string}\"},\"query-input\":\"required name=search_term_string\"}],\"inLanguage\":\"hr\"},{\"@type\":\"WebPage\",\"@id\":\"https:\/\/pansion-ivan.com\/#webpage\",\"url\":\"https:\/\/pansion-ivan.com\/\",\"name\":\"[:en]Home - Pansion Ivan - Starigrad Paklenica Home - Pansion Ivan - Starigrad Paklenica [:de]Home - Pansion Ivan - Starigrad Paklenica Home - Pansion Ivan - Starigrad Paklenica Home - Pansion Ivan - Starigrad Paklenica [:hr] Home - Pansion Ivan - Starigrad Paklenica [:]\",\"isPartOf\":{\"@id\":\"https:\/\/pansion-ivan.com\/#website\"},\"datePublished\":\"2016-10-24T05:48:09+00:00\",\"dateModified\":\"2021-05-11T20:01:41+00:00\",\"description\":\"{:en}Pensione Ivan is located at the quiet part of the old dalmatian town Starigrad Paklenica, just a few footsteps away from the beach and town centre.As a traditional dalmatian family we have been renting rooms and apartments for generations.Our house offers ideal facilities for a relaxing vacation away from mass tourism for singles as well as families with children or larger tourist groups. Friends of Croatia who appreciate the original and welcoming atmosphere of Dalmatia will certainly feel at home with us. We strive to assist our guests in all their interests and will gladly introduce you to our country and its people. If desired, your host Ivan as an experienced tourist guide will accompany you on your trips through the wonderful and pristine nature of the Paklenica region, as for example the Paklenica National Park. Starigrad Paklenica is a picturesque dalmatian coastal town at the bottom of Croatia\\u2019s largest mountain range \\u2013 the Velebit, located about 40 km higher north of Zadar. The town emerged from the ancient town Argyruntum and was first mentioned during the Roman Age.Today Starigrad is the heart of the Paklenica Riviera, a coastal region, 20 km long, where the mountains meet the sea. Check out our accommodation offer.{:de} Pensione Ivan is located at the quiet part of the old dalmatian town Starigrad Paklenica, just a few footsteps away from the beach and town centre.As a traditional dalmatian family we have been renting rooms and apartments for generations.Our house offers ideal facilities for a relaxing vacation away from mass tourism for singles as well as families with children or larger tourist groups. Friends of Croatia who appreciate the original and welcoming atmosphere of Dalmatia will certainly feel at home with us. We strive to assist our guests in all their interests and will gladly introduce you to our country and its people. If desired, your host Ivan as an experienced tourist guide will accompany you on your trips through the wonderful and pristine nature of the Paklenica region, as for example the Paklenica National Park. Starigrad Paklenica is a picturesque dalmatian coastal town at the bottom of Croatia\\u2019s largest mountain range \\u2013 the Velebit, located about 40 km higher north of Zadar. The town emerged from the ancient town Argyruntum and was first mentioned during the Roman Age.Today Starigrad is the heart of the Paklenica Riviera, a coastal region, 20 km long, where the mountains meet the sea. Check out our accommodation offer. {:}\",\"breadcrumb\":{\"@id\":\"https:\/\/pansion-ivan.com\/#breadcrumb\"},\"inLanguage\":\"hr\",\"potentialAction\":[{\"@type\":\"ReadAction\",\"target\":[\"https:\/\/pansion-ivan.com\/\"]}]},{\"@type\":\"BreadcrumbList\",\"@id\":\"https:\/\/pansion-ivan.com\/#breadcrumb\",\"itemListElement\":[{\"@type\":\"ListItem\",\"position\":1,\"name\":\"Home\",\"item\":\"https:\/\/pansion-ivan.com\/\"},{\"@type\":\"ListItem\",\"position\":2,\"name\":\"Home\"}]}]}<\/script>\n<!-- \/ Yoast SEO plugin. -->","_links":{"self":[{"href":"https:\/\/pansion-ivan.com\/hr\/wp-json\/wp\/v2\/pages\/4"}],"collection":[{"href":"https:\/\/pansion-ivan.com\/hr\/wp-json\/wp\/v2\/pages"}],"about":[{"href":"https:\/\/pansion-ivan.com\/hr\/wp-json\/wp\/v2\/types\/page"}],"author":[{"embeddable":true,"href":"https:\/\/pansion-ivan.com\/hr\/wp-json\/wp\/v2\/users\/1"}],"replies":[{"embeddable":true,"href":"https:\/\/pansion-ivan.com\/hr\/wp-json\/wp\/v2\/comments?post=4"}],"version-history":[{"count":146,"href":"https:\/\/pansion-ivan.com\/hr\/wp-json\/wp\/v2\/pages\/4\/revisions"}],"predecessor-version":[{"id":1551,"href":"https:\/\/pansion-ivan.com\/hr\/wp-json\/wp\/v2\/pages\/4\/revisions\/1551"}],"wp:attachment":[{"href":"https:\/\/pansion-ivan.com\/hr\/wp-json\/wp\/v2\/media?parent=4"}],"curies":[{"name":"wp","href":"https:\/\/api.w.org\/{rel}","templated":true}]}}