{"id":1018,"date":"2017-01-15T03:05:56","date_gmt":"2017-01-15T03:05:56","guid":{"rendered":"http:\/\/pansion-ivan.com\/?page_id=1018"},"modified":"2021-05-11T14:28:05","modified_gmt":"2021-05-11T14:28:05","slug":"excursions","status":"publish","type":"page","link":"https:\/\/pansion-ivan.com\/hr\/excursions\/","title":{"rendered":"Izleti"},"content":{"rendered":"<p>[vc_row full_width=&#8221;stretch_row_content_no_spaces&#8221; css=&#8221;.vc_custom_1620739380209{background-image: url(http:\/\/pansion-ivan.com\/wp-content\/uploads\/2017\/01\/Excurions-cover.jpg?id=1022) !important;background-position: center !important;background-repeat: no-repeat !important;background-size: cover !important;}&#8221;][vc_column][vc_empty_space height=&#8221;200px&#8221;][vc_column_text css_animation=&#8221;fadeInLeft&#8221;]<\/p>\n<h1 style=\"text-align: center;\"><span style=\"color: #ffffff;\">Izleti<\/span><\/h1>\n<p>[\/vc_column_text][vc_empty_space height=&#8221;200px&#8221;][\/vc_column][\/vc_row][vc_row][vc_column][vc_empty_space][\/vc_column][\/vc_row][vc_row][vc_column width=&#8221;1\/6&#8243;][\/vc_column][vc_column width=&#8221;2\/3&#8243;][vc_column_text]<\/p>\n<h2 style=\"text-align: center;\">Izleti<\/h2>\n<p>[\/vc_column_text][vc_empty_space][\/vc_column][vc_column width=&#8221;1\/6&#8243;][\/vc_column][\/vc_row][vc_row][vc_column width=&#8221;1\/6&#8243;][\/vc_column][vc_column width=&#8221;1\/3&#8243;][vc_column_text]<\/p>\n<h3 style=\"text-align: center;\">Nacionalni park Paklenica<\/h3>\n<p>Izme\u0111u najvi\u0161eg vrhunca Velebita (Vaganski vrh, 1758 m) i obale Jadranskog mora, na povr\u0161ini od 95 km, prostire se Nacionalni park Paklenica. Najatraktivnije obilje\u017eje daju mu monumentalni kanjoni Velike i Male Paklenice, \u010dije su okomite litice visoke i preko 400m, u\u010dinile Paklenicu svjetski poznatim alpinisti\u010dkim odredi\u0161tem.<\/p>\n<p>Stare bukove \u0161ume, drugi po veli\u010dini u Europi rezervat crnog bora, tajanstvene \u0161pilje, endemi\u010dno bilje, velik broj \u017eivotinjskih vrsta oplemenjuju ovaj iskonski prirodni ambijent. NP Paklenica predstavlja izazov svakom ljubitelju prirode: izletniku, planinaru, alpinistu, avanturistu&#8230;[\/vc_column_text][vc_separator color=&#8221;violet&#8221; style=&#8221;shadow&#8221;][vc_column_text]<\/p>\n<h3 style=\"text-align: center;\">Nacionalni park Kornati<\/h3>\n<p style=\"text-align: center;\">Zbog izuzetnih krajobraznih ljepota, zanimljive geomorfologije, velike razvedenosti obalne crte i narocito bogatih biocenoza morskog ekosustava, godine 1980. veci dio Kornatskog akvatorija proglasen je nacionalnim parkom.<\/p>\n<p>[\/vc_column_text][vc_separator color=&#8221;violet&#8221; style=&#8221;shadow&#8221;][vc_column_text]<\/p>\n<h3 style=\"text-align: center;\">Nacionalni park Sjeverni Velebit<\/h3>\n<p style=\"text-align: center;\">Podru\u010dje je progla\u0161eno nacionalnim parkom zbog izrazite raznolikosti kr\u0161kih fenomena, bogatstva \u017eivog svijeta i iznimnih prirodnih ljepota na relativno malom prostoru. Povr\u0161ina parka iznosi 109 km2, a unutar istog nalazi se strogi rezervat Hajdu\u010dki i Ro\u017eanski kukovi, koji predstavlja specifi\u010dan geomorfolo\u0161ki fenomen na kojemu je do sada otkriveno vi\u0161e od 150 jama, od kojih je najpoznatija Lukina jama, jedna od najdubljih u svijetu uop\u0107e, otkrivena 1999. godine.<\/p>\n<p>[\/vc_column_text][vc_separator color=&#8221;violet&#8221; style=&#8221;shadow&#8221;][vc_column_text]<\/p>\n<h3 style=\"text-align: center;\">Nacionalni park Krka<\/h3>\n<p style=\"text-align: center;\">Nacionalni park je prostrano, prete\u017eito neizmijenjeno podru\u010dje iznimnih i vi\u0161estrukih prirodnih vrijednosti, a obuhva\u0107a jedan ili vi\u0161e sa\u010duvanih ili neznatno izmijenjenih ekosustava. Sa svojih sedam sedrenih slapova i ukupnim padom od 242 m Krka je prirodni i kr\u0161ki fenomen. U samom sredi\u0161tu nacionalnog parka nalazi se franjeva\u010dki samostan smje\u0161ten na oto\u010di\u0107u Visovac.<\/p>\n<p>[\/vc_column_text][vc_separator color=&#8221;violet&#8221; style=&#8221;shadow&#8221;][vc_column_text]<\/p>\n<h3 style=\"text-align: center;\">Nacionalni park Plitvi\u010dka jezera<\/h3>\n<p style=\"text-align: center;\">Plitvi\u010dka jezera najpoznatiji su nacionalni park u Hrvatskoj, a ubrajaju se me\u0111u najljep\u0161e znamenitosti u Europi. Zbog njihove ih je prirodne raznolikosti UNESCO uvrstio u popis Svjetske prirodne ba\u0161tine. Plitvi\u010dka se jezera sastoje od 16 me\u0111usobno povezanih jezera s brojnim vodopadima, a okru\u017euje ih gusta \u0161uma. Posjetitelje \u0107e do\u010dekati brojne staze za \u0161etnju te drveni mosti\u0107i podignuti tik iznad mirne povr\u0161ine pojedinih jezera.<\/p>\n<p>[\/vc_column_text][\/vc_column][vc_column width=&#8221;1\/3&#8243;][vc_column_text]<\/p>\n<h3 style=\"text-align: center;\">Ljuboti\u0107<\/h3>\n<p style=\"text-align: center;\">Zaseok Ljuboti\u0107 jedan je od rijetkih \u017eivu\u0107ih planinskih naselja o\u010duvanog drevnog ambijenta, smje\u0161ten u zelenoj oazi usred planine Velebit, a opet u neposrednoj blizini mora (3km iznad mjesta Tribanj-Kru\u0161\u010dica). Na seoskom doma\u0107instvu Vrata Velebita mogu\u0107e je ku\u0161ati jednostavne autohtone specijalitete te posjetiti etno ku\u0107u i stalnu izlo\u017ebu razvoja p\u010delarstva u Dalmaciji i Mediteranu (uz najavu). U okolici zaseoka ure\u0111ena je pou\u010dna staza Mirila, a iskusni planinari rado \u0107e se uputiti do udaljenijih atraktivnih lokaliteta \u2013 Stap, Kamena galerija, Reljina pe\u0107.<\/p>\n<p>[\/vc_column_text][vc_separator color=&#8221;violet&#8221; style=&#8221;shadow&#8221;][vc_column_text]<\/p>\n<h3 style=\"text-align: center;\">Zrmanja<\/h3>\n<p style=\"text-align: center;\">Rijeka Zrmanja odu\u0161evljava kristalno \u010distim tokom koji vijuga kroz impozantan, 200m duboki kanjon, da bi se na kraju stopila s morem kod gradi\u0107a Novigrad. Gornji tok rijeke obiluje sedrenim slapovima i slapi\u0161tima, me\u0111u kojima je najatraktivniji 11m visok \u00abVeliki buk\u00bb, dok je \u00abJankovi\u0107a buk\u00bb, ure\u0161en markantnim ostacima starih mlinova, omiljeno izleti\u0161te.Plove\u0107i brodom iz Starigrada-Paklenice, vrijedno je posjetiti Novigrad \u2013 drevni ribarski gradi\u0107 smje\u0161ten na samom u\u0161\u0107u, te utvrde knezova Kurjakovi\u0107a iznad grada Obrovca koji se tako\u0111er smjestio na obalama Zrmanje. Najinteresantnija pritoka rijeke Zrmanje je Krupa. Do atraktivnih lokacija na ovoj rje\u010dici mogu\u0107e je do\u0107i cestom iz Starigrada-Paklenice, kao npr. do prostrane zatravljene sedrene barijere zvane Deveterac. Ime je dobila po 9 sedrenih kaskada koje zavr\u0161avaju 13m visokim slapom. Jo\u0161 u 19.stolje\u0107u vrijedni je majstor na ovom mjestu izgradio poznati Kudin most, i to tehnikom suhozida, sa 12 lukova izra\u0111enih od sedrenih blokova polo\u017eenih na isto toliko kamenih stupova.<\/p>\n<p>[\/vc_column_text][vc_separator color=&#8221;violet&#8221; style=&#8221;shadow&#8221;][vc_column_text]<\/p>\n<h3 style=\"text-align: center;\">Velebit Jeep Safari<\/h3>\n<p style=\"text-align: center;\">Do mnogih atraktivnih lokaliteta na podru\u010dju Velebita mogu\u0107e je do\u0107i samo terenskim vozilima.<\/p>\n<p style=\"text-align: center;\">Tako \u0107ete posjetiti Tulove grede i kanjon rijeke Zrmanje, provesti se povijesnim velebitskim cestama, posjetiti manastir Krupa. Svakako preporu\u010damo posjetiti izvor najkra\u0107e hrvatske rijeke\u2013 Krnjeze. Njeno vrelo je smje\u0161teno u dnu 60-ak m duboke spilje ukra\u0161ene klacitnim zavjesama i sigama na ulazu, a nakon samo 600m utje\u010de u rijeku Zrmanju. Iako kratka, na mjestima je duboka i do 45m, voda je veoma hladna i bistra, odli\u010dna za pi\u0107e.<\/p>\n<p>[\/vc_column_text][vc_separator color=&#8221;violet&#8221; style=&#8221;shadow&#8221;][vc_column_text]<\/p>\n<h3 style=\"text-align: center;\">Zadar<\/h3>\n<p style=\"text-align: center;\">Zadar \u2013 sredi\u0161te regije, grad za\u010det prije 3.000 godina, zadivljuje svojom arhitekturom, muzejima i crkvama, te bogatim kulturno-zabavnim \u017eivotom.<\/p>\n<p>[\/vc_column_text][\/vc_column][vc_column width=&#8221;1\/6&#8243;][\/vc_column][\/vc_row][vc_row][vc_column width=&#8221;1\/6&#8243;][\/vc_column][vc_column width=&#8221;2\/3&#8243;][vc_column_text]<\/p>\n<h6><em>Izvor:\u00a0www.rivijera-paklenica.hr <\/em><\/h6>\n<p>[\/vc_column_text][\/vc_column][vc_column width=&#8221;1\/6&#8243;][\/vc_column][\/vc_row][vc_row][vc_column width=&#8221;1\/6&#8243;][\/vc_column][vc_column width=&#8221;2\/3&#8243;][vc_separator color=&#8221;violet&#8221; style=&#8221;shadow&#8221; border_width=&#8221;2&#8243;][\/vc_column][vc_column width=&#8221;1\/6&#8243;][\/vc_column][\/vc_row][vc_row][vc_column width=&#8221;1\/3&#8243;][\/vc_column][vc_column width=&#8221;1\/3&#8243;][vc_column_text]<\/p>\n<h3 style=\"text-align: center;\"><strong>POGLEDAJTE NA\u0160 SMJE\u0160TAJ:<\/strong><\/h3>\n<p>[\/vc_column_text][vc_btn title=&#8221;SOBE&#8221; style=&#8221;gradient&#8221; gradient_color_1=&#8221;green&#8221; gradient_color_2=&#8221;vista-blue&#8221; align=&#8221;center&#8221; button_block=&#8221;true&#8221; link=&#8221;url:http%3A%2F%2Fpansion-ivan.com%2Fhr%2Frooms%2F|title:Sobe||&#8221;][vc_btn title=&#8221;STUDIO APARTMENTS&#8221; style=&#8221;gradient&#8221; gradient_color_1=&#8221;green&#8221; gradient_color_2=&#8221;vista-blue&#8221; align=&#8221;center&#8221; button_block=&#8221;true&#8221; link=&#8221;url:http%3A%2F%2Fpansion-ivan.com%2Fhr%2Fstudio-apartments%2F|title:Studio%20Apartmani||&#8221;][vc_btn title=&#8221;HOLIDAY HOME&#8221; style=&#8221;gradient&#8221; gradient_color_1=&#8221;green&#8221; gradient_color_2=&#8221;vista-blue&#8221; align=&#8221;center&#8221; button_block=&#8221;true&#8221; link=&#8221;url:http%3A%2F%2Fpansion-ivan.com%2Fhr%2Fholiday-home%2F|title:Ku%C4%87a%20za%20odmor||&#8221;][\/vc_column][vc_column width=&#8221;1\/3&#8243;][\/vc_column][\/vc_row][vc_row][vc_column width=&#8221;1\/6&#8243;][\/vc_column][vc_column width=&#8221;2\/3&#8243;][vc_separator color=&#8221;violet&#8221; style=&#8221;shadow&#8221; border_width=&#8221;2&#8243;][\/vc_column][vc_column width=&#8221;1\/6&#8243;][\/vc_column][\/vc_row][vc_row][vc_column][vc_column_text]<\/p>\n<p style=\"text-align: center;\"><span style=\"color: #800080;\"><strong>Molimo kontaktirajte nas za rezervacije i ako imate bilo kakvih pitanja ili zahtjeva. Veselimo se Va\u0161em javljanju!<\/strong><\/span><\/p>\n<p>[\/vc_column_text][\/vc_column][\/vc_row][vc_row full_width=&#8221;stretch_row_content&#8221;][vc_column width=&#8221;1\/6&#8243;][\/vc_column][vc_column width=&#8221;2\/3&#8243; css=&#8221;.vc_custom_1620739372667{background-color: #c8d6c0 !important;}&#8221;]<div role=\"form\" class=\"wpcf7\" id=\"wpcf7-f493-o1\" lang=\"en-US\" dir=\"ltr\">\n<div class=\"screen-reader-response\"><p role=\"status\" aria-live=\"polite\" aria-atomic=\"true\"><\/p> <ul><\/ul><\/div>\n<form action=\"\/hr\/wp-json\/wp\/v2\/pages\/1018#wpcf7-f493-o1\" method=\"post\" class=\"wpcf7-form init\" novalidate=\"novalidate\" data-status=\"init\">\n<div style=\"display: none;\">\n<input type=\"hidden\" name=\"_wpcf7\" value=\"493\" \/>\n<input type=\"hidden\" name=\"_wpcf7_version\" value=\"5.4.1\" \/>\n<input type=\"hidden\" name=\"_wpcf7_locale\" value=\"en_US\" \/>\n<input type=\"hidden\" name=\"_wpcf7_unit_tag\" value=\"wpcf7-f493-o1\" \/>\n<input type=\"hidden\" name=\"_wpcf7_container_post\" value=\"0\" \/>\n<input type=\"hidden\" name=\"_wpcf7_posted_data_hash\" value=\"\" \/>\n<input type=\"hidden\" name=\"_wpcf7_recaptcha_response\" value=\"\" \/>\n<\/div>\n<p><center>\n<p>Va\u0161e ime (obavezno)<br \/>\n    <span class=\"wpcf7-form-control-wrap your-name\"><input type=\"text\" name=\"your-name\" value=\"\" size=\"40\" class=\"wpcf7-form-control wpcf7-text wpcf7-validates-as-required\" aria-required=\"true\" aria-invalid=\"false\" \/><\/span> <\/p>\n<p>Va\u0161 email (obavezno)<br \/>\n    <span class=\"wpcf7-form-control-wrap your-email\"><input type=\"email\" name=\"your-email\" value=\"\" size=\"40\" class=\"wpcf7-form-control wpcf7-text wpcf7-email wpcf7-validates-as-required wpcf7-validates-as-email\" aria-required=\"true\" aria-invalid=\"false\" \/><\/span> <\/p>\n<p>Predmet<br \/>\n    <span class=\"wpcf7-form-control-wrap your-subject\"><input type=\"text\" name=\"your-subject\" value=\"\" size=\"40\" class=\"wpcf7-form-control wpcf7-text\" aria-invalid=\"false\" \/><\/span> <\/p>\n<p>Va\u0161a poruka<br \/>\n    <span class=\"wpcf7-form-control-wrap your-message\"><textarea name=\"your-message\" cols=\"40\" rows=\"10\" class=\"wpcf7-form-control wpcf7-textarea\" aria-invalid=\"false\"><\/textarea><\/span> <\/p>\n\n<p><input type=\"submit\" value=\"Po\u0161alji\" class=\"wpcf7-form-control wpcf7-submit\" \/><\/p>\n<p><\/center><\/p>\n<div class=\"wpcf7-response-output\" aria-hidden=\"true\"><\/div><\/form><\/div>[\/vc_column][vc_column width=&#8221;1\/6&#8243;][\/vc_column][\/vc_row][vc_row][vc_column width=&#8221;1\/6&#8243;][\/vc_column][vc_column width=&#8221;2\/3&#8243;][vc_separator color=&#8221;violet&#8221; style=&#8221;shadow&#8221; border_width=&#8221;2&#8243;][\/vc_column][vc_column width=&#8221;1\/6&#8243;][\/vc_column][\/vc_row]<\/p>\n","protected":false},"excerpt":{"rendered":"<p>[vc_row full_width=&#8221;stretch_row_content_no_spaces&#8221; css=&#8221;.vc_custom_1620739380209{background-image: url(http:\/\/pansion-ivan.com\/wp-content\/uploads\/2017\/01\/Excurions-cover.jpg?id=1022) !important;background-position: center !important;background-repeat: no-repeat !important;background-size: cover !important;}&#8221;][vc_column][vc_empty_space height=&#8221;200px&#8221;][vc_column_text css_animation=&#8221;fadeInLeft&#8221;] Izleti [\/vc_column_text][vc_empty_space height=&#8221;200px&#8221;][\/vc_column][\/vc_row][vc_row][vc_column][vc_empty_space][\/vc_column][\/vc_row][vc_row][vc_column width=&#8221;1\/6&#8243;][\/vc_column][vc_column width=&#8221;2\/3&#8243;][vc_column_text] Izleti [\/vc_column_text][vc_empty_space][\/vc_column][vc_column width=&#8221;1\/6&#8243;][\/vc_column][\/vc_row][vc_row][vc_column width=&#8221;1\/6&#8243;][\/vc_column][vc_column width=&#8221;1\/3&#8243;][vc_column_text] Nacionalni park Paklenica Izme\u0111u najvi\u0161eg vrhunca Velebita (Vaganski vrh, 1758 m) i obale Jadranskog mora, na povr\u0161ini od 95 km, prostire se Nacionalni park Paklenica. Najatraktivnije obilje\u017eje daju mu monumentalni kanjoni Velike [&hellip;]<\/p>\n","protected":false},"author":1,"featured_media":0,"parent":0,"menu_order":0,"comment_status":"closed","ping_status":"closed","template":"","meta":{"_monsterinsights_skip_tracking":false,"_monsterinsights_sitenote_active":false,"_monsterinsights_sitenote_note":"","_monsterinsights_sitenote_category":0},"yoast_head":"<!-- This site is optimized with the Yoast SEO plugin v16.6.1 - https:\/\/yoast.com\/wordpress\/plugins\/seo\/ -->\n<title>Izleti - Pansion Ivan<\/title>\n<meta name=\"robots\" content=\"index, follow, max-snippet:-1, max-image-preview:large, max-video-preview:-1\" \/>\n<link rel=\"canonical\" href=\"https:\/\/pansion-ivan.com\/excursions\/\" \/>\n<meta property=\"og:locale\" content=\"hr_HR\" \/>\n<meta property=\"og:type\" content=\"article\" \/>\n<meta property=\"og:title\" content=\"Izleti - Pansion Ivan\" \/>\n<meta property=\"og:description\" content=\"[vc_row full_width=&#8221;stretch_row_content_no_spaces&#8221; css=&#8221;.vc_custom_1620739380209{background-image: url(http:\/\/pansion-ivan.com\/wp-content\/uploads\/2017\/01\/Excurions-cover.jpg?id=1022) !important;background-position: center !important;background-repeat: no-repeat !important;background-size: cover !important;}&#8221;][vc_column][vc_empty_space height=&#8221;200px&#8221;][vc_column_text css_animation=&#8221;fadeInLeft&#8221;] Izleti [\/vc_column_text][vc_empty_space height=&#8221;200px&#8221;][\/vc_column][\/vc_row][vc_row][vc_column][vc_empty_space][\/vc_column][\/vc_row][vc_row][vc_column width=&#8221;1\/6&#8243;][\/vc_column][vc_column width=&#8221;2\/3&#8243;][vc_column_text] Izleti [\/vc_column_text][vc_empty_space][\/vc_column][vc_column width=&#8221;1\/6&#8243;][\/vc_column][\/vc_row][vc_row][vc_column width=&#8221;1\/6&#8243;][\/vc_column][vc_column width=&#8221;1\/3&#8243;][vc_column_text] Nacionalni park Paklenica Izme\u0111u najvi\u0161eg vrhunca Velebita (Vaganski vrh, 1758 m) i obale Jadranskog mora, na povr\u0161ini od 95 km, prostire se Nacionalni park Paklenica. Najatraktivnije obilje\u017eje daju mu monumentalni kanjoni Velike [&hellip;]\" \/>\n<meta property=\"og:url\" content=\"https:\/\/pansion-ivan.com\/excursions\/\" \/>\n<meta property=\"og:site_name\" content=\"Pansion Ivan\" \/>\n<meta property=\"article:modified_time\" content=\"2021-05-11T14:28:05+00:00\" \/>\n<meta name=\"twitter:card\" content=\"summary_large_image\" \/>\n<meta name=\"twitter:label1\" content=\"Procijenjeno vrijeme \u010ditanja\" \/>\n\t<meta name=\"twitter:data1\" content=\"6 minuta\" \/>\n<script type=\"application\/ld+json\" class=\"yoast-schema-graph\">{\"@context\":\"https:\/\/schema.org\",\"@graph\":[{\"@type\":\"WebSite\",\"@id\":\"https:\/\/pansion-ivan.com\/#website\",\"url\":\"https:\/\/pansion-ivan.com\/\",\"name\":\"Pansion Ivan\",\"description\":\"Starigrad Paklenica\",\"potentialAction\":[{\"@type\":\"SearchAction\",\"target\":{\"@type\":\"EntryPoint\",\"urlTemplate\":\"https:\/\/pansion-ivan.com\/?s={search_term_string}\"},\"query-input\":\"required name=search_term_string\"}],\"inLanguage\":\"hr\"},{\"@type\":\"WebPage\",\"@id\":\"https:\/\/pansion-ivan.com\/excursions\/#webpage\",\"url\":\"https:\/\/pansion-ivan.com\/excursions\/\",\"name\":\"Izleti - Pansion Ivan\",\"isPartOf\":{\"@id\":\"https:\/\/pansion-ivan.com\/#website\"},\"datePublished\":\"2017-01-15T03:05:56+00:00\",\"dateModified\":\"2021-05-11T14:28:05+00:00\",\"breadcrumb\":{\"@id\":\"https:\/\/pansion-ivan.com\/excursions\/#breadcrumb\"},\"inLanguage\":\"hr\",\"potentialAction\":[{\"@type\":\"ReadAction\",\"target\":[\"https:\/\/pansion-ivan.com\/excursions\/\"]}]},{\"@type\":\"BreadcrumbList\",\"@id\":\"https:\/\/pansion-ivan.com\/excursions\/#breadcrumb\",\"itemListElement\":[{\"@type\":\"ListItem\",\"position\":1,\"name\":\"Home\",\"item\":\"https:\/\/pansion-ivan.com\/\"},{\"@type\":\"ListItem\",\"position\":2,\"name\":\"Excursions\"}]}]}<\/script>\n<!-- \/ Yoast SEO plugin. -->","_links":{"self":[{"href":"https:\/\/pansion-ivan.com\/hr\/wp-json\/wp\/v2\/pages\/1018"}],"collection":[{"href":"https:\/\/pansion-ivan.com\/hr\/wp-json\/wp\/v2\/pages"}],"about":[{"href":"https:\/\/pansion-ivan.com\/hr\/wp-json\/wp\/v2\/types\/page"}],"author":[{"embeddable":true,"href":"https:\/\/pansion-ivan.com\/hr\/wp-json\/wp\/v2\/users\/1"}],"replies":[{"embeddable":true,"href":"https:\/\/pansion-ivan.com\/hr\/wp-json\/wp\/v2\/comments?post=1018"}],"version-history":[{"count":22,"href":"https:\/\/pansion-ivan.com\/hr\/wp-json\/wp\/v2\/pages\/1018\/revisions"}],"predecessor-version":[{"id":1535,"href":"https:\/\/pansion-ivan.com\/hr\/wp-json\/wp\/v2\/pages\/1018\/revisions\/1535"}],"wp:attachment":[{"href":"https:\/\/pansion-ivan.com\/hr\/wp-json\/wp\/v2\/media?parent=1018"}],"curies":[{"name":"wp","href":"https:\/\/api.w.org\/{rel}","templated":true}]}}