{"id":776,"date":"2017-01-14T13:43:19","date_gmt":"2017-01-14T13:43:19","guid":{"rendered":"http:\/\/pansion-ivan.com\/?page_id=776"},"modified":"2021-05-11T14:12:13","modified_gmt":"2021-05-11T14:12:13","slug":"rooms","status":"publish","type":"page","link":"https:\/\/pansion-ivan.com\/de\/rooms\/","title":{"rendered":"Zimmer"},"content":{"rendered":"<p>[vc_row full_width=&#8221;stretch_row_content_no_spaces&#8221; css=&#8221;.vc_custom_1620742238240{background-image: url(http:\/\/pansion-ivan.com\/wp-content\/uploads\/2017\/01\/Rooms-Cover.jpg?id=917) !important;background-position: center !important;background-repeat: no-repeat !important;background-size: cover !important;}&#8221;][vc_column][vc_empty_space height=&#8221;200px&#8221;][vc_column_text css_animation=&#8221;fadeInLeft&#8221;]<\/p>\n<h1 style=\"text-align: center;\"><span style=\"color: #ffffff;\">Zimmer<\/span><\/h1>\n<p>[\/vc_column_text][vc_empty_space height=&#8221;200px&#8221;][\/vc_column][\/vc_row][vc_row][vc_column][vc_empty_space][\/vc_column][\/vc_row][vc_row full_width=&#8221;stretch_row_content&#8221;][vc_column width=&#8221;1\/6&#8243;][\/vc_column][vc_column width=&#8221;2\/3&#8243;][vc_column_text]<\/p>\n<h3 style=\"text-align: center;\"><strong><em>2-BETT-ZIMMER<\/em><\/strong><\/h3>\n<p>[\/vc_column_text][vc_column_text]<\/p>\n<div class=\"dropcapsimple\" style=\"text-align: center;\">Die Pension Ivan verf\u00fcgt \u00fcber <strong>4 Zimmer<\/strong> mit je <strong>2 Betten.<\/strong><\/div>\n<p>[\/vc_column_text][vc_gallery type=&#8221;image_grid&#8221; images=&#8221;931,925,918,919,920,921,922,923,1282,1281,1283,924,1285,1255,1256,1258,1257,932,933,934,935,936,937,938,939,940,941,942,945,946,947,948,949&#8243;][\/vc_column][vc_column width=&#8221;1\/6&#8243;][\/vc_column][\/vc_row][vc_row][vc_column width=&#8221;1\/6&#8243;][vc_icon icon_fontawesome=&#8221;fa fa-info-circle&#8221; color=&#8221;purple&#8221; align=&#8221;center&#8221;][\/vc_column][vc_column width=&#8221;2\/3&#8243;][vc_column_text]<\/p>\n<h5 style=\"text-align: center;\"><span style=\"color: #800080;\"><em>Wir verw\u00f6hnen unsere G\u00e4ste mit einer frischen, mediterranen K\u00fcche und hausgemachten Dalmatinischen Spezialit\u00e4ten. Genie\u00dfen Sie unser Obst und Gem\u00fcse aus eigenem Anbau, ausgew\u00e4hlte Fleischprodukte aus der Region, sowie selbst gefangenen, frischen Fisch!<\/em><\/span><\/h5>\n<p>[\/vc_column_text][\/vc_column][vc_column width=&#8221;1\/6&#8243;][\/vc_column][\/vc_row][vc_row][vc_column width=&#8221;1\/6&#8243;][\/vc_column][vc_column width=&#8221;2\/3&#8243;][vc_separator color=&#8221;violet&#8221; style=&#8221;shadow&#8221; border_width=&#8221;2&#8243;][\/vc_column][vc_column width=&#8221;1\/6&#8243;][\/vc_column][\/vc_row][vc_row full_width=&#8221;stretch_row_content&#8221;][vc_column width=&#8221;1\/6&#8243;][\/vc_column][vc_column width=&#8221;2\/3&#8243;][vc_column_text]<\/p>\n<h3 style=\"text-align: center;\"><strong><em>3-BETT-ZIMMER<\/em><\/strong><\/h3>\n<p>[\/vc_column_text][vc_column_text]<\/p>\n<div class=\"dropcapsimple\" style=\"text-align: center;\">Die Pension Ivan verf\u00fcgt \u00fcber<strong> 2 Zimmer mit je 3 Betten.<\/strong><\/div>\n<p>[\/vc_column_text][vc_gallery type=&#8221;image_grid&#8221; images=&#8221;931,930,928,1272,1271,1270,1273,925,927,926,929,924,1255,1256,1258,1257,932,945,946,947,948,949,942,940,939,938,933,937,936,935,934,941&#8243;][\/vc_column][vc_column width=&#8221;1\/6&#8243;][\/vc_column][\/vc_row][vc_row][vc_column width=&#8221;1\/6&#8243;][vc_icon icon_fontawesome=&#8221;fa fa-info-circle&#8221; color=&#8221;purple&#8221; align=&#8221;center&#8221;][\/vc_column][vc_column width=&#8221;2\/3&#8243;][vc_column_text]<\/p>\n<h5 style=\"text-align: center;\"><span style=\"color: #800080;\"><em>Wir verw\u00f6hnen unsere G\u00e4ste mit einer frischen, mediterranen K\u00fcche und hausgemachten Dalmatinischen Spezialit\u00e4ten. Genie\u00dfen Sie unser Obst und Gem\u00fcse aus eigenem Anbau, ausgew\u00e4hlte Fleischprodukte aus der Region, sowie selbst gefangenen, frischen Fisch!<\/em><\/span><\/h5>\n<p>[\/vc_column_text][\/vc_column][vc_column width=&#8221;1\/6&#8243;][\/vc_column][\/vc_row][vc_row][vc_column width=&#8221;1\/6&#8243;][\/vc_column][vc_column width=&#8221;2\/3&#8243;][vc_separator color=&#8221;violet&#8221; style=&#8221;shadow&#8221; border_width=&#8221;2&#8243;][\/vc_column][vc_column width=&#8221;1\/6&#8243;][\/vc_column][\/vc_row][vc_row][vc_column width=&#8221;1\/6&#8243;][\/vc_column][vc_column width=&#8221;2\/3&#8243;][vc_column_text]<\/p>\n<h3 style=\"text-align: center;\">AUSSTATTUNG<\/h3>\n<p>[\/vc_column_text][\/vc_column][vc_column width=&#8221;1\/6&#8243;][\/vc_column][\/vc_row][vc_row][vc_column width=&#8221;1\/6&#8243;][\/vc_column][vc_column width=&#8221;1\/3&#8243;][vc_column_text]<\/p>\n<p style=\"text-align: center;\">Balkon mit Meerblick<\/p>\n<p style=\"text-align: center;\">Strandn\u00e4he (50 m)<\/p>\n<p style=\"text-align: center;\">Parkplatz<\/p>\n<p style=\"text-align: center;\">Kieselstrand<\/p>\n<p style=\"text-align: center;\">Grill<\/p>\n<p style=\"text-align: center;\">Wi-Fi<\/p>\n<p style=\"text-align: center;\">Klimaanlage<\/p>\n<p>[\/vc_column_text][\/vc_column][vc_column width=&#8221;1\/3&#8243;][vc_column_text]<\/p>\n<p style=\"text-align: center;\">Speisesaal mit Sat TV &amp; Terrasse<\/p>\n<p style=\"text-align: center;\">Gemeinschaftsk\u00fcche<\/p>\n<p style=\"text-align: center;\">Halbpension m\u00f6glich<\/p>\n<p style=\"text-align: center;\">Kurtaxe im Preis inbegriffen<\/p>\n<p style=\"text-align: center;\">Handt\u00fccher<\/p>\n<p style=\"text-align: center;\">Bettw\u00e4sche<\/p>\n<p>[\/vc_column_text][\/vc_column][vc_column width=&#8221;1\/6&#8243;][\/vc_column][\/vc_row][vc_row][vc_column width=&#8221;1\/6&#8243;][\/vc_column][vc_column width=&#8221;2\/3&#8243;][vc_separator color=&#8221;violet&#8221; style=&#8221;shadow&#8221; border_width=&#8221;2&#8243;][\/vc_column][vc_column width=&#8221;1\/6&#8243;][\/vc_column][\/vc_row][vc_row][vc_column width=&#8221;1\/6&#8243;][\/vc_column][vc_column width=&#8221;2\/3&#8243;][vc_column_text]<\/p>\n<h3 style=\"text-align: center;\">VERPFLEGUNG<\/h3>\n<p>[\/vc_column_text][\/vc_column][vc_column width=&#8221;1\/6&#8243;][\/vc_column][\/vc_row][vc_row][vc_column width=&#8221;1\/6&#8243;][\/vc_column][vc_column width=&#8221;2\/3&#8243;][vc_column_text]<\/p>\n<p style=\"text-align: center;\">Sie k\u00f6nnen sich nach Wunsch selbst verpflegen oder Halbpension buchen. Stellen Sie sich Ihre Mahlzeit selbst zusammen und bestimmen Sie die Uhrzeit. Sie haben die M\u00f6glichkeit, zum regul\u00e4ren Fr\u00fchst\u00fcck Ham &amp; Eggs, Omelette oder gekochte Eier dazu zu bestellen. Zum Abendessen servieren wir Ihnen ein Drei-G\u00e4nge-Men\u00fc bestehend aus Aperitif, Vorsuppe, Fleisch- oder Fischgerichten mit mediterranen Beilagen und frischem Salat sowie einem Dessert.<\/p>\n<p style=\"text-align: center;\">Wir verw\u00f6hnen unsere G\u00e4ste mit einer frischen, mediterranen K\u00fcche und hausgemachten Dalmatinischen Spezialit\u00e4ten. Genie\u00dfen Sie unser Obst und Gem\u00fcse aus eigenem Anbau, ausgew\u00e4hlte Fleischprodukte aus der Region, sowie selbst gefangenen, frischen Fisch!<\/p>\n<p>[\/vc_column_text][\/vc_column][vc_column width=&#8221;1\/6&#8243;][\/vc_column][\/vc_row][vc_row][vc_column width=&#8221;1\/6&#8243;][\/vc_column][vc_column width=&#8221;2\/3&#8243;][vc_separator color=&#8221;violet&#8221; style=&#8221;shadow&#8221; border_width=&#8221;2&#8243;][\/vc_column][vc_column width=&#8221;1\/6&#8243;][\/vc_column][\/vc_row][vc_row][vc_column width=&#8221;1\/6&#8243;][vc_icon icon_fontawesome=&#8221;fa fa-info-circle&#8221; color=&#8221;violet&#8221; align=&#8221;center&#8221;][\/vc_column][vc_column width=&#8221;2\/3&#8243;][vc_empty_space height=&#8221;5px&#8221;][vc_column_text]<em><span style=\"color: #800080;\">Buchen Sie <strong>Halbpension<\/strong> im Voraus oder jederzeit nach Ihrer Ankunft.<br \/>\nOrdern Sie wahlweise Fr\u00fchst\u00fcck <strong>und\/oder<\/strong> Abendessen.<\/span><\/em>[\/vc_column_text][\/vc_column][vc_column width=&#8221;1\/6&#8243;][\/vc_column][\/vc_row][vc_row][vc_column width=&#8221;1\/6&#8243;][\/vc_column][vc_column width=&#8221;2\/3&#8243;][vc_column_text]<em>Unsere Preise verstehen sich pro Tag\/Person (bzw. Kind). 20% Anzahlung auf den \u00dcbernachtungspreis bei Buchung. Zahlung per \u00dcberweisung oder in bar. Keine Kreditkartenzahlung. Zahlung in der angegebenen W\u00e4hrung (\u20ac), sofern nicht anders vereinbart. Etwaige Sonderleistungen sind vor Ort zu bezahlen. Haustiere nur nach Absprache. Alle Preise ohne Gew\u00e4hr. \u21d2 <a href=\"http:\/\/pansion-ivan.com\/de\/terms-and-conditions\/\" target=\"_blank\" rel=\"noopener noreferrer\"><strong>UNSERE AGB<\/strong><\/a><\/em>[\/vc_column_text][\/vc_column][vc_column width=&#8221;1\/6&#8243;][\/vc_column][\/vc_row][vc_row][vc_column width=&#8221;1\/6&#8243;][\/vc_column][vc_column width=&#8221;2\/3&#8243;][vc_separator color=&#8221;violet&#8221; style=&#8221;shadow&#8221; border_width=&#8221;2&#8243;][\/vc_column][vc_column width=&#8221;1\/6&#8243;][\/vc_column][\/vc_row][vc_row][vc_column][vc_column_text]<\/p>\n<p style=\"text-align: center;\"><span style=\"color: #800080;\">Senden Sie uns Ihre Buchungsanfrage, wir freuen uns auf Sie!<\/span><\/p>\n<p>[\/vc_column_text][\/vc_column][\/vc_row][vc_row full_width=&#8221;stretch_row_content&#8221;][vc_column width=&#8221;1\/4&#8243;][\/vc_column][vc_column width=&#8221;1\/2&#8243; css=&#8221;.vc_custom_1484412031401{background-color: #e4ead5 !important;}&#8221;]<div role=\"form\" class=\"wpcf7\" id=\"wpcf7-f493-o1\" lang=\"en-US\" dir=\"ltr\">\n<div class=\"screen-reader-response\"><p role=\"status\" aria-live=\"polite\" aria-atomic=\"true\"><\/p> <ul><\/ul><\/div>\n<form action=\"\/de\/wp-json\/wp\/v2\/pages\/776#wpcf7-f493-o1\" method=\"post\" class=\"wpcf7-form init\" novalidate=\"novalidate\" data-status=\"init\">\n<div style=\"display: none;\">\n<input type=\"hidden\" name=\"_wpcf7\" value=\"493\" \/>\n<input type=\"hidden\" name=\"_wpcf7_version\" value=\"5.4.1\" \/>\n<input type=\"hidden\" name=\"_wpcf7_locale\" value=\"en_US\" \/>\n<input type=\"hidden\" name=\"_wpcf7_unit_tag\" value=\"wpcf7-f493-o1\" \/>\n<input type=\"hidden\" name=\"_wpcf7_container_post\" value=\"0\" \/>\n<input type=\"hidden\" name=\"_wpcf7_posted_data_hash\" value=\"\" \/>\n<input type=\"hidden\" name=\"_wpcf7_recaptcha_response\" value=\"\" \/>\n<\/div>\n<p><center>\n<p>Ihr Name (Pflichtfeld)<br \/>\n    <span class=\"wpcf7-form-control-wrap your-name\"><input type=\"text\" name=\"your-name\" value=\"\" size=\"40\" class=\"wpcf7-form-control wpcf7-text wpcf7-validates-as-required\" aria-required=\"true\" aria-invalid=\"false\" \/><\/span> <\/p>\n<p>Ihre E-Mail-Adresse (Pflichtfeld)<br \/>\n    <span class=\"wpcf7-form-control-wrap your-email\"><input type=\"email\" name=\"your-email\" value=\"\" size=\"40\" class=\"wpcf7-form-control wpcf7-text wpcf7-email wpcf7-validates-as-required wpcf7-validates-as-email\" aria-required=\"true\" aria-invalid=\"false\" \/><\/span> <\/p>\n<p>Betreff<br \/>\n    <span class=\"wpcf7-form-control-wrap your-subject\"><input type=\"text\" name=\"your-subject\" value=\"\" size=\"40\" class=\"wpcf7-form-control wpcf7-text\" aria-invalid=\"false\" \/><\/span> <\/p>\n<p>Ihre Nachricht<br \/>\n    <span class=\"wpcf7-form-control-wrap your-message\"><textarea name=\"your-message\" cols=\"40\" rows=\"10\" class=\"wpcf7-form-control wpcf7-textarea\" aria-invalid=\"false\"><\/textarea><\/span> <\/p>\n\n<p><input type=\"submit\" value=\"Senden\" class=\"wpcf7-form-control wpcf7-submit\" \/><\/p>\n<p><\/center><\/p>\n<div class=\"wpcf7-response-output\" aria-hidden=\"true\"><\/div><\/form><\/div>[\/vc_column][vc_column width=&#8221;1\/4&#8243;][\/vc_column][\/vc_row][vc_row][vc_column width=&#8221;1\/6&#8243;][\/vc_column][vc_column width=&#8221;2\/3&#8243;][vc_separator color=&#8221;violet&#8221; style=&#8221;shadow&#8221; border_width=&#8221;2&#8243;][\/vc_column][vc_column width=&#8221;1\/6&#8243;][\/vc_column][\/vc_row][vc_row][vc_column width=&#8221;1\/3&#8243;][\/vc_column][vc_column width=&#8221;1\/3&#8243;][vc_column_text]<\/p>\n<h3 style=\"text-align: center;\"><strong>SIEHE\u00a0AUCH:<\/strong><\/h3>\n<p>[\/vc_column_text][vc_btn title=&#8221;STUDIO APARTMENT&#8221; style=&#8221;gradient&#8221; gradient_color_1=&#8221;green&#8221; gradient_color_2=&#8221;vista-blue&#8221; align=&#8221;center&#8221; button_block=&#8221;true&#8221; link=&#8221;url:https%3A%2F%2Fpansion-ivan.com%2Fde%2Fstudio-apartments%2F|title:Studio%20Apartments&#8221;][vc_btn title=&#8221;FERIENHAUS&#8221; style=&#8221;gradient&#8221; gradient_color_1=&#8221;green&#8221; gradient_color_2=&#8221;vista-blue&#8221; align=&#8221;center&#8221; button_block=&#8221;true&#8221; link=&#8221;url:https%3A%2F%2Fpansion-ivan.com%2Fde%2Fholiday-home%2F|title:Ferienhaus&#8221;][\/vc_column][vc_column width=&#8221;1\/3&#8243;][\/vc_column][\/vc_row][vc_row][vc_column width=&#8221;1\/6&#8243;][\/vc_column][vc_column width=&#8221;2\/3&#8243;][vc_separator color=&#8221;violet&#8221; style=&#8221;shadow&#8221; border_width=&#8221;2&#8243;][\/vc_column][vc_column width=&#8221;1\/6&#8243;][\/vc_column][\/vc_row]<\/p>\n","protected":false},"excerpt":{"rendered":"<p>[vc_row full_width=&#8221;stretch_row_content_no_spaces&#8221; css=&#8221;.vc_custom_1620742238240{background-image: url(http:\/\/pansion-ivan.com\/wp-content\/uploads\/2017\/01\/Rooms-Cover.jpg?id=917) !important;background-position: center !important;background-repeat: no-repeat !important;background-size: cover !important;}&#8221;][vc_column][vc_empty_space height=&#8221;200px&#8221;][vc_column_text css_animation=&#8221;fadeInLeft&#8221;] Zimmer [\/vc_column_text][vc_empty_space height=&#8221;200px&#8221;][\/vc_column][\/vc_row][vc_row][vc_column][vc_empty_space][\/vc_column][\/vc_row][vc_row full_width=&#8221;stretch_row_content&#8221;][vc_column width=&#8221;1\/6&#8243;][\/vc_column][vc_column width=&#8221;2\/3&#8243;][vc_column_text] 2-BETT-ZIMMER [\/vc_column_text][vc_column_text] Die Pension Ivan verf\u00fcgt \u00fcber 4 Zimmer mit je 2 Betten. [\/vc_column_text][vc_gallery type=&#8221;image_grid&#8221; images=&#8221;931,925,918,919,920,921,922,923,1282,1281,1283,924,1285,1255,1256,1258,1257,932,933,934,935,936,937,938,939,940,941,942,945,946,947,948,949&#8243;][\/vc_column][vc_column width=&#8221;1\/6&#8243;][\/vc_column][\/vc_row][vc_row][vc_column width=&#8221;1\/6&#8243;][vc_icon icon_fontawesome=&#8221;fa fa-info-circle&#8221; color=&#8221;purple&#8221; align=&#8221;center&#8221;][\/vc_column][vc_column width=&#8221;2\/3&#8243;][vc_column_text] Wir verw\u00f6hnen unsere G\u00e4ste mit einer frischen, mediterranen K\u00fcche und hausgemachten Dalmatinischen Spezialit\u00e4ten. [&hellip;]<\/p>\n","protected":false},"author":1,"featured_media":0,"parent":0,"menu_order":0,"comment_status":"closed","ping_status":"closed","template":"","meta":{"_monsterinsights_skip_tracking":false,"_monsterinsights_sitenote_active":false,"_monsterinsights_sitenote_note":"","_monsterinsights_sitenote_category":0},"yoast_head":"<!-- This site is optimized with the Yoast SEO plugin v16.6.1 - https:\/\/yoast.com\/wordpress\/plugins\/seo\/ -->\n<title>Zimmer - Pansion Ivan<\/title>\n<meta name=\"robots\" content=\"index, follow, max-snippet:-1, max-image-preview:large, max-video-preview:-1\" \/>\n<link rel=\"canonical\" href=\"https:\/\/pansion-ivan.com\/rooms\/\" \/>\n<meta property=\"og:locale\" content=\"de_DE\" \/>\n<meta property=\"og:type\" content=\"article\" \/>\n<meta property=\"og:title\" content=\"Zimmer - Pansion Ivan\" \/>\n<meta property=\"og:description\" content=\"[vc_row full_width=&#8221;stretch_row_content_no_spaces&#8221; css=&#8221;.vc_custom_1620742238240{background-image: url(http:\/\/pansion-ivan.com\/wp-content\/uploads\/2017\/01\/Rooms-Cover.jpg?id=917) !important;background-position: center !important;background-repeat: no-repeat !important;background-size: cover !important;}&#8221;][vc_column][vc_empty_space height=&#8221;200px&#8221;][vc_column_text css_animation=&#8221;fadeInLeft&#8221;] Zimmer [\/vc_column_text][vc_empty_space height=&#8221;200px&#8221;][\/vc_column][\/vc_row][vc_row][vc_column][vc_empty_space][\/vc_column][\/vc_row][vc_row full_width=&#8221;stretch_row_content&#8221;][vc_column width=&#8221;1\/6&#8243;][\/vc_column][vc_column width=&#8221;2\/3&#8243;][vc_column_text] 2-BETT-ZIMMER [\/vc_column_text][vc_column_text] Die Pension Ivan verf\u00fcgt \u00fcber 4 Zimmer mit je 2 Betten. [\/vc_column_text][vc_gallery type=&#8221;image_grid&#8221; images=&#8221;931,925,918,919,920,921,922,923,1282,1281,1283,924,1285,1255,1256,1258,1257,932,933,934,935,936,937,938,939,940,941,942,945,946,947,948,949&#8243;][\/vc_column][vc_column width=&#8221;1\/6&#8243;][\/vc_column][\/vc_row][vc_row][vc_column width=&#8221;1\/6&#8243;][vc_icon icon_fontawesome=&#8221;fa fa-info-circle&#8221; color=&#8221;purple&#8221; align=&#8221;center&#8221;][\/vc_column][vc_column width=&#8221;2\/3&#8243;][vc_column_text] Wir verw\u00f6hnen unsere G\u00e4ste mit einer frischen, mediterranen K\u00fcche und hausgemachten Dalmatinischen Spezialit\u00e4ten. [&hellip;]\" \/>\n<meta property=\"og:url\" content=\"https:\/\/pansion-ivan.com\/rooms\/\" \/>\n<meta property=\"og:site_name\" content=\"Pansion Ivan\" \/>\n<meta property=\"article:modified_time\" content=\"2021-05-11T14:12:13+00:00\" \/>\n<meta name=\"twitter:card\" content=\"summary_large_image\" \/>\n<meta name=\"twitter:label1\" content=\"Gesch\u00e4tzte Lesezeit\" \/>\n\t<meta name=\"twitter:data1\" content=\"5\u00a0Minuten\" \/>\n<script type=\"application\/ld+json\" class=\"yoast-schema-graph\">{\"@context\":\"https:\/\/schema.org\",\"@graph\":[{\"@type\":\"WebSite\",\"@id\":\"https:\/\/pansion-ivan.com\/#website\",\"url\":\"https:\/\/pansion-ivan.com\/\",\"name\":\"Pansion Ivan\",\"description\":\"Starigrad Paklenica\",\"potentialAction\":[{\"@type\":\"SearchAction\",\"target\":{\"@type\":\"EntryPoint\",\"urlTemplate\":\"https:\/\/pansion-ivan.com\/?s={search_term_string}\"},\"query-input\":\"required name=search_term_string\"}],\"inLanguage\":\"de\"},{\"@type\":\"WebPage\",\"@id\":\"https:\/\/pansion-ivan.com\/rooms\/#webpage\",\"url\":\"https:\/\/pansion-ivan.com\/rooms\/\",\"name\":\"Zimmer - Pansion Ivan\",\"isPartOf\":{\"@id\":\"https:\/\/pansion-ivan.com\/#website\"},\"datePublished\":\"2017-01-14T13:43:19+00:00\",\"dateModified\":\"2021-05-11T14:12:13+00:00\",\"breadcrumb\":{\"@id\":\"https:\/\/pansion-ivan.com\/rooms\/#breadcrumb\"},\"inLanguage\":\"de\",\"potentialAction\":[{\"@type\":\"ReadAction\",\"target\":[\"https:\/\/pansion-ivan.com\/rooms\/\"]}]},{\"@type\":\"BreadcrumbList\",\"@id\":\"https:\/\/pansion-ivan.com\/rooms\/#breadcrumb\",\"itemListElement\":[{\"@type\":\"ListItem\",\"position\":1,\"name\":\"Home\",\"item\":\"https:\/\/pansion-ivan.com\/\"},{\"@type\":\"ListItem\",\"position\":2,\"name\":\"Rooms\"}]}]}<\/script>\n<!-- \/ Yoast SEO plugin. -->","_links":{"self":[{"href":"https:\/\/pansion-ivan.com\/de\/wp-json\/wp\/v2\/pages\/776"}],"collection":[{"href":"https:\/\/pansion-ivan.com\/de\/wp-json\/wp\/v2\/pages"}],"about":[{"href":"https:\/\/pansion-ivan.com\/de\/wp-json\/wp\/v2\/types\/page"}],"author":[{"embeddable":true,"href":"https:\/\/pansion-ivan.com\/de\/wp-json\/wp\/v2\/users\/1"}],"replies":[{"embeddable":true,"href":"https:\/\/pansion-ivan.com\/de\/wp-json\/wp\/v2\/comments?post=776"}],"version-history":[{"count":70,"href":"https:\/\/pansion-ivan.com\/de\/wp-json\/wp\/v2\/pages\/776\/revisions"}],"predecessor-version":[{"id":1529,"href":"https:\/\/pansion-ivan.com\/de\/wp-json\/wp\/v2\/pages\/776\/revisions\/1529"}],"wp:attachment":[{"href":"https:\/\/pansion-ivan.com\/de\/wp-json\/wp\/v2\/media?parent=776"}],"curies":[{"name":"wp","href":"https:\/\/api.w.org\/{rel}","templated":true}]}}