{"id":651,"date":"2017-01-13T02:08:46","date_gmt":"2017-01-13T02:08:46","guid":{"rendered":"http:\/\/pansion-ivan.com\/?page_id=651"},"modified":"2021-05-11T13:26:43","modified_gmt":"2021-05-11T13:26:43","slug":"accommodation","status":"publish","type":"page","link":"https:\/\/pansion-ivan.com\/de\/accommodation\/","title":{"rendered":"Unterk\u00fcnfte"},"content":{"rendered":"<p>[vc_row full_width=&#8221;stretch_row_content_no_spaces&#8221; css=&#8221;.vc_custom_1620735293808{background-image: url(http:\/\/pansion-ivan.com\/wp-content\/uploads\/2017\/01\/01-Cover.jpg?id=889) !important;background-position: center !important;background-repeat: no-repeat !important;background-size: cover !important;}&#8221;][vc_column][vc_empty_space height=&#8221;200px&#8221;][vc_column_text css_animation=&#8221;fadeInLeft&#8221;]<\/p>\n<h1 style=\"text-align: center;\"><span style=\"color: #ffffff;\">Unterk\u00fcnfte<\/span><\/h1>\n<p>[\/vc_column_text][vc_empty_space height=&#8221;200px&#8221;][\/vc_column][\/vc_row][vc_row][vc_column][vc_empty_space][\/vc_column][\/vc_row][vc_row][vc_column width=&#8221;1\/6&#8243;][\/vc_column][vc_column width=&#8221;1\/3&#8243;][vc_column_text]<\/p>\n<h3 style=\"text-align: center;\"><strong>Pansion Ivan<\/strong><\/h3>\n<p>[\/vc_column_text][vc_single_image image=&#8221;905&#8243; img_size=&#8221;large&#8221; alignment=&#8221;center&#8221; style=&#8221;vc_box_rounded&#8221;][vc_column_text]<\/p>\n<div class=\"dropcapsimple\" style=\"text-align: center;\">Das Haus Ivan bietet seinen G\u00e4sten Unterk\u00fcnfte unterschiedlicher Gr\u00f6\u00dfenordnungen. Im Obergeschoss stehen 6 Zimmer mit gemeinschaftlicher K\u00fcche zur Vermietung, im Erdgeschoss 2 Studio-Apartments mit Kochnischen und ein gro\u00dfer Speisesaal mit angrenzender Terrasse und Sat TV. Unsere Pension verf\u00fcgt \u00fcber G\u00e4steparkpl\u00e4tze vor dem Haus, \u00fcber eine gro\u00dfe Dachterrasse und \u00fcber einen Au\u00dfenkamin, der nach Absprache von unseren G\u00e4sten f\u00fcr Grillabende genutzt werden kann.<\/div>\n<p>[\/vc_column_text][\/vc_column][vc_column width=&#8221;1\/3&#8243;][vc_column_text]<\/p>\n<h3 style=\"text-align: center;\"><strong>Ferienhaus<\/strong><\/h3>\n<p>[\/vc_column_text][vc_single_image image=&#8221;892&#8243; img_size=&#8221;large&#8221; alignment=&#8221;center&#8221; style=&#8221;vc_box_rounded&#8221;][vc_column_text]<\/p>\n<div class=\"dropcapsimple\" style=\"text-align: center;\">Das Ferienhaus befindet sich in einem separaten Geb\u00e4ude unweit der Pension Ivan und bietet Platz f\u00fcr bis zu 5 Personen. Die gro\u00dfz\u00fcgigen R\u00e4umlichkeiten machen unser Haus zur idealen Unterkunft f\u00fcr gr\u00f6\u00dfere Gruppen. Au\u00dferhalb der Saison besteht ebenfalls die M\u00f6glichkeit, den Speisesaal f\u00fcr Festivit\u00e4ten zu mieten.<br \/>\nEinkaufsm\u00f6glichkeiten, Geldautomat, Tankstelle, Post und Apotheke, sowie Restaurants und Caf\u00e9s liegen in unmittelbarer N\u00e4he der Pension Ivan und sind gut zu Fu\u00df zu erreichen.<\/div>\n<p>[\/vc_column_text][\/vc_column][vc_column width=&#8221;1\/6&#8243;][\/vc_column][\/vc_row][vc_row][vc_column width=&#8221;1\/6&#8243;][\/vc_column][vc_column width=&#8221;2\/3&#8243;][vc_separator color=&#8221;violet&#8221; style=&#8221;shadow&#8221; border_width=&#8221;2&#8243;][\/vc_column][vc_column width=&#8221;1\/6&#8243;][\/vc_column][\/vc_row][vc_row][vc_column width=&#8221;1\/6&#8243;][vc_icon icon_fontawesome=&#8221;fa fa-info-circle&#8221; color=&#8221;purple&#8221; align=&#8221;center&#8221;][\/vc_column][vc_column width=&#8221;2\/3&#8243;][vc_column_text]<\/p>\n<p style=\"text-align: center;\"><span style=\"color: #993366;\"><em>Sie k\u00f6nnen sich nach Wunsch selbst verpflegen oder Halbpension buchen. Wir verw\u00f6hnen unsere G\u00e4ste mit einer frischen, mediterranen K\u00fcche und hausgemachten Dalmatinischen Spezialit\u00e4ten. Genie\u00dfen Sie unser Obst und Gem\u00fcse aus eigenem Anbau, ausgew\u00e4hlte Fleischprodukte aus der Region, sowie selbst gefangenen, frischen Fisch!<\/em><\/span><\/p>\n<p>[\/vc_column_text][\/vc_column][vc_column width=&#8221;1\/6&#8243;][\/vc_column][\/vc_row][vc_row][vc_column width=&#8221;1\/6&#8243;][\/vc_column][vc_column width=&#8221;2\/3&#8243;][vc_separator color=&#8221;violet&#8221; style=&#8221;shadow&#8221; border_width=&#8221;2&#8243;][\/vc_column][vc_column width=&#8221;1\/6&#8243;][\/vc_column][\/vc_row][vc_row][vc_column width=&#8221;1\/6&#8243;][\/vc_column][vc_column width=&#8221;1\/3&#8243;][vc_column_text]<\/p>\n<h3 style=\"text-align: center;\">6 ZIMMER<\/h3>\n<p>[\/vc_column_text][vc_column_text]<\/p>\n<p style=\"text-align: center;\">Balkon mit Meerblick<\/p>\n<p style=\"text-align: center;\">Strandn\u00e4he (50 m)<\/p>\n<p style=\"text-align: center;\">Wi-Fi<\/p>\n<p style=\"text-align: center;\"><em>Maximale Belegung pro Zimmer: 2-3 Personen<\/em><\/p>\n<p>[\/vc_column_text][vc_btn title=&#8221;LESEN SIE MEHR&#8221; style=&#8221;gradient&#8221; gradient_color_1=&#8221;green&#8221; gradient_color_2=&#8221;vista-blue&#8221; size=&#8221;sm&#8221; align=&#8221;center&#8221; link=&#8221;url:https%3A%2F%2Fpansion-ivan.com%2Fde%2Frooms%2F|title:Zimmer&#8221;][\/vc_column][vc_column width=&#8221;1\/3&#8243;][vc_single_image image=&#8221;1282&#8243; img_size=&#8221;large&#8221; alignment=&#8221;center&#8221; style=&#8221;vc_box_rounded&#8221;][\/vc_column][vc_column width=&#8221;1\/6&#8243;][\/vc_column][\/vc_row][vc_row][vc_column width=&#8221;1\/6&#8243;][\/vc_column][vc_column width=&#8221;2\/3&#8243;][vc_separator color=&#8221;violet&#8221; style=&#8221;shadow&#8221; border_width=&#8221;2&#8243;][\/vc_column][vc_column width=&#8221;1\/6&#8243;][\/vc_column][\/vc_row][vc_row][vc_column width=&#8221;1\/6&#8243;][\/vc_column][vc_column width=&#8221;1\/3&#8243;][vc_column_text]<\/p>\n<h3 style=\"text-align: center;\">2 STUDIO APARTMENTS<\/h3>\n<p style=\"text-align: center;\">Balkon mit Meerblick<\/p>\n<p style=\"text-align: center;\">Strandn\u00e4he (50 m)<\/p>\n<p style=\"text-align: center;\">Wi-Fi<\/p>\n<p style=\"text-align: center;\"><em>Maximale Belegung pro Apartment: 3 Personen<\/em><\/p>\n<p>[\/vc_column_text][vc_btn title=&#8221;LESEN SIE MEHR&#8221; style=&#8221;gradient&#8221; gradient_color_1=&#8221;green&#8221; gradient_color_2=&#8221;vista-blue&#8221; align=&#8221;center&#8221; link=&#8221;url:https%3A%2F%2Fpansion-ivan.com%2Fde%2Fstudio-apartments%2F|title:Studio%20Apartments&#8221;][\/vc_column][vc_column width=&#8221;1\/3&#8243;][vc_single_image image=&#8221;1266&#8243; img_size=&#8221;large&#8221; alignment=&#8221;center&#8221;][\/vc_column][vc_column width=&#8221;1\/6&#8243;][\/vc_column][\/vc_row][vc_row][vc_column width=&#8221;1\/6&#8243;][\/vc_column][vc_column width=&#8221;2\/3&#8243;][vc_separator color=&#8221;violet&#8221; style=&#8221;shadow&#8221; border_width=&#8221;2&#8243;][\/vc_column][vc_column width=&#8221;1\/6&#8243;][\/vc_column][\/vc_row][vc_row][vc_column width=&#8221;1\/6&#8243;][\/vc_column][vc_column width=&#8221;1\/3&#8243;][vc_column_text]<\/p>\n<h3 style=\"text-align: center;\">1\u00a0FERIENHAUS<\/h3>\n<p style=\"text-align: center;\">Balkon mit Meerblick<\/p>\n<p style=\"text-align: center;\">Strandn\u00e4he (50 m)<\/p>\n<p style=\"text-align: center;\">Wi-Fi<\/p>\n<p style=\"text-align: center;\"><em>Maximale Belegung: 5\u00a0Personen<\/em><\/p>\n<p>[\/vc_column_text][vc_btn title=&#8221;LESEN SIE MEHR&#8221; style=&#8221;gradient&#8221; gradient_color_1=&#8221;green&#8221; gradient_color_2=&#8221;vista-blue&#8221; align=&#8221;center&#8221; link=&#8221;url:https%3A%2F%2Fpansion-ivan.com%2Fde%2Fholiday-home%2F&#8221;][\/vc_column][vc_column width=&#8221;1\/3&#8243;][vc_single_image image=&#8221;892&#8243; img_size=&#8221;large&#8221; alignment=&#8221;center&#8221;][\/vc_column][vc_column width=&#8221;1\/6&#8243;][\/vc_column][\/vc_row][vc_row][vc_column width=&#8221;1\/6&#8243;][\/vc_column][vc_column width=&#8221;2\/3&#8243;][vc_separator color=&#8221;violet&#8221; style=&#8221;shadow&#8221; border_width=&#8221;2&#8243;][\/vc_column][vc_column width=&#8221;1\/6&#8243;][\/vc_column][\/vc_row][vc_row][vc_column][vc_column_text]<\/p>\n<h5 style=\"text-align: center;\"><strong><span style=\"color: #993366;\">Haben Sie Fragen, Anregungen oder W\u00fcnsche? Nehmen Sie Kontakt zu uns auf, wir freuen uns auf Sie!<\/span><\/strong><\/h5>\n<p>[\/vc_column_text][\/vc_column][\/vc_row][vc_row][vc_column width=&#8221;1\/6&#8243;][\/vc_column][vc_column width=&#8221;2\/3&#8243;][vc_separator color=&#8221;violet&#8221; style=&#8221;shadow&#8221; border_width=&#8221;2&#8243;][\/vc_column][vc_column width=&#8221;1\/6&#8243;][\/vc_column][\/vc_row]<\/p>\n","protected":false},"excerpt":{"rendered":"<p>[vc_row full_width=&#8221;stretch_row_content_no_spaces&#8221; css=&#8221;.vc_custom_1620735293808{background-image: url(http:\/\/pansion-ivan.com\/wp-content\/uploads\/2017\/01\/01-Cover.jpg?id=889) !important;background-position: center !important;background-repeat: no-repeat !important;background-size: cover !important;}&#8221;][vc_column][vc_empty_space height=&#8221;200px&#8221;][vc_column_text css_animation=&#8221;fadeInLeft&#8221;] Unterk\u00fcnfte [\/vc_column_text][vc_empty_space height=&#8221;200px&#8221;][\/vc_column][\/vc_row][vc_row][vc_column][vc_empty_space][\/vc_column][\/vc_row][vc_row][vc_column width=&#8221;1\/6&#8243;][\/vc_column][vc_column width=&#8221;1\/3&#8243;][vc_column_text] Pansion Ivan [\/vc_column_text][vc_single_image image=&#8221;905&#8243; img_size=&#8221;large&#8221; alignment=&#8221;center&#8221; style=&#8221;vc_box_rounded&#8221;][vc_column_text] Das Haus Ivan bietet seinen G\u00e4sten Unterk\u00fcnfte unterschiedlicher Gr\u00f6\u00dfenordnungen. Im Obergeschoss stehen 6 Zimmer mit gemeinschaftlicher K\u00fcche zur Vermietung, im Erdgeschoss 2 Studio-Apartments mit Kochnischen und ein gro\u00dfer Speisesaal mit [&hellip;]<\/p>\n","protected":false},"author":1,"featured_media":0,"parent":0,"menu_order":0,"comment_status":"closed","ping_status":"closed","template":"","meta":{"_monsterinsights_skip_tracking":false,"_monsterinsights_sitenote_active":false,"_monsterinsights_sitenote_note":"","_monsterinsights_sitenote_category":0},"yoast_head":"<!-- This site is optimized with the Yoast SEO plugin v16.6.1 - https:\/\/yoast.com\/wordpress\/plugins\/seo\/ -->\n<title>Unterk\u00fcnfte - Pansion Ivan<\/title>\n<meta name=\"robots\" content=\"index, follow, max-snippet:-1, max-image-preview:large, max-video-preview:-1\" \/>\n<link rel=\"canonical\" href=\"https:\/\/pansion-ivan.com\/accommodation\/\" \/>\n<meta property=\"og:locale\" content=\"de_DE\" \/>\n<meta property=\"og:type\" content=\"article\" \/>\n<meta property=\"og:title\" content=\"Unterk\u00fcnfte - Pansion Ivan\" \/>\n<meta property=\"og:description\" content=\"[vc_row full_width=&#8221;stretch_row_content_no_spaces&#8221; css=&#8221;.vc_custom_1620735293808{background-image: url(http:\/\/pansion-ivan.com\/wp-content\/uploads\/2017\/01\/01-Cover.jpg?id=889) !important;background-position: center !important;background-repeat: no-repeat !important;background-size: cover !important;}&#8221;][vc_column][vc_empty_space height=&#8221;200px&#8221;][vc_column_text css_animation=&#8221;fadeInLeft&#8221;] Unterk\u00fcnfte [\/vc_column_text][vc_empty_space height=&#8221;200px&#8221;][\/vc_column][\/vc_row][vc_row][vc_column][vc_empty_space][\/vc_column][\/vc_row][vc_row][vc_column width=&#8221;1\/6&#8243;][\/vc_column][vc_column width=&#8221;1\/3&#8243;][vc_column_text] Pansion Ivan [\/vc_column_text][vc_single_image image=&#8221;905&#8243; img_size=&#8221;large&#8221; alignment=&#8221;center&#8221; style=&#8221;vc_box_rounded&#8221;][vc_column_text] Das Haus Ivan bietet seinen G\u00e4sten Unterk\u00fcnfte unterschiedlicher Gr\u00f6\u00dfenordnungen. Im Obergeschoss stehen 6 Zimmer mit gemeinschaftlicher K\u00fcche zur Vermietung, im Erdgeschoss 2 Studio-Apartments mit Kochnischen und ein gro\u00dfer Speisesaal mit [&hellip;]\" \/>\n<meta property=\"og:url\" content=\"https:\/\/pansion-ivan.com\/accommodation\/\" \/>\n<meta property=\"og:site_name\" content=\"Pansion Ivan\" \/>\n<meta property=\"article:modified_time\" content=\"2021-05-11T13:26:43+00:00\" \/>\n<meta name=\"twitter:card\" content=\"summary_large_image\" \/>\n<meta name=\"twitter:label1\" content=\"Gesch\u00e4tzte Lesezeit\" \/>\n\t<meta name=\"twitter:data1\" content=\"4\u00a0Minuten\" \/>\n<script type=\"application\/ld+json\" class=\"yoast-schema-graph\">{\"@context\":\"https:\/\/schema.org\",\"@graph\":[{\"@type\":\"WebSite\",\"@id\":\"https:\/\/pansion-ivan.com\/#website\",\"url\":\"https:\/\/pansion-ivan.com\/\",\"name\":\"Pansion Ivan\",\"description\":\"Starigrad Paklenica\",\"potentialAction\":[{\"@type\":\"SearchAction\",\"target\":{\"@type\":\"EntryPoint\",\"urlTemplate\":\"https:\/\/pansion-ivan.com\/?s={search_term_string}\"},\"query-input\":\"required name=search_term_string\"}],\"inLanguage\":\"de\"},{\"@type\":\"WebPage\",\"@id\":\"https:\/\/pansion-ivan.com\/accommodation\/#webpage\",\"url\":\"https:\/\/pansion-ivan.com\/accommodation\/\",\"name\":\"Unterk\\u00fcnfte - Pansion Ivan\",\"isPartOf\":{\"@id\":\"https:\/\/pansion-ivan.com\/#website\"},\"datePublished\":\"2017-01-13T02:08:46+00:00\",\"dateModified\":\"2021-05-11T13:26:43+00:00\",\"breadcrumb\":{\"@id\":\"https:\/\/pansion-ivan.com\/accommodation\/#breadcrumb\"},\"inLanguage\":\"de\",\"potentialAction\":[{\"@type\":\"ReadAction\",\"target\":[\"https:\/\/pansion-ivan.com\/accommodation\/\"]}]},{\"@type\":\"BreadcrumbList\",\"@id\":\"https:\/\/pansion-ivan.com\/accommodation\/#breadcrumb\",\"itemListElement\":[{\"@type\":\"ListItem\",\"position\":1,\"name\":\"Home\",\"item\":\"https:\/\/pansion-ivan.com\/\"},{\"@type\":\"ListItem\",\"position\":2,\"name\":\"Accommodation\"}]}]}<\/script>\n<!-- \/ Yoast SEO plugin. -->","_links":{"self":[{"href":"https:\/\/pansion-ivan.com\/de\/wp-json\/wp\/v2\/pages\/651"}],"collection":[{"href":"https:\/\/pansion-ivan.com\/de\/wp-json\/wp\/v2\/pages"}],"about":[{"href":"https:\/\/pansion-ivan.com\/de\/wp-json\/wp\/v2\/types\/page"}],"author":[{"embeddable":true,"href":"https:\/\/pansion-ivan.com\/de\/wp-json\/wp\/v2\/users\/1"}],"replies":[{"embeddable":true,"href":"https:\/\/pansion-ivan.com\/de\/wp-json\/wp\/v2\/comments?post=651"}],"version-history":[{"count":122,"href":"https:\/\/pansion-ivan.com\/de\/wp-json\/wp\/v2\/pages\/651\/revisions"}],"predecessor-version":[{"id":1518,"href":"https:\/\/pansion-ivan.com\/de\/wp-json\/wp\/v2\/pages\/651\/revisions\/1518"}],"wp:attachment":[{"href":"https:\/\/pansion-ivan.com\/de\/wp-json\/wp\/v2\/media?parent=651"}],"curies":[{"name":"wp","href":"https:\/\/api.w.org\/{rel}","templated":true}]}}