{"id":406,"date":"2016-10-24T05:48:38","date_gmt":"2016-10-24T05:48:38","guid":{"rendered":"http:\/\/thenordik.com\/demo\/themeforest\/wordpress\/xml_demo\/?page_id=8"},"modified":"2021-06-14T13:41:59","modified_gmt":"2021-06-14T13:41:59","slug":"contact","status":"publish","type":"page","link":"https:\/\/pansion-ivan.com\/de\/contact\/","title":{"rendered":"Kontakt"},"content":{"rendered":"<p>[vc_row full_width=&#8221;stretch_row_content_no_spaces&#8221;][vc_column][vc_column_text]<\/p>\n<h3 style=\"text-align: center;\">Kontakt<\/h3>\n<p>[\/vc_column_text][\/vc_column][\/vc_row][vc_row][vc_column][vc_gmaps link=&#8221;#E-8_JTNDaWZyYW1lJTIwc3JjJTNEJTIyaHR0cHMlM0ElMkYlMkZ3d3cuZ29vZ2xlLmNvbSUyRm1hcHMlMkZlbWJlZCUzRnBiJTNEJTIxMW0xNCUyMTFtOCUyMTFtMyUyMTFkMTc3OTcyLjAwODI1NTU3ODElMjEyZDE1Ljk4MTkxOTAwMDAwMDAwMSUyMTNkNDUuODE1MDEwNzk5OTk5OTk2JTIxM20yJTIxMWkxMDI0JTIxMmk3NjglMjE0ZjEzLjElMjEzbTMlMjExbTIlMjExczB4MCUyNTNBMHhhNGM0OWFiYWQ1YTRjNTglMjEyc1BhbnNpb24lMkJJdmFuJTIxNWUwJTIxM20yJTIxMXNociUyMTJzaHIlMjE0djE0ODQyMzI0MTA1NjclMjIlMjB3aWR0aCUzRCUyMjYwMCUyMiUyMGhlaWdodCUzRCUyMjQ1MCUyMiUyMGZyYW1lYm9yZGVyJTNEJTIyMCUyMiUyMHN0eWxlJTNEJTIyYm9yZGVyJTNBMCUyMiUyMGFsbG93ZnVsbHNjcmVlbiUzRSUzQyUyRmlmcmFtZSUzRQ==&#8221;][vc_column_text]<\/p>\n<p style=\"text-align: center;\"><strong>GPS: <\/strong>Breitengrad\u00a044\u00b0 17\u2032 13\u2033 N (44.287170) L\u00e4ngengrad 15\u00b0 26\u2032 52\u2033 E (15.447850)<\/p>\n<p>[\/vc_column_text][vc_separator border_width=&#8221;2&#8243;][\/vc_column][\/vc_row][vc_row full_width=&#8221;stretch_row_content&#8221;][vc_column width=&#8221;1\/6&#8243;][\/vc_column][vc_column width=&#8221;1\/3&#8243;][vc_column_text]<\/p>\n<h4><strong>Reservierung<\/strong><\/h4>\n<p>[\/vc_column_text][vc_column_text]<\/p>\n<h4>Bitte f\u00fcgen Sie Ihrer Buchungsanfrage Ihren Vor- und Nachnamen, die Anzahl der G\u00e4ste, das Datum der An- und Abreise, sowie nat\u00fcrlich Ihre Fragen und W\u00fcnsche bei. Wir freuen uns auf Sie!<\/h4>\n<p>[\/vc_column_text][vc_separator border_width=&#8221;2&#8243;][vc_column_text]<\/p>\n<h4><strong>Pansion Ivan<\/strong><\/h4>\n<p>[\/vc_column_text][vc_column_text]<\/p>\n<h4><strong>Inhaber:<\/strong> Ivan Milovac<\/h4>\n<h4><strong>Adresse:<\/strong> Ul. Jose Dokoze 18<br \/>\n23244 Starigrad Paklenica, Croatia<\/h4>\n<h4><strong>Mobile:<\/strong> +385 \u2013 (0) 91 \u2013 890 61 43<\/h4>\n<h4><strong>E-mail:<\/strong> \u00a0ivan.milovac1@zd.t-com.hr<\/h4>\n<p>[\/vc_column_text][\/vc_column][vc_column width=&#8221;1\/3&#8243; css=&#8221;.vc_custom_1620737209614{background-color: #c9d6c2 !important;}&#8221;]<div role=\"form\" class=\"wpcf7\" id=\"wpcf7-f493-o1\" lang=\"en-US\" dir=\"ltr\">\n<div class=\"screen-reader-response\"><p role=\"status\" aria-live=\"polite\" aria-atomic=\"true\"><\/p> <ul><\/ul><\/div>\n<form action=\"\/de\/wp-json\/wp\/v2\/pages\/406#wpcf7-f493-o1\" method=\"post\" class=\"wpcf7-form init\" novalidate=\"novalidate\" data-status=\"init\">\n<div style=\"display: none;\">\n<input type=\"hidden\" name=\"_wpcf7\" value=\"493\" \/>\n<input type=\"hidden\" name=\"_wpcf7_version\" value=\"5.4.1\" \/>\n<input type=\"hidden\" name=\"_wpcf7_locale\" value=\"en_US\" \/>\n<input type=\"hidden\" name=\"_wpcf7_unit_tag\" value=\"wpcf7-f493-o1\" \/>\n<input type=\"hidden\" name=\"_wpcf7_container_post\" value=\"0\" \/>\n<input type=\"hidden\" name=\"_wpcf7_posted_data_hash\" value=\"\" \/>\n<input type=\"hidden\" name=\"_wpcf7_recaptcha_response\" value=\"\" \/>\n<\/div>\n<p><center>\n<p>Ihr Name (Pflichtfeld)<br \/>\n    <span class=\"wpcf7-form-control-wrap your-name\"><input type=\"text\" name=\"your-name\" value=\"\" size=\"40\" class=\"wpcf7-form-control wpcf7-text wpcf7-validates-as-required\" aria-required=\"true\" aria-invalid=\"false\" \/><\/span> <\/p>\n<p>Ihre E-Mail-Adresse (Pflichtfeld)<br \/>\n    <span class=\"wpcf7-form-control-wrap your-email\"><input type=\"email\" name=\"your-email\" value=\"\" size=\"40\" class=\"wpcf7-form-control wpcf7-text wpcf7-email wpcf7-validates-as-required wpcf7-validates-as-email\" aria-required=\"true\" aria-invalid=\"false\" \/><\/span> <\/p>\n<p>Betreff<br \/>\n    <span class=\"wpcf7-form-control-wrap your-subject\"><input type=\"text\" name=\"your-subject\" value=\"\" size=\"40\" class=\"wpcf7-form-control wpcf7-text\" aria-invalid=\"false\" \/><\/span> <\/p>\n<p>Ihre Nachricht<br \/>\n    <span class=\"wpcf7-form-control-wrap your-message\"><textarea name=\"your-message\" cols=\"40\" rows=\"10\" class=\"wpcf7-form-control wpcf7-textarea\" aria-invalid=\"false\"><\/textarea><\/span> <\/p>\n\n<p><input type=\"submit\" value=\"Senden\" class=\"wpcf7-form-control wpcf7-submit\" \/><\/p>\n<p><\/center><\/p>\n<div class=\"wpcf7-response-output\" aria-hidden=\"true\"><\/div><\/form><\/div>[\/vc_column][vc_column width=&#8221;1\/6&#8243;][\/vc_column][\/vc_row][vc_row][vc_column width=&#8221;1\/6&#8243;][\/vc_column][vc_column width=&#8221;2\/3&#8243;][vc_separator border_width=&#8221;2&#8243;][vc_column_text]<\/p>\n<h3 style=\"text-align: center;\"><strong>Anfahrt<\/strong><\/h3>\n<p>[\/vc_column_text][\/vc_column][vc_column width=&#8221;1\/6&#8243;][\/vc_column][\/vc_row][vc_row][vc_column width=&#8221;1\/6&#8243;][\/vc_column][vc_column width=&#8221;1\/3&#8243;][vc_column_text]<\/p>\n<h3 style=\"text-align: center;\"><strong>Mit dem PKW<\/strong><\/h3>\n<p>[\/vc_column_text][vc_column_text]<\/p>\n<h4 style=\"text-align: left;\">\u00dcber die Autobahn A1 Zagreb-Split bis zur Ausfahrt Nr. 15 \u201cStarigrad-Obrovac-Maslenica\u201d. Anschlie\u00dfend sind es noch ca. 10 Kilometer Fahrt entlang der Bundesstra\u00dfe D8 in Richtung Rijeka.<\/h4>\n<p>[\/vc_column_text][\/vc_column][vc_column width=&#8221;1\/3&#8243;][vc_column_text]<\/p>\n<h3 style=\"text-align: center;\"><strong>Mit dem Flugzeug<\/strong><\/h3>\n<p>[\/vc_column_text][vc_column_text]<\/p>\n<h4 style=\"text-align: left;\">Der Flughafen Zadar \u201eZemunik\u201c (ZAD) verf\u00fcgt \u00fcber eine gute Anbindung an alle gr\u00f6\u00dferen St\u00e4dte Kroatiens und Europas und liegt 40 km entfernt von Paklenica. Weitere Flugh\u00e4fen sind der Flughafen Split (150 km) und der Flughafen Zagreb (290 km) im Landesinneren.<\/h4>\n<p>[\/vc_column_text][\/vc_column][vc_column width=&#8221;1\/6&#8243;][\/vc_column][\/vc_row][vc_row][vc_column width=&#8221;1\/6&#8243;][\/vc_column][vc_column width=&#8221;2\/3&#8243;][vc_separator border_width=&#8221;2&#8243;][\/vc_column][vc_column width=&#8221;1\/6&#8243;][\/vc_column][\/vc_row]<\/p>\n","protected":false},"excerpt":{"rendered":"<p>[vc_row full_width=&#8221;stretch_row_content_no_spaces&#8221;][vc_column][vc_column_text] Kontakt [\/vc_column_text][\/vc_column][\/vc_row][vc_row][vc_column][vc_gmaps link=&#8221;#E-8_JTNDaWZyYW1lJTIwc3JjJTNEJTIyaHR0cHMlM0ElMkYlMkZ3d3cuZ29vZ2xlLmNvbSUyRm1hcHMlMkZlbWJlZCUzRnBiJTNEJTIxMW0xNCUyMTFtOCUyMTFtMyUyMTFkMTc3OTcyLjAwODI1NTU3ODElMjEyZDE1Ljk4MTkxOTAwMDAwMDAwMSUyMTNkNDUuODE1MDEwNzk5OTk5OTk2JTIxM20yJTIxMWkxMDI0JTIxMmk3NjglMjE0ZjEzLjElMjEzbTMlMjExbTIlMjExczB4MCUyNTNBMHhhNGM0OWFiYWQ1YTRjNTglMjEyc1BhbnNpb24lMkJJdmFuJTIxNWUwJTIxM20yJTIxMXNociUyMTJzaHIlMjE0djE0ODQyMzI0MTA1NjclMjIlMjB3aWR0aCUzRCUyMjYwMCUyMiUyMGhlaWdodCUzRCUyMjQ1MCUyMiUyMGZyYW1lYm9yZGVyJTNEJTIyMCUyMiUyMHN0eWxlJTNEJTIyYm9yZGVyJTNBMCUyMiUyMGFsbG93ZnVsbHNjcmVlbiUzRSUzQyUyRmlmcmFtZSUzRQ==&#8221;][vc_column_text] GPS: Breitengrad\u00a044\u00b0 17\u2032 13\u2033 N (44.287170) L\u00e4ngengrad 15\u00b0 26\u2032 52\u2033 E (15.447850) [\/vc_column_text][vc_separator border_width=&#8221;2&#8243;][\/vc_column][\/vc_row][vc_row full_width=&#8221;stretch_row_content&#8221;][vc_column width=&#8221;1\/6&#8243;][\/vc_column][vc_column width=&#8221;1\/3&#8243;][vc_column_text] Reservierung [\/vc_column_text][vc_column_text] Bitte f\u00fcgen Sie Ihrer Buchungsanfrage Ihren Vor- und Nachnamen, die Anzahl der G\u00e4ste, das Datum der An- und Abreise, sowie nat\u00fcrlich Ihre Fragen und W\u00fcnsche bei. Wir freuen uns auf Sie! [&hellip;]<\/p>\n","protected":false},"author":1,"featured_media":0,"parent":0,"menu_order":0,"comment_status":"closed","ping_status":"closed","template":"","meta":{"_monsterinsights_skip_tracking":false,"_monsterinsights_sitenote_active":false,"_monsterinsights_sitenote_note":"","_monsterinsights_sitenote_category":0},"yoast_head":"<!-- This site is optimized with the Yoast SEO plugin v16.6.1 - https:\/\/yoast.com\/wordpress\/plugins\/seo\/ -->\n<title>Kontakt - Pansion Ivan<\/title>\n<meta name=\"robots\" content=\"index, follow, max-snippet:-1, max-image-preview:large, max-video-preview:-1\" \/>\n<link rel=\"canonical\" href=\"https:\/\/pansion-ivan.com\/contact\/\" \/>\n<meta property=\"og:locale\" content=\"de_DE\" \/>\n<meta property=\"og:type\" content=\"article\" \/>\n<meta property=\"og:title\" content=\"Kontakt - Pansion Ivan\" \/>\n<meta property=\"og:description\" content=\"[vc_row full_width=&#8221;stretch_row_content_no_spaces&#8221;][vc_column][vc_column_text] Kontakt [\/vc_column_text][\/vc_column][\/vc_row][vc_row][vc_column][vc_gmaps link=&#8221;#E-8_JTNDaWZyYW1lJTIwc3JjJTNEJTIyaHR0cHMlM0ElMkYlMkZ3d3cuZ29vZ2xlLmNvbSUyRm1hcHMlMkZlbWJlZCUzRnBiJTNEJTIxMW0xNCUyMTFtOCUyMTFtMyUyMTFkMTc3OTcyLjAwODI1NTU3ODElMjEyZDE1Ljk4MTkxOTAwMDAwMDAwMSUyMTNkNDUuODE1MDEwNzk5OTk5OTk2JTIxM20yJTIxMWkxMDI0JTIxMmk3NjglMjE0ZjEzLjElMjEzbTMlMjExbTIlMjExczB4MCUyNTNBMHhhNGM0OWFiYWQ1YTRjNTglMjEyc1BhbnNpb24lMkJJdmFuJTIxNWUwJTIxM20yJTIxMXNociUyMTJzaHIlMjE0djE0ODQyMzI0MTA1NjclMjIlMjB3aWR0aCUzRCUyMjYwMCUyMiUyMGhlaWdodCUzRCUyMjQ1MCUyMiUyMGZyYW1lYm9yZGVyJTNEJTIyMCUyMiUyMHN0eWxlJTNEJTIyYm9yZGVyJTNBMCUyMiUyMGFsbG93ZnVsbHNjcmVlbiUzRSUzQyUyRmlmcmFtZSUzRQ==&#8221;][vc_column_text] GPS: Breitengrad\u00a044\u00b0 17\u2032 13\u2033 N (44.287170) L\u00e4ngengrad 15\u00b0 26\u2032 52\u2033 E (15.447850) [\/vc_column_text][vc_separator border_width=&#8221;2&#8243;][\/vc_column][\/vc_row][vc_row full_width=&#8221;stretch_row_content&#8221;][vc_column width=&#8221;1\/6&#8243;][\/vc_column][vc_column width=&#8221;1\/3&#8243;][vc_column_text] Reservierung [\/vc_column_text][vc_column_text] Bitte f\u00fcgen Sie Ihrer Buchungsanfrage Ihren Vor- und Nachnamen, die Anzahl der G\u00e4ste, das Datum der An- und Abreise, sowie nat\u00fcrlich Ihre Fragen und W\u00fcnsche bei. Wir freuen uns auf Sie! [&hellip;]\" \/>\n<meta property=\"og:url\" content=\"https:\/\/pansion-ivan.com\/contact\/\" \/>\n<meta property=\"og:site_name\" content=\"Pansion Ivan\" \/>\n<meta property=\"article:modified_time\" content=\"2021-06-14T13:41:59+00:00\" \/>\n<meta name=\"twitter:card\" content=\"summary_large_image\" \/>\n<meta name=\"twitter:label1\" content=\"Gesch\u00e4tzte Lesezeit\" \/>\n\t<meta name=\"twitter:data1\" content=\"1\u00a0Minute\" \/>\n<script type=\"application\/ld+json\" class=\"yoast-schema-graph\">{\"@context\":\"https:\/\/schema.org\",\"@graph\":[{\"@type\":\"WebSite\",\"@id\":\"https:\/\/pansion-ivan.com\/#website\",\"url\":\"https:\/\/pansion-ivan.com\/\",\"name\":\"Pansion Ivan\",\"description\":\"Starigrad Paklenica\",\"potentialAction\":[{\"@type\":\"SearchAction\",\"target\":{\"@type\":\"EntryPoint\",\"urlTemplate\":\"https:\/\/pansion-ivan.com\/?s={search_term_string}\"},\"query-input\":\"required name=search_term_string\"}],\"inLanguage\":\"de\"},{\"@type\":\"WebPage\",\"@id\":\"https:\/\/pansion-ivan.com\/contact\/#webpage\",\"url\":\"https:\/\/pansion-ivan.com\/contact\/\",\"name\":\"Kontakt - Pansion Ivan\",\"isPartOf\":{\"@id\":\"https:\/\/pansion-ivan.com\/#website\"},\"datePublished\":\"2016-10-24T05:48:38+00:00\",\"dateModified\":\"2021-06-14T13:41:59+00:00\",\"breadcrumb\":{\"@id\":\"https:\/\/pansion-ivan.com\/contact\/#breadcrumb\"},\"inLanguage\":\"de\",\"potentialAction\":[{\"@type\":\"ReadAction\",\"target\":[\"https:\/\/pansion-ivan.com\/contact\/\"]}]},{\"@type\":\"BreadcrumbList\",\"@id\":\"https:\/\/pansion-ivan.com\/contact\/#breadcrumb\",\"itemListElement\":[{\"@type\":\"ListItem\",\"position\":1,\"name\":\"Home\",\"item\":\"https:\/\/pansion-ivan.com\/\"},{\"@type\":\"ListItem\",\"position\":2,\"name\":\"Contact\"}]}]}<\/script>\n<!-- \/ Yoast SEO plugin. -->","_links":{"self":[{"href":"https:\/\/pansion-ivan.com\/de\/wp-json\/wp\/v2\/pages\/406"}],"collection":[{"href":"https:\/\/pansion-ivan.com\/de\/wp-json\/wp\/v2\/pages"}],"about":[{"href":"https:\/\/pansion-ivan.com\/de\/wp-json\/wp\/v2\/types\/page"}],"author":[{"embeddable":true,"href":"https:\/\/pansion-ivan.com\/de\/wp-json\/wp\/v2\/users\/1"}],"replies":[{"embeddable":true,"href":"https:\/\/pansion-ivan.com\/de\/wp-json\/wp\/v2\/comments?post=406"}],"version-history":[{"count":86,"href":"https:\/\/pansion-ivan.com\/de\/wp-json\/wp\/v2\/pages\/406\/revisions"}],"predecessor-version":[{"id":1556,"href":"https:\/\/pansion-ivan.com\/de\/wp-json\/wp\/v2\/pages\/406\/revisions\/1556"}],"wp:attachment":[{"href":"https:\/\/pansion-ivan.com\/de\/wp-json\/wp\/v2\/media?parent=406"}],"curies":[{"name":"wp","href":"https:\/\/api.w.org\/{rel}","templated":true}]}}