{"id":4,"date":"2016-10-24T05:48:09","date_gmt":"2016-10-24T05:48:09","guid":{"rendered":"http:\/\/thenordik.com\/demo\/themeforest\/wordpress\/xml_demo\/?page_id=4"},"modified":"2021-05-11T20:01:41","modified_gmt":"2021-05-11T20:01:41","slug":"accommodation-starigrad-paklenica","status":"publish","type":"page","link":"https:\/\/pansion-ivan.com\/de\/","title":{"rendered":"Home"},"content":{"rendered":"<p>[vc_row full_width=&#8221;stretch_row_content_no_spaces&#8221; content_placement=&#8221;top&#8221; opacity=&#8221;opacity-15&#8243; css=&#8221;.vc_custom_1620733999736{background-position: center !important;background-repeat: no-repeat !important;background-size: cover !important;}&#8221; bg_clr=&#8221;#0a0a0a&#8221;][vc_column][vc_column_text][\/vc_column_text][\/vc_column][\/vc_row][vc_row content_placement=&#8221;top&#8221; opacity=&#8221;opacity-15&#8243; css=&#8221;.vc_custom_1484261350397{background-position: center !important;background-repeat: no-repeat !important;background-size: cover !important;}&#8221; bg_clr=&#8221;#0a0a0a&#8221;][vc_column][vc_empty_space][\/vc_column][\/vc_row][vc_row content_placement=&#8221;top&#8221; opacity=&#8221;opacity-15&#8243; css=&#8221;.vc_custom_1484261350397{background-position: center !important;background-repeat: no-repeat !important;background-size: cover !important;}&#8221; bg_clr=&#8221;#0a0a0a&#8221;][vc_column][vc_column_text]<\/p>\n<h3 class=\"r\" style=\"text-align: center;\">\u00dcber uns<\/h3>\n<p>[\/vc_column_text][\/vc_column][\/vc_row][vc_row][vc_column width=&#8221;1\/6&#8243;][\/vc_column][vc_column width=&#8221;2\/6&#8243;][vc_column_text]<\/p>\n<div class=\"dropcapsimple\">Unsere Pension Ivan befindet sich im ruhigen Teil des altdalmatinischen Ortes Starigrad-Paklenica, nur wenige Schritte vom Strand und dem Ortskern entfernt. Als traditioneller Familienbetrieb vermieten wir bereits seit Generationen und bieten sowohl Alleinreisenden, als auch Familien mit Kindern oder gr\u00f6\u00dferen Reisegruppen ideale Rahmenbedingungen f\u00fcr einen erholsamen Urlaub fernab des Massentourismus.<\/div>\n<p>[\/vc_column_text][\/vc_column][vc_column width=&#8221;2\/6&#8243;][vc_column_text]<\/p>\n<div class=\"dropcapsimple\">Kroatienfreunde, die die urspr\u00fcngliche und herzliche Atmosph\u00e4re Dalmatiens sch\u00e4tzen, werden sich bei uns wohlf\u00fchlen. Wir stehen Ihnen bei all Ihren Anliegen mit Rat und Tat zur Seite. Auf Wunsch organisieren wir gerne Ausfl\u00fcge f\u00fcr Sie und helfen Ihnen, Land und Leute zu erkunden. Ihr Gastgeber Ivan ist ausgebildeter Reisef\u00fchrer und begleitet Sie gerne durch die wunderbaren und unber\u00fchrten Naturgebiete der Paklenica Region wie z. B. des Naturparks Paklenica.<\/div>\n<p>[\/vc_column_text][\/vc_column][vc_column width=&#8221;1\/6&#8243;][\/vc_column][\/vc_row][vc_row content_placement=&#8221;top&#8221; opacity=&#8221;opacity-15&#8243; css=&#8221;.vc_custom_1484261350397{background-position: center !important;background-repeat: no-repeat !important;background-size: cover !important;}&#8221; bg_clr=&#8221;#0a0a0a&#8221;][vc_column][vc_empty_space][\/vc_column][\/vc_row][vc_row][vc_column width=&#8221;1\/6&#8243;][\/vc_column][vc_column width=&#8221;2\/6&#8243;][vc_column_text]<\/p>\n<h3 style=\"text-align: center;\">Schauen Sie sich unsere Angebote an:<\/h3>\n<p>[\/vc_column_text][\/vc_column][vc_column width=&#8221;2\/6&#8243;][vc_btn title=&#8221;UNTERK\u00dcNFTE&#8221; style=&#8221;gradient&#8221; gradient_color_1=&#8221;green&#8221; gradient_color_2=&#8221;vista-blue&#8221; size=&#8221;lg&#8221; align=&#8221;center&#8221; css_animation=&#8221;fadeIn&#8221; link=&#8221;url:https%3A%2F%2Fpansion-ivan.com%2Fde%2Faccommodation%2F|title:UNTERK%C3%9CNFTE&#8221;][\/vc_column][vc_column width=&#8221;1\/6&#8243;][\/vc_column][\/vc_row][vc_row][vc_column width=&#8221;1\/6&#8243;][\/vc_column][vc_column width=&#8221;2\/3&#8243;][vc_separator color=&#8221;violet&#8221; style=&#8221;shadow&#8221; border_width=&#8221;2&#8243;][\/vc_column][vc_column width=&#8221;1\/6&#8243;][\/vc_column][\/vc_row][vc_row][vc_column width=&#8221;1\/4&#8243;][\/vc_column][vc_column width=&#8221;1\/2&#8243;][vc_column_text]<\/p>\n<h3 style=\"text-align: center;\"><span style=\"color: #800080;\">Lassen Sie den Alltag hinter sich, wir m\u00f6chten, dass Sie sich bei uns wohl f\u00fchlen!<\/span><\/h3>\n<p>[\/vc_column_text][\/vc_column][vc_column width=&#8221;1\/4&#8243;][\/vc_column][\/vc_row][vc_row content_placement=&#8221;top&#8221; opacity=&#8221;opacity-15&#8243; css=&#8221;.vc_custom_1484270610127{background-position: center !important;background-repeat: no-repeat !important;background-size: cover !important;}&#8221; bg_clr=&#8221;#0a0a0a&#8221;][vc_column width=&#8221;1\/6&#8243;][\/vc_column][vc_column width=&#8221;2\/3&#8243;][vc_separator color=&#8221;violet&#8221; style=&#8221;shadow&#8221; border_width=&#8221;2&#8243;][\/vc_column][vc_column width=&#8221;1\/6&#8243;][\/vc_column][\/vc_row][vc_row content_placement=&#8221;top&#8221; opacity=&#8221;opacity-15&#8243; css=&#8221;.vc_custom_1484270610127{background-position: center !important;background-repeat: no-repeat !important;background-size: cover !important;}&#8221; bg_clr=&#8221;#0a0a0a&#8221;][vc_column][vc_column_text]<\/p>\n<h3 style=\"text-align: center;\">Unsere location:<\/h3>\n<p>[\/vc_column_text][\/vc_column][\/vc_row][vc_row][vc_column width=&#8221;1\/6&#8243;][\/vc_column][vc_column width=&#8221;2\/3&#8243;][vc_gmaps link=&#8221;#E-8_JTNDaWZyYW1lJTIwc3JjJTNEJTIyaHR0cHMlM0ElMkYlMkZ3d3cuZ29vZ2xlLmNvbSUyRm1hcHMlMkZlbWJlZCUzRnBiJTNEJTIxMW0xOCUyMTFtMTIlMjExbTMlMjExZDI4NTUuNjY2NjIwMzk5ODc1NyUyMTJkMTUuNDM0NzIzNDUxMjExNTU5JTIxM2Q0NC4yOTYyNDQ1MTg1MjU2NzUlMjEybTMlMjExZjAlMjEyZjAlMjEzZjAlMjEzbTIlMjExaTEwMjQlMjEyaTc2OCUyMTRmMTMuMSUyMTNtMyUyMTFtMiUyMTFzMHg0NzYxOTI0ZWY1NmFjY2Q3JTI1M0EweGE0YzQ5YWJhZDVhNGM1OCUyMTJzUGFuc2lvbiUyQkl2YW4lMjE1ZTAlMjEzbTIlMjExc2hyJTIxMnNociUyMTR2MTQ4NDI2MTkxNzMzNCUyMiUyMHdpZHRoJTNEJTIyODAwJTIyJTIwaGVpZ2h0JTNEJTIyNjAwJTIyJTIwZnJhbWVib3JkZXIlM0QlMjIwJTIyJTIwc3R5bGUlM0QlMjJib3JkZXIlM0EwJTIyJTIwYWxsb3dmdWxsc2NyZWVuJTNFJTNDJTJGaWZyYW1lJTNF&#8221;][vc_column_text]<\/p>\n<p style=\"text-align: center;\"><strong>GPS: <\/strong>Breitengrad\u00a044\u00b0 17\u2032 13\u2033 N (44.287170) L\u00e4ngengrad 15\u00b0 26\u2032 52\u2033 E (15.447850)<\/p>\n<p>[\/vc_column_text][\/vc_column][vc_column width=&#8221;1\/6&#8243;][\/vc_column][\/vc_row][vc_row][vc_column width=&#8221;1\/6&#8243;][\/vc_column][vc_column width=&#8221;2\/3&#8243;][vc_separator color=&#8221;violet&#8221; style=&#8221;shadow&#8221; border_width=&#8221;2&#8243;][\/vc_column][vc_column width=&#8221;1\/6&#8243;][\/vc_column][\/vc_row][vc_row][vc_column width=&#8221;1\/6&#8243;][\/vc_column][vc_column width=&#8221;2\/3&#8243;][vc_column_text]<\/p>\n<h3 style=\"text-align: center;\">Anfahrt:<\/h3>\n<p>[\/vc_column_text][\/vc_column][vc_column width=&#8221;1\/6&#8243;][\/vc_column][\/vc_row][vc_row][vc_column width=&#8221;1\/6&#8243;][\/vc_column][vc_column width=&#8221;1\/3&#8243;][vc_column_text]<\/p>\n<h3 style=\"text-align: center;\">Mit dem PKW:<\/h3>\n<p style=\"text-align: center;\">\u00fcber die Autobahn A1 Zagreb-Split bis zur Ausfahrt Nr. 15 \u201cStarigrad-Obrovac-Maslenica\u201d. Anschlie\u00dfend sind es noch ca. 10 Kilometer Fahrt entlang der Bundesstra\u00dfe D8 in Richtung Rijeka.<\/p>\n<p>[\/vc_column_text][\/vc_column][vc_column width=&#8221;1\/3&#8243;][vc_column_text]<\/p>\n<h3 style=\"text-align: center;\">Mit dem Flugzeug:<\/h3>\n<p style=\"text-align: center;\">Der Flughafen Zadar &#8220;Zemunik&#8221; (ZAD) verf\u00fcgt \u00fcber eine gute Anbindung an alle gr\u00f6\u00dferen St\u00e4dte Kroatiens und Europas und liegt 40 km entfernt von Paklenica. Weitere Flugh\u00e4fen sind der Flughafen Split (150 km) und der Flughafen Zagreb (290 km) im Landesinneren.eb (290 km)<\/p>\n<p>[\/vc_column_text][\/vc_column][vc_column width=&#8221;1\/6&#8243;][\/vc_column][\/vc_row]<\/p>\n","protected":false},"excerpt":{"rendered":"<p>[vc_row full_width=&#8221;stretch_row_content_no_spaces&#8221; content_placement=&#8221;top&#8221; opacity=&#8221;opacity-15&#8243; css=&#8221;.vc_custom_1620733999736{background-position: center !important;background-repeat: no-repeat !important;background-size: cover !important;}&#8221; bg_clr=&#8221;#0a0a0a&#8221;][vc_column][vc_column_text][\/vc_column_text][\/vc_column][\/vc_row][vc_row content_placement=&#8221;top&#8221; opacity=&#8221;opacity-15&#8243; css=&#8221;.vc_custom_1484261350397{background-position: center !important;background-repeat: no-repeat !important;background-size: cover !important;}&#8221; bg_clr=&#8221;#0a0a0a&#8221;][vc_column][vc_empty_space][\/vc_column][\/vc_row][vc_row content_placement=&#8221;top&#8221; opacity=&#8221;opacity-15&#8243; css=&#8221;.vc_custom_1484261350397{background-position: center !important;background-repeat: no-repeat !important;background-size: cover !important;}&#8221; bg_clr=&#8221;#0a0a0a&#8221;][vc_column][vc_column_text] \u00dcber uns [\/vc_column_text][\/vc_column][\/vc_row][vc_row][vc_column width=&#8221;1\/6&#8243;][\/vc_column][vc_column width=&#8221;2\/6&#8243;][vc_column_text] Unsere Pension Ivan befindet sich im ruhigen Teil des altdalmatinischen Ortes Starigrad-Paklenica, nur wenige Schritte vom Strand und [&hellip;]<\/p>\n","protected":false},"author":1,"featured_media":0,"parent":0,"menu_order":0,"comment_status":"closed","ping_status":"closed","template":"","meta":{"_monsterinsights_skip_tracking":false,"_monsterinsights_sitenote_active":false,"_monsterinsights_sitenote_note":"","_monsterinsights_sitenote_category":0},"yoast_head":"<!-- This site is optimized with the Yoast SEO plugin v16.6.1 - https:\/\/yoast.com\/wordpress\/plugins\/seo\/ -->\n<title>Home - Pansion Ivan - Starigrad Paklenica Home - Pansion Ivan - Starigrad Paklenica Home - Pansion Ivan - Starigrad Paklenica<\/title>\n<meta name=\"description\" content=\"Pensione Ivan is located at the quiet part of the old dalmatian town Starigrad Paklenica, just a few footsteps away from the beach and town centre.As a traditional dalmatian family we have been renting rooms and apartments for generations.Our house offers ideal facilities for a relaxing vacation away from mass tourism for singles as well as families with children or larger tourist groups. Friends of Croatia who appreciate the original and welcoming atmosphere of Dalmatia will certainly feel at home with us. We strive to assist our guests in all their interests and will gladly introduce you to our country and its people. If desired, your host Ivan as an experienced tourist guide will accompany you on your trips through the wonderful and pristine nature of the Paklenica region, as for example the Paklenica National Park. Starigrad Paklenica is a picturesque dalmatian coastal town at the bottom of Croatia\u2019s largest mountain range \u2013 the Velebit, located about 40 km higher north of Zadar. The town emerged from the ancient town Argyruntum and was first mentioned during the Roman Age.Today Starigrad is the heart of the Paklenica Riviera, a coastal region, 20 km long, where the mountains meet the sea. Check out our accommodation offer.\" \/>\n<meta name=\"robots\" content=\"index, follow, max-snippet:-1, max-image-preview:large, max-video-preview:-1\" \/>\n<link rel=\"canonical\" href=\"https:\/\/pansion-ivan.com\/\" \/>\n<meta property=\"og:locale\" content=\"de_DE\" \/>\n<meta property=\"og:type\" content=\"article\" \/>\n<meta property=\"og:title\" content=\"[:en]Home - Pansion Ivan - Starigrad Paklenica Home - Pansion Ivan - Starigrad Paklenica [:de]Home - Pansion Ivan - Starigrad Paklenica Home - Pansion Ivan - Starigrad Paklenica Home - Pansion Ivan - Starigrad Paklenica [:hr] Home - Pansion Ivan - Starigrad Paklenica [:]\" \/>\n<meta property=\"og:description\" content=\"{:en}Pensione Ivan is located at the quiet part of the old dalmatian town Starigrad Paklenica, just a few footsteps away from the beach and town centre.As a traditional dalmatian family we have been renting rooms and apartments for generations.Our house offers ideal facilities for a relaxing vacation away from mass tourism for singles as well as families with children or larger tourist groups. Friends of Croatia who appreciate the original and welcoming atmosphere of Dalmatia will certainly feel at home with us. We strive to assist our guests in all their interests and will gladly introduce you to our country and its people. If desired, your host Ivan as an experienced tourist guide will accompany you on your trips through the wonderful and pristine nature of the Paklenica region, as for example the Paklenica National Park. Starigrad Paklenica is a picturesque dalmatian coastal town at the bottom of Croatia\u2019s largest mountain range \u2013 the Velebit, located about 40 km higher north of Zadar. The town emerged from the ancient town Argyruntum and was first mentioned during the Roman Age.Today Starigrad is the heart of the Paklenica Riviera, a coastal region, 20 km long, where the mountains meet the sea. Check out our accommodation offer.{:de} Pensione Ivan is located at the quiet part of the old dalmatian town Starigrad Paklenica, just a few footsteps away from the beach and town centre.As a traditional dalmatian family we have been renting rooms and apartments for generations.Our house offers ideal facilities for a relaxing vacation away from mass tourism for singles as well as families with children or larger tourist groups. Friends of Croatia who appreciate the original and welcoming atmosphere of Dalmatia will certainly feel at home with us. We strive to assist our guests in all their interests and will gladly introduce you to our country and its people. If desired, your host Ivan as an experienced tourist guide will accompany you on your trips through the wonderful and pristine nature of the Paklenica region, as for example the Paklenica National Park. Starigrad Paklenica is a picturesque dalmatian coastal town at the bottom of Croatia\u2019s largest mountain range \u2013 the Velebit, located about 40 km higher north of Zadar. The town emerged from the ancient town Argyruntum and was first mentioned during the Roman Age.Today Starigrad is the heart of the Paklenica Riviera, a coastal region, 20 km long, where the mountains meet the sea. Check out our accommodation offer. {:}\" \/>\n<meta property=\"og:url\" content=\"https:\/\/pansion-ivan.com\/\" \/>\n<meta property=\"og:site_name\" content=\"Pansion Ivan\" \/>\n<meta property=\"article:modified_time\" content=\"2021-05-11T20:01:41+00:00\" \/>\n<meta name=\"twitter:card\" content=\"summary_large_image\" \/>\n<meta name=\"twitter:label1\" content=\"Gesch\u00e4tzte Lesezeit\" \/>\n\t<meta name=\"twitter:data1\" content=\"2\u00a0Minuten\" \/>\n<script type=\"application\/ld+json\" class=\"yoast-schema-graph\">{\"@context\":\"https:\/\/schema.org\",\"@graph\":[{\"@type\":\"WebSite\",\"@id\":\"https:\/\/pansion-ivan.com\/#website\",\"url\":\"https:\/\/pansion-ivan.com\/\",\"name\":\"Pansion Ivan\",\"description\":\"Starigrad Paklenica\",\"potentialAction\":[{\"@type\":\"SearchAction\",\"target\":{\"@type\":\"EntryPoint\",\"urlTemplate\":\"https:\/\/pansion-ivan.com\/?s={search_term_string}\"},\"query-input\":\"required name=search_term_string\"}],\"inLanguage\":\"de\"},{\"@type\":\"WebPage\",\"@id\":\"https:\/\/pansion-ivan.com\/#webpage\",\"url\":\"https:\/\/pansion-ivan.com\/\",\"name\":\"[:en]Home - Pansion Ivan - Starigrad Paklenica Home - Pansion Ivan - Starigrad Paklenica [:de]Home - Pansion Ivan - Starigrad Paklenica Home - Pansion Ivan - Starigrad Paklenica Home - Pansion Ivan - Starigrad Paklenica [:hr] Home - Pansion Ivan - Starigrad Paklenica [:]\",\"isPartOf\":{\"@id\":\"https:\/\/pansion-ivan.com\/#website\"},\"datePublished\":\"2016-10-24T05:48:09+00:00\",\"dateModified\":\"2021-05-11T20:01:41+00:00\",\"description\":\"{:en}Pensione Ivan is located at the quiet part of the old dalmatian town Starigrad Paklenica, just a few footsteps away from the beach and town centre.As a traditional dalmatian family we have been renting rooms and apartments for generations.Our house offers ideal facilities for a relaxing vacation away from mass tourism for singles as well as families with children or larger tourist groups. Friends of Croatia who appreciate the original and welcoming atmosphere of Dalmatia will certainly feel at home with us. We strive to assist our guests in all their interests and will gladly introduce you to our country and its people. If desired, your host Ivan as an experienced tourist guide will accompany you on your trips through the wonderful and pristine nature of the Paklenica region, as for example the Paklenica National Park. Starigrad Paklenica is a picturesque dalmatian coastal town at the bottom of Croatia\\u2019s largest mountain range \\u2013 the Velebit, located about 40 km higher north of Zadar. The town emerged from the ancient town Argyruntum and was first mentioned during the Roman Age.Today Starigrad is the heart of the Paklenica Riviera, a coastal region, 20 km long, where the mountains meet the sea. Check out our accommodation offer.{:de} Pensione Ivan is located at the quiet part of the old dalmatian town Starigrad Paklenica, just a few footsteps away from the beach and town centre.As a traditional dalmatian family we have been renting rooms and apartments for generations.Our house offers ideal facilities for a relaxing vacation away from mass tourism for singles as well as families with children or larger tourist groups. Friends of Croatia who appreciate the original and welcoming atmosphere of Dalmatia will certainly feel at home with us. We strive to assist our guests in all their interests and will gladly introduce you to our country and its people. If desired, your host Ivan as an experienced tourist guide will accompany you on your trips through the wonderful and pristine nature of the Paklenica region, as for example the Paklenica National Park. Starigrad Paklenica is a picturesque dalmatian coastal town at the bottom of Croatia\\u2019s largest mountain range \\u2013 the Velebit, located about 40 km higher north of Zadar. The town emerged from the ancient town Argyruntum and was first mentioned during the Roman Age.Today Starigrad is the heart of the Paklenica Riviera, a coastal region, 20 km long, where the mountains meet the sea. Check out our accommodation offer. {:}\",\"breadcrumb\":{\"@id\":\"https:\/\/pansion-ivan.com\/#breadcrumb\"},\"inLanguage\":\"de\",\"potentialAction\":[{\"@type\":\"ReadAction\",\"target\":[\"https:\/\/pansion-ivan.com\/\"]}]},{\"@type\":\"BreadcrumbList\",\"@id\":\"https:\/\/pansion-ivan.com\/#breadcrumb\",\"itemListElement\":[{\"@type\":\"ListItem\",\"position\":1,\"name\":\"Home\",\"item\":\"https:\/\/pansion-ivan.com\/\"},{\"@type\":\"ListItem\",\"position\":2,\"name\":\"Home\"}]}]}<\/script>\n<!-- \/ Yoast SEO plugin. -->","_links":{"self":[{"href":"https:\/\/pansion-ivan.com\/de\/wp-json\/wp\/v2\/pages\/4"}],"collection":[{"href":"https:\/\/pansion-ivan.com\/de\/wp-json\/wp\/v2\/pages"}],"about":[{"href":"https:\/\/pansion-ivan.com\/de\/wp-json\/wp\/v2\/types\/page"}],"author":[{"embeddable":true,"href":"https:\/\/pansion-ivan.com\/de\/wp-json\/wp\/v2\/users\/1"}],"replies":[{"embeddable":true,"href":"https:\/\/pansion-ivan.com\/de\/wp-json\/wp\/v2\/comments?post=4"}],"version-history":[{"count":146,"href":"https:\/\/pansion-ivan.com\/de\/wp-json\/wp\/v2\/pages\/4\/revisions"}],"predecessor-version":[{"id":1551,"href":"https:\/\/pansion-ivan.com\/de\/wp-json\/wp\/v2\/pages\/4\/revisions\/1551"}],"wp:attachment":[{"href":"https:\/\/pansion-ivan.com\/de\/wp-json\/wp\/v2\/media?parent=4"}],"curies":[{"name":"wp","href":"https:\/\/api.w.org\/{rel}","templated":true}]}}