{"id":1018,"date":"2017-01-15T03:05:56","date_gmt":"2017-01-15T03:05:56","guid":{"rendered":"http:\/\/pansion-ivan.com\/?page_id=1018"},"modified":"2021-05-11T14:28:05","modified_gmt":"2021-05-11T14:28:05","slug":"excursions","status":"publish","type":"page","link":"https:\/\/pansion-ivan.com\/de\/excursions\/","title":{"rendered":"Ausfl\u00fcge"},"content":{"rendered":"<p>[vc_row full_width=&#8221;stretch_row_content_no_spaces&#8221; css=&#8221;.vc_custom_1620739276375{background-image: url(http:\/\/pansion-ivan.com\/wp-content\/uploads\/2017\/01\/Excurions-cover.jpg?id=1022) !important;background-position: center !important;background-repeat: no-repeat !important;background-size: cover !important;}&#8221;][vc_column][vc_empty_space height=&#8221;200px&#8221;][vc_column_text css_animation=&#8221;fadeInLeft&#8221;]<\/p>\n<h1 style=\"text-align: center;\"><span style=\"color: #ffffff;\">Ausfl\u00fcge<\/span><\/h1>\n<p>[\/vc_column_text][vc_empty_space height=&#8221;200px&#8221;][\/vc_column][\/vc_row][vc_row][vc_column][vc_empty_space][\/vc_column][\/vc_row][vc_row][vc_column width=&#8221;1\/6&#8243;][\/vc_column][vc_column width=&#8221;2\/3&#8243;][vc_column_text]<\/p>\n<h2 style=\"text-align: center;\">Ausfl\u00fcge<\/h2>\n<p>[\/vc_column_text][vc_empty_space][\/vc_column][vc_column width=&#8221;1\/6&#8243;][\/vc_column][\/vc_row][vc_row][vc_column width=&#8221;1\/6&#8243;][\/vc_column][vc_column width=&#8221;1\/3&#8243;][vc_column_text]<\/p>\n<h3 style=\"text-align: center;\">Nationalpark Paklenica<\/h3>\n<p style=\"text-align: center;\">Zwischen dem h\u00f6chsten Gipfel des Velebit-Gebirges (Vaganski vrh, 1758 m) und der K\u00fcste der Adria erstreckt sich auf einer Fl\u00e4che von 95 km2 der Nationalpark Paklenica. Seine attraktivsten Merkmale sind die monumentalen Canons der Gro\u00dfen und der Kleinen Paklenica (Velika und Mala Paklenica), deren senkrechte Felsw\u00e4nde mehr als 400 m hoch sind und welche die Paklenica zu einem weltbekannten alpinistischen Reiseziel machten.<\/p>\n<p>[\/vc_column_text][vc_separator color=&#8221;violet&#8221; style=&#8221;shadow&#8221;][vc_column_text]<\/p>\n<h3 style=\"text-align: center;\">Nationalpark Kornati<\/h3>\n<p style=\"text-align: center;\">Wegen au\u00dferordentlicher Natursch\u00f6nheiten, einer interessanten Geomorphologie, der gro\u00dfen Zergliederung der K\u00fcstenlinie und des besonders reichen Meeres\u00f6kosystems wurde der Gro\u00dfteil des Kornater Meeresgebiets zum Nationalpark ernannt.<\/p>\n<p>[\/vc_column_text][vc_separator color=&#8221;violet&#8221; style=&#8221;shadow&#8221;][vc_column_text]<\/p>\n<h3 style=\"text-align: center;\">Nationalpark Nordvelebit<\/h3>\n<p style=\"text-align: center;\">Das Gebiet wurde wegen der au\u00dferordentlichen Reichfaltigkeit der Karstph\u00e4nomene, des Reichtums der lebendigen Welt und der au\u00dferordentlichen Natursch\u00f6nheiten auf einem relativ kleinen Gebiet zum Nationalpark erkl\u00e4rt. Der Park misst eine Fl\u00e4che von 109 m\u00b2. Innerhalb dessen befindet sich das strenge Reservat Hajdu\u010dki und Ro\u017eanski kukovi, die ein spezifisches geomorphologisches Ph\u00e4nomen darstellen, auf welchem bis zum heutigen Tag \u00fcber 150 H\u00f6hlen entdeckt wurden, wobei zu den bekanntesten Lukina jama z\u00e4hlt, die eine der tiefsten der Welt ist und im Jahre 1999 entdeckt wurde.<\/p>\n<p>[\/vc_column_text][vc_separator color=&#8221;violet&#8221; style=&#8221;shadow&#8221;][vc_column_text]<\/p>\n<h3 style=\"text-align: center;\">Nationalpark Krka<\/h3>\n<p style=\"text-align: center;\">Der Nationalpark ist ein weites, gro\u00dfteils unber\u00fchrtes Gebiet von au\u00dferordentlichen und verschiedenartigen Natursch\u00e4tzen. Er umfasst ein \u00d6kosystem oder mehrere erhaltene oder kaum ver\u00e4nderte \u00d6kosysteme. Mit seinen sieben Rauwackengef\u00e4llen und einem insgesamten Gef\u00e4lle von 242 m ist Krka ein Natur- und Karstph\u00e4nomen. Im Zentrum des Nationalparks selbst befindet sich ein Franziskanerkloster, welches sich auf dem Inselchen Visovac befindet.<\/p>\n<p>[\/vc_column_text][vc_separator color=&#8221;violet&#8221; style=&#8221;shadow&#8221;][vc_column_text]<\/p>\n<h3 style=\"text-align: center;\">Nationalpark Plitvicerseen<\/h3>\n<p style=\"text-align: center;\">Die Plitvicerseen sind der bekannteste Nationalpark Kroatiens. Sie z\u00e4hlen zu den sch\u00f6nsten Sehensw\u00fcrdigkeiten Europas. UNESCO hat sie wegen ihrer nat\u00fcrlichen Vielfalt in die Liste des Weltnaturerbes eingereiht. Die Plitvicerseen setzen sich aus 16 miteinander verbundenen Seen mit zahlreichen Wasserf\u00e4llen zusammen, die von einem dichten Wald umgeben sind. Den Besuchern stehen zahlreiche Spazierwege und kleine, knapp \u00fcber den Seen ragende Holzbr\u00fccken zur Verf\u00fcgung.<\/p>\n<p>[\/vc_column_text][\/vc_column][vc_column width=&#8221;1\/3&#8243;][vc_column_text]<\/p>\n<h3 style=\"text-align: center;\">Ljuboti\u0107<\/h3>\n<p style=\"text-align: center;\">Der Hinterhof Ljuboti\u0107 geh\u00f6rt zu den seltenen bewohnten Gebirgssiedlungen des erhaltenen alten Ambients. Er befindet sich in einer gr\u00fcnen Oase, inmitten des Gebirges Velebit, aber wiederum in der unmittelbaren Meeresn\u00e4he (3 km oberhalb des Ortes Tribanj-Kru\u0161\u010dica). In der Dorfwirtschaft Vrata Velebita ist es m\u00f6glich, einfache, autochthone Spezialit\u00e4ten zu kosten und das Ethnohaus sowie die st\u00e4ndige Ausstellung \u00fcber die Imkereientwicklung in Dalmatien und dem Mittelmeer (in Vorbereitung) zu besuchen. In der Umgebung des Hinterhofes ist der Lernpfad Mirila eingerichtet. Erfahrene Alpinisten begeben sich gerne zu den weiter entfernteren attraktiven Standorten Stap, Kamena galerija, Reljina pe\u0107.<\/p>\n<p>[\/vc_column_text][vc_separator color=&#8221;violet&#8221; style=&#8221;shadow&#8221;][vc_column_text]<\/p>\n<h3 style=\"text-align: center;\">Zrmanja<\/h3>\n<p style=\"text-align: center;\">Der Fluss Zrmanja begeistert durch sein kristallklares Wasser, dessen Verlauf durch ein imposantes, 200 m tiefes Ca\u00f1on schlendert und sich am Ende mit dem Meer bei dem St\u00e4dtchen Novigrad vereint. Der obere Flussverlauf ist reich an Rauwacken-Wasserf\u00e4llen und kleinen Wasserf\u00e4llen, unter welchen am attraktivsten der 11 m hohe \u201eVeliki buk\u201c ist, w\u00e4hrend \u201eJankovica buk\u201c mit markanten Resten alter M\u00fchlen, ein beliebter Ausflugsort, geschm\u00fcckt ist. Wenn Sie mit dem Schiff aus Starigrad-Paklenica reisen, m\u00fcssen Sie Novigrad, ein altes, an der Flussm\u00fcndung selbst gelegenes Fischerst\u00e4dtchen sowie die Festung der F\u00fcrsten Kurjakovi\u0107 oberhalb der Stadt Obrovac besichtigen, die sich ebenfalls an dem Ufer des Flusses Zrmanja befindet.\u00a0Der interessanteste Zufluss des Flusses Zrmanja ist Krupa. Zu den attraktiven Lokationen kann man auf diesem Fl\u00fcsschen, mit der Stra\u00dfe aus Starigrad-Paklenica gelangen, wie zum Beispiel zu der weiten, begrasten Rauwackenbarriere, die Deveterac genannt wird.<\/p>\n<p>[\/vc_column_text][vc_separator color=&#8221;violet&#8221; style=&#8221;shadow&#8221;][vc_column_text]<\/p>\n<h3 style=\"text-align: center;\">Velebit Jeep Safari<\/h3>\n<p>Zu vielen attraktiven Lokalit\u00e4ten des Velebiter Gebietes kann man nur mit dem Gel\u00e4ndefahrzeug gelangen.<\/p>\n<p>So k\u00f6nnen Sie Tulove grede und das Ca\u00f1on des Flusses Zrmanja besichtigen. Dort wurden n\u00e4mlich die legend\u00e4ren Winnetou-Filme gedreht. Weiters k\u00f6nnen Sie durch die Stra\u00dfen von Velebit fahren und das Kloster Krupa besichtigen. Auf jeden Fall empfehlen wir, dass sie die Quelle des k\u00fcrzesten Flusses Krnjeza besichtigen. Ihre Quelle befindet sich am Fu\u00dfe einer ca. 60 m tiefen, mit Kalzitvorh\u00e4ngen und \u2013sintern geschm\u00fcckten Grotte. Nach lediglich 600 m verbindet sie sich mit dem Fluss Zrmanja. Das Wasser ist an manchen Stellen bis zu 45 m tief, sehr kalt und klar und ein hervorragendes Trinkwasser![\/vc_column_text][vc_separator color=&#8221;violet&#8221; style=&#8221;shadow&#8221;][vc_column_text]<\/p>\n<h3 style=\"text-align: center;\">Zadar<\/h3>\n<p style=\"text-align: center;\">Zadar ist das Zentrum der Region. Es ist eine Stadt, die vor 3.000 Jahren gegr\u00fcndet wurde und wegen ihrer Architektur, ihren Museen, Kirchen und ihrem reichen Kultur- und Unterhaltungsleben bewundert wird.<\/p>\n<p>[\/vc_column_text][\/vc_column][vc_column width=&#8221;1\/6&#8243;][\/vc_column][\/vc_row][vc_row][vc_column width=&#8221;1\/6&#8243;][\/vc_column][vc_column width=&#8221;2\/3&#8243;][vc_column_text]<\/p>\n<h6><em>Quellen:\u00a0www.rivijera-paklenica.hr <\/em><\/h6>\n<p>[\/vc_column_text][\/vc_column][vc_column width=&#8221;1\/6&#8243;][\/vc_column][\/vc_row][vc_row][vc_column width=&#8221;1\/6&#8243;][\/vc_column][vc_column width=&#8221;2\/3&#8243;][vc_separator color=&#8221;violet&#8221; style=&#8221;shadow&#8221; border_width=&#8221;2&#8243;][\/vc_column][vc_column width=&#8221;1\/6&#8243;][\/vc_column][\/vc_row][vc_row][vc_column width=&#8221;1\/3&#8243;][\/vc_column][vc_column width=&#8221;1\/3&#8243;][vc_column_text]<\/p>\n<h3 style=\"text-align: center;\"><strong>UNSERE UNTERK\u00dcNFTE:<\/strong><\/h3>\n<p>[\/vc_column_text][vc_btn title=&#8221;ZIMMER&#8221; style=&#8221;gradient&#8221; gradient_color_1=&#8221;green&#8221; gradient_color_2=&#8221;vista-blue&#8221; align=&#8221;center&#8221; button_block=&#8221;true&#8221; link=&#8221;url:https%3A%2F%2Fpansion-ivan.com%2Fde%2Frooms%2F|title:Zimmer&#8221;][vc_btn title=&#8221;STUDIO APARTMENTS&#8221; style=&#8221;gradient&#8221; gradient_color_1=&#8221;green&#8221; gradient_color_2=&#8221;vista-blue&#8221; align=&#8221;center&#8221; button_block=&#8221;true&#8221; link=&#8221;url:https%3A%2F%2Fpansion-ivan.com%2Fde%2Fstudio-apartments%2F|title:Studio%20Apartments&#8221;][vc_btn title=&#8221;FERIENHAUS&#8221; style=&#8221;gradient&#8221; gradient_color_1=&#8221;green&#8221; gradient_color_2=&#8221;vista-blue&#8221; align=&#8221;center&#8221; button_block=&#8221;true&#8221; link=&#8221;url:https%3A%2F%2Fpansion-ivan.com%2Fde%2Fholiday-home%2F|title:Ferienhaus&#8221;][\/vc_column][vc_column width=&#8221;1\/3&#8243;][\/vc_column][\/vc_row][vc_row][vc_column width=&#8221;1\/6&#8243;][\/vc_column][vc_column width=&#8221;2\/3&#8243;][vc_separator color=&#8221;violet&#8221; style=&#8221;shadow&#8221; border_width=&#8221;2&#8243;][\/vc_column][vc_column width=&#8221;1\/6&#8243;][\/vc_column][\/vc_row][vc_row][vc_column][vc_column_text]<\/p>\n<p style=\"text-align: center;\"><strong><span style=\"color: #800080;\">Senden Sie uns Ihre Buchungsanfrage, wir freuen uns auf Sie!<\/span><\/strong><\/p>\n<p>[\/vc_column_text][\/vc_column][\/vc_row][vc_row full_width=&#8221;stretch_row_content&#8221;][vc_column width=&#8221;1\/4&#8243;][\/vc_column][vc_column width=&#8221;1\/2&#8243; css=&#8221;.vc_custom_1620739302438{background-color: #c8d6c0 !important;}&#8221;]<div role=\"form\" class=\"wpcf7\" id=\"wpcf7-f493-o1\" lang=\"en-US\" dir=\"ltr\">\n<div class=\"screen-reader-response\"><p role=\"status\" aria-live=\"polite\" aria-atomic=\"true\"><\/p> <ul><\/ul><\/div>\n<form action=\"\/de\/wp-json\/wp\/v2\/pages\/1018#wpcf7-f493-o1\" method=\"post\" class=\"wpcf7-form init\" novalidate=\"novalidate\" data-status=\"init\">\n<div style=\"display: none;\">\n<input type=\"hidden\" name=\"_wpcf7\" value=\"493\" \/>\n<input type=\"hidden\" name=\"_wpcf7_version\" value=\"5.4.1\" \/>\n<input type=\"hidden\" name=\"_wpcf7_locale\" value=\"en_US\" \/>\n<input type=\"hidden\" name=\"_wpcf7_unit_tag\" value=\"wpcf7-f493-o1\" \/>\n<input type=\"hidden\" name=\"_wpcf7_container_post\" value=\"0\" \/>\n<input type=\"hidden\" name=\"_wpcf7_posted_data_hash\" value=\"\" \/>\n<input type=\"hidden\" name=\"_wpcf7_recaptcha_response\" value=\"\" \/>\n<\/div>\n<p><center>\n<p>Ihr Name (Pflichtfeld)<br \/>\n    <span class=\"wpcf7-form-control-wrap your-name\"><input type=\"text\" name=\"your-name\" value=\"\" size=\"40\" class=\"wpcf7-form-control wpcf7-text wpcf7-validates-as-required\" aria-required=\"true\" aria-invalid=\"false\" \/><\/span> <\/p>\n<p>Ihre E-Mail-Adresse (Pflichtfeld)<br \/>\n    <span class=\"wpcf7-form-control-wrap your-email\"><input type=\"email\" name=\"your-email\" value=\"\" size=\"40\" class=\"wpcf7-form-control wpcf7-text wpcf7-email wpcf7-validates-as-required wpcf7-validates-as-email\" aria-required=\"true\" aria-invalid=\"false\" \/><\/span> <\/p>\n<p>Betreff<br \/>\n    <span class=\"wpcf7-form-control-wrap your-subject\"><input type=\"text\" name=\"your-subject\" value=\"\" size=\"40\" class=\"wpcf7-form-control wpcf7-text\" aria-invalid=\"false\" \/><\/span> <\/p>\n<p>Ihre Nachricht<br \/>\n    <span class=\"wpcf7-form-control-wrap your-message\"><textarea name=\"your-message\" cols=\"40\" rows=\"10\" class=\"wpcf7-form-control wpcf7-textarea\" aria-invalid=\"false\"><\/textarea><\/span> <\/p>\n\n<p><input type=\"submit\" value=\"Senden\" class=\"wpcf7-form-control wpcf7-submit\" \/><\/p>\n<p><\/center><\/p>\n<div class=\"wpcf7-response-output\" aria-hidden=\"true\"><\/div><\/form><\/div>[\/vc_column][vc_column width=&#8221;1\/4&#8243;][\/vc_column][\/vc_row][vc_row][vc_column width=&#8221;1\/6&#8243;][\/vc_column][vc_column width=&#8221;2\/3&#8243;][vc_separator color=&#8221;violet&#8221; style=&#8221;shadow&#8221; border_width=&#8221;2&#8243;][\/vc_column][vc_column width=&#8221;1\/6&#8243;][\/vc_column][\/vc_row]<\/p>\n","protected":false},"excerpt":{"rendered":"<p>[vc_row full_width=&#8221;stretch_row_content_no_spaces&#8221; css=&#8221;.vc_custom_1620739276375{background-image: url(http:\/\/pansion-ivan.com\/wp-content\/uploads\/2017\/01\/Excurions-cover.jpg?id=1022) !important;background-position: center !important;background-repeat: no-repeat !important;background-size: cover !important;}&#8221;][vc_column][vc_empty_space height=&#8221;200px&#8221;][vc_column_text css_animation=&#8221;fadeInLeft&#8221;] Ausfl\u00fcge [\/vc_column_text][vc_empty_space height=&#8221;200px&#8221;][\/vc_column][\/vc_row][vc_row][vc_column][vc_empty_space][\/vc_column][\/vc_row][vc_row][vc_column width=&#8221;1\/6&#8243;][\/vc_column][vc_column width=&#8221;2\/3&#8243;][vc_column_text] Ausfl\u00fcge [\/vc_column_text][vc_empty_space][\/vc_column][vc_column width=&#8221;1\/6&#8243;][\/vc_column][\/vc_row][vc_row][vc_column width=&#8221;1\/6&#8243;][\/vc_column][vc_column width=&#8221;1\/3&#8243;][vc_column_text] Nationalpark Paklenica Zwischen dem h\u00f6chsten Gipfel des Velebit-Gebirges (Vaganski vrh, 1758 m) und der K\u00fcste der Adria erstreckt sich auf einer Fl\u00e4che von 95 km2 der Nationalpark Paklenica. Seine attraktivsten Merkmale sind [&hellip;]<\/p>\n","protected":false},"author":1,"featured_media":0,"parent":0,"menu_order":0,"comment_status":"closed","ping_status":"closed","template":"","meta":{"_monsterinsights_skip_tracking":false,"_monsterinsights_sitenote_active":false,"_monsterinsights_sitenote_note":"","_monsterinsights_sitenote_category":0},"yoast_head":"<!-- This site is optimized with the Yoast SEO plugin v16.6.1 - https:\/\/yoast.com\/wordpress\/plugins\/seo\/ -->\n<title>Ausfl\u00fcge - Pansion Ivan<\/title>\n<meta name=\"robots\" content=\"index, follow, max-snippet:-1, max-image-preview:large, max-video-preview:-1\" \/>\n<link rel=\"canonical\" href=\"https:\/\/pansion-ivan.com\/excursions\/\" \/>\n<meta property=\"og:locale\" content=\"de_DE\" \/>\n<meta property=\"og:type\" content=\"article\" \/>\n<meta property=\"og:title\" content=\"Ausfl\u00fcge - Pansion Ivan\" \/>\n<meta property=\"og:description\" content=\"[vc_row full_width=&#8221;stretch_row_content_no_spaces&#8221; css=&#8221;.vc_custom_1620739276375{background-image: url(http:\/\/pansion-ivan.com\/wp-content\/uploads\/2017\/01\/Excurions-cover.jpg?id=1022) !important;background-position: center !important;background-repeat: no-repeat !important;background-size: cover !important;}&#8221;][vc_column][vc_empty_space height=&#8221;200px&#8221;][vc_column_text css_animation=&#8221;fadeInLeft&#8221;] Ausfl\u00fcge [\/vc_column_text][vc_empty_space height=&#8221;200px&#8221;][\/vc_column][\/vc_row][vc_row][vc_column][vc_empty_space][\/vc_column][\/vc_row][vc_row][vc_column width=&#8221;1\/6&#8243;][\/vc_column][vc_column width=&#8221;2\/3&#8243;][vc_column_text] Ausfl\u00fcge [\/vc_column_text][vc_empty_space][\/vc_column][vc_column width=&#8221;1\/6&#8243;][\/vc_column][\/vc_row][vc_row][vc_column width=&#8221;1\/6&#8243;][\/vc_column][vc_column width=&#8221;1\/3&#8243;][vc_column_text] Nationalpark Paklenica Zwischen dem h\u00f6chsten Gipfel des Velebit-Gebirges (Vaganski vrh, 1758 m) und der K\u00fcste der Adria erstreckt sich auf einer Fl\u00e4che von 95 km2 der Nationalpark Paklenica. Seine attraktivsten Merkmale sind [&hellip;]\" \/>\n<meta property=\"og:url\" content=\"https:\/\/pansion-ivan.com\/excursions\/\" \/>\n<meta property=\"og:site_name\" content=\"Pansion Ivan\" \/>\n<meta property=\"article:modified_time\" content=\"2021-05-11T14:28:05+00:00\" \/>\n<meta name=\"twitter:card\" content=\"summary_large_image\" \/>\n<meta name=\"twitter:label1\" content=\"Gesch\u00e4tzte Lesezeit\" \/>\n\t<meta name=\"twitter:data1\" content=\"6\u00a0Minuten\" \/>\n<script type=\"application\/ld+json\" class=\"yoast-schema-graph\">{\"@context\":\"https:\/\/schema.org\",\"@graph\":[{\"@type\":\"WebSite\",\"@id\":\"https:\/\/pansion-ivan.com\/#website\",\"url\":\"https:\/\/pansion-ivan.com\/\",\"name\":\"Pansion Ivan\",\"description\":\"Starigrad Paklenica\",\"potentialAction\":[{\"@type\":\"SearchAction\",\"target\":{\"@type\":\"EntryPoint\",\"urlTemplate\":\"https:\/\/pansion-ivan.com\/?s={search_term_string}\"},\"query-input\":\"required name=search_term_string\"}],\"inLanguage\":\"de\"},{\"@type\":\"WebPage\",\"@id\":\"https:\/\/pansion-ivan.com\/excursions\/#webpage\",\"url\":\"https:\/\/pansion-ivan.com\/excursions\/\",\"name\":\"Ausfl\\u00fcge - Pansion Ivan\",\"isPartOf\":{\"@id\":\"https:\/\/pansion-ivan.com\/#website\"},\"datePublished\":\"2017-01-15T03:05:56+00:00\",\"dateModified\":\"2021-05-11T14:28:05+00:00\",\"breadcrumb\":{\"@id\":\"https:\/\/pansion-ivan.com\/excursions\/#breadcrumb\"},\"inLanguage\":\"de\",\"potentialAction\":[{\"@type\":\"ReadAction\",\"target\":[\"https:\/\/pansion-ivan.com\/excursions\/\"]}]},{\"@type\":\"BreadcrumbList\",\"@id\":\"https:\/\/pansion-ivan.com\/excursions\/#breadcrumb\",\"itemListElement\":[{\"@type\":\"ListItem\",\"position\":1,\"name\":\"Home\",\"item\":\"https:\/\/pansion-ivan.com\/\"},{\"@type\":\"ListItem\",\"position\":2,\"name\":\"Excursions\"}]}]}<\/script>\n<!-- \/ Yoast SEO plugin. -->","_links":{"self":[{"href":"https:\/\/pansion-ivan.com\/de\/wp-json\/wp\/v2\/pages\/1018"}],"collection":[{"href":"https:\/\/pansion-ivan.com\/de\/wp-json\/wp\/v2\/pages"}],"about":[{"href":"https:\/\/pansion-ivan.com\/de\/wp-json\/wp\/v2\/types\/page"}],"author":[{"embeddable":true,"href":"https:\/\/pansion-ivan.com\/de\/wp-json\/wp\/v2\/users\/1"}],"replies":[{"embeddable":true,"href":"https:\/\/pansion-ivan.com\/de\/wp-json\/wp\/v2\/comments?post=1018"}],"version-history":[{"count":22,"href":"https:\/\/pansion-ivan.com\/de\/wp-json\/wp\/v2\/pages\/1018\/revisions"}],"predecessor-version":[{"id":1535,"href":"https:\/\/pansion-ivan.com\/de\/wp-json\/wp\/v2\/pages\/1018\/revisions\/1535"}],"wp:attachment":[{"href":"https:\/\/pansion-ivan.com\/de\/wp-json\/wp\/v2\/media?parent=1018"}],"curies":[{"name":"wp","href":"https:\/\/api.w.org\/{rel}","templated":true}]}}