{"id":1003,"date":"2017-01-15T02:24:17","date_gmt":"2017-01-15T02:24:17","guid":{"rendered":"http:\/\/pansion-ivan.com\/?page_id=1003"},"modified":"2021-05-11T14:23:23","modified_gmt":"2021-05-11T14:23:23","slug":"starigrad-paklenica","status":"publish","type":"page","link":"https:\/\/pansion-ivan.com\/de\/starigrad-paklenica\/","title":{"rendered":"Starigrad Paklenica"},"content":{"rendered":"<p>[vc_row full_width=&#8221;stretch_row_content_no_spaces&#8221; css=&#8221;.vc_custom_1620742961403{background-image: url(http:\/\/pansion-ivan.com\/wp-content\/uploads\/2017\/01\/Starigrad-Cover.jpg?id=1005) !important;background-position: center !important;background-repeat: no-repeat !important;background-size: cover !important;}&#8221;][vc_column][vc_empty_space height=&#8221;200px&#8221;][vc_column_text css_animation=&#8221;fadeInLeft&#8221;]<\/p>\n<h1 style=\"text-align: center;\"><span style=\"color: #ffffff;\">Starigrad Paklenica<\/span><\/h1>\n<p>[\/vc_column_text][vc_empty_space height=&#8221;200px&#8221;][\/vc_column][\/vc_row][vc_row][vc_column][vc_empty_space][\/vc_column][\/vc_row][vc_row][vc_column width=&#8221;1\/6&#8243;][\/vc_column][vc_column width=&#8221;2\/3&#8243;][vc_column_text]<\/p>\n<h2 style=\"text-align: center;\">Starigrad Paklenica<\/h2>\n<p>[\/vc_column_text][\/vc_column][vc_column width=&#8221;1\/6&#8243;][\/vc_column][\/vc_row][vc_row][vc_column width=&#8221;1\/6&#8243;][\/vc_column][vc_column width=&#8221;2\/3&#8243;][vc_column_text]Starigrad Paklenica ist ein malerisches, altdalmatinisches K\u00fcstenst\u00e4dtchen am Fu\u00dfe des gr\u00f6\u00dften Gebirgszuges Kroatiens \u2013 des Velebits -, etwa 40 km n\u00f6rdlich von Zadar entfernt. Der Ort entstand auf den Fundamenten der antiken Stadt Argyruntum und wird zum ersten Mal zur R\u00f6merzeit erw\u00e4hnt.<br \/>\nHeute ist Starigrad der Mittelpunkt der Riviera von Paklenica, ein K\u00fcstengebiet, 20 km lang, wo sich Berge und Meer begegnen. Aufgrund seiner Lage bildet Starigrad Paklenica den Eingang zum Nationalpark Paklenica mit zwei eindrucksvollen, in den Berg eingeschnittenen Schluchten: Velika und Mala Paklenica (Gro\u00df -und Klein-Paklenica). Der Park z\u00e4hlt zur UNESCO Liste der Weltreservate der Biosph\u00e4re.<\/p>\n<p>Der nur 50 m von der Pension Ivan entfernte Kiesstrand l\u00e4dt die ganze Familie und insbesondere Kleinkinder zum ganzt\u00e4gigen Badevergn\u00fcgen und Wassersport ein. In unmittelbarer N\u00e4he unserer Pension befinden sich zahlreiche Sportzentren (u. a. Tennis, Fu\u00dfball, Basketball, Surfen, Jet-Ski).<\/p>\n<p>Im Fr\u00fchjahr und Herbst finden in Paklenica regelm\u00e4\u00dfig Wettbewerbe und Treffen zahlreicher Abenteuersportler aus der ganzen Welt statt, wie z. B. das j\u00e4hrliche Internationale Bergsteiger-Treffen in Paklenica (\u201eBig Wall Speed Climbing\u201c). Das milde mediterrane Klima macht auch im Winter ausgedehnte Wander- und Radtouren, sowie Strandspazierg\u00e4nge in unber\u00fchrter Natur m\u00f6glich.[\/vc_column_text][\/vc_column][vc_column width=&#8221;1\/6&#8243;][\/vc_column][\/vc_row][vc_row][vc_column width=&#8221;1\/6&#8243;][\/vc_column][vc_column width=&#8221;2\/3&#8243;][vc_separator color=&#8221;violet&#8221; style=&#8221;shadow&#8221; border_width=&#8221;2&#8243;][\/vc_column][vc_column width=&#8221;1\/6&#8243;][\/vc_column][\/vc_row][vc_row][vc_column width=&#8221;1\/6&#8243;][\/vc_column][vc_column width=&#8221;2\/3&#8243;][vc_column_text]<\/p>\n<h3 style=\"text-align: center;\">Aktivit\u00e4ten<\/h3>\n<p>[\/vc_column_text][\/vc_column][vc_column width=&#8221;1\/6&#8243;][\/vc_column][\/vc_row][vc_row][vc_column width=&#8221;1\/6&#8243;][\/vc_column][vc_column width=&#8221;1\/3&#8243;][vc_column_text]<\/p>\n<p style=\"text-align: center;\"><strong>Jet Ski<\/strong><\/p>\n<p style=\"text-align: center;\">Mieten Sie einen Jet Ski und genie\u00dfen Sie eine Vielzahl von Wassersportarten.<\/p>\n<p>[\/vc_column_text][vc_column_text]<\/p>\n<p style=\"text-align: center;\"><strong>Spel\u00e4ologie<\/strong><\/p>\n<p style=\"text-align: center;\">Das Velebit Gebirge birgt eine Vielzahl von H\u00f6hlen und es stehen fachkundige F\u00fchrer bereit, um Sie auf ein H\u00f6hlenabenteuer mitzunehmen.<\/p>\n<p>[\/vc_column_text][vc_column_text]<\/p>\n<p style=\"text-align: center;\"><strong>Hiking<\/strong><\/p>\n<p style=\"text-align: center;\">Der Paklenica Nationalpark verf\u00fcgt \u00fcber 150 Kilometer Rad- und Wanderwege. Von einfachen Spazierwegen bis zu den herausfordernderen Pfaden, die zum Gipfel des Velebits f\u00fchren (Vaganski vrh 1,758 m and Sveto brdo 1,753 m). Wanderkarten sind an allen Info-Points entlang der Paklenica Riviera erh\u00e4ltlich.<\/p>\n<p>[\/vc_column_text][\/vc_column][vc_column width=&#8221;1\/3&#8243;][vc_column_text]<\/p>\n<p style=\"text-align: center;\"><strong>Alpinismus und Klettern<\/strong><\/p>\n<p style=\"text-align: center;\">Der Nationalpark Paklenica ist eines der bekanntesten Bergsteiger-Ziele Europas. Die \u00fcber 400 m hohen, steilen Klippen der Velika Paklenica Schlucht befinden sich gleich am Eingang zum Park und nur 2 km von der K\u00fcste entfernt.<\/p>\n<p>[\/vc_column_text][vc_column_text]<\/p>\n<p style=\"text-align: center;\"><strong>Rafting\/Kanuing<\/strong><\/p>\n<p style=\"text-align: center;\">Das Rafting auf den Stromschnellen des Flusses Zrmanja wird selbst den erfahrenen Abenteurer atemlos machen.<\/p>\n<p>[\/vc_column_text][vc_column_text]<\/p>\n<p style=\"text-align: center;\"><strong>Bootsrundfahrten am Velebit-Kanal<\/strong><\/p>\n<p style=\"text-align: center;\">Paklenica National Park is one of the best-known climbing destinations in Europe. The vertical cliffs of Velika Paklenica canyon, over 400 metres high, are located at the very entrance to the Park and are only 2 km from the coast.<\/p>\n<p>[\/vc_column_text][\/vc_column][vc_column width=&#8221;1\/6&#8243;][\/vc_column][\/vc_row][vc_row][vc_column width=&#8221;1\/6&#8243;][\/vc_column][vc_column width=&#8221;2\/3&#8243;][vc_separator color=&#8221;violet&#8221; style=&#8221;shadow&#8221; border_width=&#8221;2&#8243;][\/vc_column][vc_column width=&#8221;1\/6&#8243;][\/vc_column][\/vc_row][vc_row][vc_column width=&#8221;1\/6&#8243;][\/vc_column][vc_column width=&#8221;2\/3&#8243;][vc_column_text]<\/p>\n<p style=\"text-align: center;\"><strong><span style=\"color: #800080;\">Auf Wunsch organisieren und\/oder begleiten wir Sie gerne auf Ihren Ausfl\u00fcgen.<\/span><\/strong><\/p>\n<p>[\/vc_column_text][\/vc_column][vc_column width=&#8221;1\/6&#8243;][\/vc_column][\/vc_row][vc_row][vc_column width=&#8221;1\/6&#8243;][\/vc_column][vc_column width=&#8221;2\/3&#8243;][vc_separator color=&#8221;violet&#8221; style=&#8221;shadow&#8221; border_width=&#8221;2&#8243;][\/vc_column][vc_column width=&#8221;1\/6&#8243;][\/vc_column][\/vc_row][vc_row][vc_column width=&#8221;1\/3&#8243;][\/vc_column][vc_column width=&#8221;1\/3&#8243;][vc_column_text]<\/p>\n<p style=\"text-align: center;\"><strong>UNSERE UNTERK\u00dcNFTE<\/strong><\/p>\n<p>[\/vc_column_text][vc_btn title=&#8221;ZIMMER&#8221; style=&#8221;gradient&#8221; gradient_color_1=&#8221;green&#8221; gradient_color_2=&#8221;vista-blue&#8221; align=&#8221;center&#8221; button_block=&#8221;true&#8221; link=&#8221;url:http%3A%2F%2Fpansion-ivan.com%2Fde%2Frooms%2F|title:Zimmer||&#8221;][vc_btn title=&#8221;STUDIO APARTMENTS&#8221; style=&#8221;gradient&#8221; gradient_color_1=&#8221;green&#8221; gradient_color_2=&#8221;vista-blue&#8221; align=&#8221;center&#8221; button_block=&#8221;true&#8221; link=&#8221;url:http%3A%2F%2Fpansion-ivan.com%2Fde%2Fstudio-apartments%2F|title:Studio%20Apartments||&#8221;][vc_btn title=&#8221;FERIENHAUS&#8221; style=&#8221;gradient&#8221; gradient_color_1=&#8221;green&#8221; gradient_color_2=&#8221;vista-blue&#8221; align=&#8221;center&#8221; button_block=&#8221;true&#8221; link=&#8221;url:http%3A%2F%2Fpansion-ivan.com%2Fde%2Fholiday-home%2F|title:Ferienhaus||&#8221;][\/vc_column][vc_column width=&#8221;1\/3&#8243;][\/vc_column][\/vc_row][vc_row][vc_column width=&#8221;1\/6&#8243;][\/vc_column][vc_column width=&#8221;2\/3&#8243;][vc_separator color=&#8221;violet&#8221; style=&#8221;shadow&#8221; border_width=&#8221;2&#8243;][\/vc_column][vc_column width=&#8221;1\/6&#8243;][\/vc_column][\/vc_row][vc_row][vc_column][vc_column_text]<\/p>\n<p style=\"text-align: center;\"><span style=\"color: #800080;\"><strong>Senden Sie uns Ihre Buchungsanfrage, wir freuen uns auf Sie!<\/strong><\/span><\/p>\n<p>[\/vc_column_text][\/vc_column][\/vc_row][vc_row full_width=&#8221;stretch_row_content&#8221;][vc_column width=&#8221;1\/6&#8243;][\/vc_column][vc_column width=&#8221;2\/3&#8243; css=&#8221;.vc_custom_1620731288877{background-color: #c1d6b3 !important;}&#8221;]<div role=\"form\" class=\"wpcf7\" id=\"wpcf7-f493-o1\" lang=\"en-US\" dir=\"ltr\">\n<div class=\"screen-reader-response\"><p role=\"status\" aria-live=\"polite\" aria-atomic=\"true\"><\/p> <ul><\/ul><\/div>\n<form action=\"\/de\/wp-json\/wp\/v2\/pages\/1003#wpcf7-f493-o1\" method=\"post\" class=\"wpcf7-form init\" novalidate=\"novalidate\" data-status=\"init\">\n<div style=\"display: none;\">\n<input type=\"hidden\" name=\"_wpcf7\" value=\"493\" \/>\n<input type=\"hidden\" name=\"_wpcf7_version\" value=\"5.4.1\" \/>\n<input type=\"hidden\" name=\"_wpcf7_locale\" value=\"en_US\" \/>\n<input type=\"hidden\" name=\"_wpcf7_unit_tag\" value=\"wpcf7-f493-o1\" \/>\n<input type=\"hidden\" name=\"_wpcf7_container_post\" value=\"0\" \/>\n<input type=\"hidden\" name=\"_wpcf7_posted_data_hash\" value=\"\" \/>\n<input type=\"hidden\" name=\"_wpcf7_recaptcha_response\" value=\"\" \/>\n<\/div>\n<p><center>\n<p>Ihr Name (Pflichtfeld)<br \/>\n    <span class=\"wpcf7-form-control-wrap your-name\"><input type=\"text\" name=\"your-name\" value=\"\" size=\"40\" class=\"wpcf7-form-control wpcf7-text wpcf7-validates-as-required\" aria-required=\"true\" aria-invalid=\"false\" \/><\/span> <\/p>\n<p>Ihre E-Mail-Adresse (Pflichtfeld)<br \/>\n    <span class=\"wpcf7-form-control-wrap your-email\"><input type=\"email\" name=\"your-email\" value=\"\" size=\"40\" class=\"wpcf7-form-control wpcf7-text wpcf7-email wpcf7-validates-as-required wpcf7-validates-as-email\" aria-required=\"true\" aria-invalid=\"false\" \/><\/span> <\/p>\n<p>Betreff<br \/>\n    <span class=\"wpcf7-form-control-wrap your-subject\"><input type=\"text\" name=\"your-subject\" value=\"\" size=\"40\" class=\"wpcf7-form-control wpcf7-text\" aria-invalid=\"false\" \/><\/span> <\/p>\n<p>Ihre Nachricht<br \/>\n    <span class=\"wpcf7-form-control-wrap your-message\"><textarea name=\"your-message\" cols=\"40\" rows=\"10\" class=\"wpcf7-form-control wpcf7-textarea\" aria-invalid=\"false\"><\/textarea><\/span> <\/p>\n\n<p><input type=\"submit\" value=\"Senden\" class=\"wpcf7-form-control wpcf7-submit\" \/><\/p>\n<p><\/center><\/p>\n<div class=\"wpcf7-response-output\" aria-hidden=\"true\"><\/div><\/form><\/div>[\/vc_column][vc_column width=&#8221;1\/6&#8243;][\/vc_column][\/vc_row][vc_row][vc_column width=&#8221;1\/6&#8243;][\/vc_column][vc_column width=&#8221;2\/3&#8243;][vc_separator color=&#8221;violet&#8221; style=&#8221;shadow&#8221; border_width=&#8221;2&#8243;][\/vc_column][vc_column width=&#8221;1\/6&#8243;][\/vc_column][\/vc_row]<\/p>\n","protected":false},"excerpt":{"rendered":"<p>[vc_row full_width=&#8221;stretch_row_content_no_spaces&#8221; css=&#8221;.vc_custom_1620742961403{background-image: url(http:\/\/pansion-ivan.com\/wp-content\/uploads\/2017\/01\/Starigrad-Cover.jpg?id=1005) !important;background-position: center !important;background-repeat: no-repeat !important;background-size: cover !important;}&#8221;][vc_column][vc_empty_space height=&#8221;200px&#8221;][vc_column_text css_animation=&#8221;fadeInLeft&#8221;] Starigrad Paklenica [\/vc_column_text][vc_empty_space height=&#8221;200px&#8221;][\/vc_column][\/vc_row][vc_row][vc_column][vc_empty_space][\/vc_column][\/vc_row][vc_row][vc_column width=&#8221;1\/6&#8243;][\/vc_column][vc_column width=&#8221;2\/3&#8243;][vc_column_text] Starigrad Paklenica [\/vc_column_text][\/vc_column][vc_column width=&#8221;1\/6&#8243;][\/vc_column][\/vc_row][vc_row][vc_column width=&#8221;1\/6&#8243;][\/vc_column][vc_column width=&#8221;2\/3&#8243;][vc_column_text]Starigrad Paklenica ist ein malerisches, altdalmatinisches K\u00fcstenst\u00e4dtchen am Fu\u00dfe des gr\u00f6\u00dften Gebirgszuges Kroatiens \u2013 des Velebits -, etwa 40 km n\u00f6rdlich von Zadar entfernt. Der Ort entstand auf den Fundamenten der [&hellip;]<\/p>\n","protected":false},"author":1,"featured_media":0,"parent":0,"menu_order":0,"comment_status":"closed","ping_status":"closed","template":"","meta":{"_monsterinsights_skip_tracking":false,"_monsterinsights_sitenote_active":false,"_monsterinsights_sitenote_note":"","_monsterinsights_sitenote_category":0},"yoast_head":"<!-- This site is optimized with the Yoast SEO plugin v16.6.1 - https:\/\/yoast.com\/wordpress\/plugins\/seo\/ -->\n<title>Starigrad Paklenica - Pansion Ivan<\/title>\n<meta name=\"robots\" content=\"index, follow, max-snippet:-1, max-image-preview:large, max-video-preview:-1\" \/>\n<link rel=\"canonical\" href=\"https:\/\/pansion-ivan.com\/starigrad-paklenica\/\" \/>\n<meta property=\"og:locale\" content=\"de_DE\" \/>\n<meta property=\"og:type\" content=\"article\" \/>\n<meta property=\"og:title\" content=\"Starigrad Paklenica - Pansion Ivan\" \/>\n<meta property=\"og:description\" content=\"[vc_row full_width=&#8221;stretch_row_content_no_spaces&#8221; css=&#8221;.vc_custom_1620742961403{background-image: url(http:\/\/pansion-ivan.com\/wp-content\/uploads\/2017\/01\/Starigrad-Cover.jpg?id=1005) !important;background-position: center !important;background-repeat: no-repeat !important;background-size: cover !important;}&#8221;][vc_column][vc_empty_space height=&#8221;200px&#8221;][vc_column_text css_animation=&#8221;fadeInLeft&#8221;] Starigrad Paklenica [\/vc_column_text][vc_empty_space height=&#8221;200px&#8221;][\/vc_column][\/vc_row][vc_row][vc_column][vc_empty_space][\/vc_column][\/vc_row][vc_row][vc_column width=&#8221;1\/6&#8243;][\/vc_column][vc_column width=&#8221;2\/3&#8243;][vc_column_text] Starigrad Paklenica [\/vc_column_text][\/vc_column][vc_column width=&#8221;1\/6&#8243;][\/vc_column][\/vc_row][vc_row][vc_column width=&#8221;1\/6&#8243;][\/vc_column][vc_column width=&#8221;2\/3&#8243;][vc_column_text]Starigrad Paklenica ist ein malerisches, altdalmatinisches K\u00fcstenst\u00e4dtchen am Fu\u00dfe des gr\u00f6\u00dften Gebirgszuges Kroatiens \u2013 des Velebits -, etwa 40 km n\u00f6rdlich von Zadar entfernt. Der Ort entstand auf den Fundamenten der [&hellip;]\" \/>\n<meta property=\"og:url\" content=\"https:\/\/pansion-ivan.com\/starigrad-paklenica\/\" \/>\n<meta property=\"og:site_name\" content=\"Pansion Ivan\" \/>\n<meta property=\"article:modified_time\" content=\"2021-05-11T14:23:23+00:00\" \/>\n<meta name=\"twitter:card\" content=\"summary_large_image\" \/>\n<meta name=\"twitter:label1\" content=\"Gesch\u00e4tzte Lesezeit\" \/>\n\t<meta name=\"twitter:data1\" content=\"5\u00a0Minuten\" \/>\n<script type=\"application\/ld+json\" class=\"yoast-schema-graph\">{\"@context\":\"https:\/\/schema.org\",\"@graph\":[{\"@type\":\"WebSite\",\"@id\":\"https:\/\/pansion-ivan.com\/#website\",\"url\":\"https:\/\/pansion-ivan.com\/\",\"name\":\"Pansion Ivan\",\"description\":\"Starigrad Paklenica\",\"potentialAction\":[{\"@type\":\"SearchAction\",\"target\":{\"@type\":\"EntryPoint\",\"urlTemplate\":\"https:\/\/pansion-ivan.com\/?s={search_term_string}\"},\"query-input\":\"required name=search_term_string\"}],\"inLanguage\":\"de\"},{\"@type\":\"WebPage\",\"@id\":\"https:\/\/pansion-ivan.com\/starigrad-paklenica\/#webpage\",\"url\":\"https:\/\/pansion-ivan.com\/starigrad-paklenica\/\",\"name\":\"Starigrad Paklenica - Pansion Ivan\",\"isPartOf\":{\"@id\":\"https:\/\/pansion-ivan.com\/#website\"},\"datePublished\":\"2017-01-15T02:24:17+00:00\",\"dateModified\":\"2021-05-11T14:23:23+00:00\",\"breadcrumb\":{\"@id\":\"https:\/\/pansion-ivan.com\/starigrad-paklenica\/#breadcrumb\"},\"inLanguage\":\"de\",\"potentialAction\":[{\"@type\":\"ReadAction\",\"target\":[\"https:\/\/pansion-ivan.com\/starigrad-paklenica\/\"]}]},{\"@type\":\"BreadcrumbList\",\"@id\":\"https:\/\/pansion-ivan.com\/starigrad-paklenica\/#breadcrumb\",\"itemListElement\":[{\"@type\":\"ListItem\",\"position\":1,\"name\":\"Home\",\"item\":\"https:\/\/pansion-ivan.com\/\"},{\"@type\":\"ListItem\",\"position\":2,\"name\":\"Starigrad Paklenica\"}]}]}<\/script>\n<!-- \/ Yoast SEO plugin. -->","_links":{"self":[{"href":"https:\/\/pansion-ivan.com\/de\/wp-json\/wp\/v2\/pages\/1003"}],"collection":[{"href":"https:\/\/pansion-ivan.com\/de\/wp-json\/wp\/v2\/pages"}],"about":[{"href":"https:\/\/pansion-ivan.com\/de\/wp-json\/wp\/v2\/types\/page"}],"author":[{"embeddable":true,"href":"https:\/\/pansion-ivan.com\/de\/wp-json\/wp\/v2\/users\/1"}],"replies":[{"embeddable":true,"href":"https:\/\/pansion-ivan.com\/de\/wp-json\/wp\/v2\/comments?post=1003"}],"version-history":[{"count":30,"href":"https:\/\/pansion-ivan.com\/de\/wp-json\/wp\/v2\/pages\/1003\/revisions"}],"predecessor-version":[{"id":1534,"href":"https:\/\/pansion-ivan.com\/de\/wp-json\/wp\/v2\/pages\/1003\/revisions\/1534"}],"wp:attachment":[{"href":"https:\/\/pansion-ivan.com\/de\/wp-json\/wp\/v2\/media?parent=1003"}],"curies":[{"name":"wp","href":"https:\/\/api.w.org\/{rel}","templated":true}]}}